{"id":763984,"date":"2025-08-28T10:57:47","date_gmt":"2025-08-28T07:57:47","guid":{"rendered":"https:\/\/roveyayinevi.com.tr\/index.php\/urun\/farsca-turkce-turkce-farsca-resimli-sozluk\/"},"modified":"2026-04-15T03:29:49","modified_gmt":"2026-04-15T00:29:49","slug":"farsca-turkce-turkce-farsca-resimli-sozluk","status":"publish","type":"product","link":"https:\/\/roveyayinevi.com.tr\/index.php\/urun\/farsca-turkce-turkce-farsca-resimli-sozluk\/","title":{"rendered":"Fars\u00e7a &#8211; T\u00fcrk\u00e7e &amp; T\u00fcrk\u00e7e &#8211; Fars\u00e7a Resimli  S\u00f6zl\u00fck"},"content":{"rendered":"<p>Fars\u00e7a &#8211; T\u00fcrk\u00e7e T\u00fcrk\u00e7e &#8211; Fars\u00e7a Resimli S\u00f6zl\u00fckEn Pratik, \u00d6nemli ve Temel Kelimeler T\u00fcm Fars\u00e7a Kelimelerin Telaffuzu ile<\/p>\n","protected":false},"excerpt":{"rendered":"<p>Fars\u00e7a &#8211; T\u00fcrk\u00e7e T\u00fcrk\u00e7e &#8211; Fars\u00e7a Resimli S\u00f6zl\u00fckEn Pratik, \u00d6nemli ve Temel Kelimeler T\u00fcm Fars\u00e7a Kelimelerin Telaffuzu ile<\/p>\n","protected":false},"featured_media":0,"template":"","meta":{"_monsterinsights_skip_tracking":false,"_monsterinsights_sitenote_active":false,"_monsterinsights_sitenote_note":"","_monsterinsights_sitenote_category":0},"product_brand":[],"product_cat":[12566,13611],"product_tag":[],"class_list":{"0":"post-763984","1":"product","2":"type-product","3":"status-publish","5":"product_cat-egitim","6":"product_cat-sozlukler-ve-konusma-kilavuzlari","7":"pa_cilt-ciltsiz","8":"pa_tur-kitap","9":"pa_yayinevi-astana-yayinlari","10":"pa_yazar-ahmad-jabbari","12":"first","13":"instock","14":"sale","15":"shipping-taxable","16":"purchasable","17":"product-type-simple"},"_links":{"self":[{"href":"https:\/\/roveyayinevi.com.tr\/index.php\/wp-json\/wp\/v2\/product\/763984","targetHints":{"allow":["GET"]}}],"collection":[{"href":"https:\/\/roveyayinevi.com.tr\/index.php\/wp-json\/wp\/v2\/product"}],"about":[{"href":"https:\/\/roveyayinevi.com.tr\/index.php\/wp-json\/wp\/v2\/types\/product"}],"wp:attachment":[{"href":"https:\/\/roveyayinevi.com.tr\/index.php\/wp-json\/wp\/v2\/media?parent=763984"}],"wp:term":[{"taxonomy":"product_brand","embeddable":true,"href":"https:\/\/roveyayinevi.com.tr\/index.php\/wp-json\/wp\/v2\/product_brand?post=763984"},{"taxonomy":"product_cat","embeddable":true,"href":"https:\/\/roveyayinevi.com.tr\/index.php\/wp-json\/wp\/v2\/product_cat?post=763984"},{"taxonomy":"product_tag","embeddable":true,"href":"https:\/\/roveyayinevi.com.tr\/index.php\/wp-json\/wp\/v2\/product_tag?post=763984"}],"curies":[{"name":"wp","href":"https:\/\/api.w.org\/{rel}","templated":true}]}}