{"id":763982,"date":"2025-08-28T10:57:45","date_gmt":"2025-08-28T07:57:45","guid":{"rendered":"https:\/\/roveyayinevi.com.tr\/index.php\/urun\/turkiyenin-birligi\/"},"modified":"2026-04-15T03:29:49","modified_gmt":"2026-04-15T00:29:49","slug":"turkiyenin-birligi","status":"publish","type":"product","link":"https:\/\/roveyayinevi.com.tr\/index.php\/urun\/turkiyenin-birligi\/","title":{"rendered":"T\u00fcrkiye\u2019nin Birli\u011fi"},"content":{"rendered":"<p>T\u00fcrkiye Cumhuriyeti&#8217;nin \u00fclkesi ve milletiyle b\u00f6l\u00fcnmez b\u00fct\u00fcnl\u00fc\u011f\u00fc, bir anayasa ilkesi olarak \u00e7eyrek y\u00fczy\u0131l\u0131 a\u015fk\u0131n bir s\u00fcre boyunca T\u00fcrk Devleti\u2019nin b\u00f6l\u00fcnmeden ve da\u011f\u0131lmadan bug\u00fcnlere gelmesini sa\u011flayan \u00f6nemli bir hukuk ilkesidir. Bu ilke T\u00fcrkiye&#8217;nin birli\u011fini ifade etmekte ve devletin millet ve \u00fclke ile olan b\u00fct\u00fcnl\u00fc\u011f\u00fcn\u00fc uluslararas\u0131 hukuk do\u011frultusunda korumaktad\u0131r.Atalar\u0131n\u0131 ba\u011f\u0131ms\u0131z bir T\u00fcrk devleti kurmak u\u011fruna \u015fehit veren T\u00fcrk ulusunun, onlardan kendisine miras kalan anavatan\u0131n\u0131 sonuna kadar koruyaca\u011f\u0131 ve en az bat\u0131n\u0131n \u00f6nde gelen ulus devletleri gibi, her t\u00fcrl\u00fc sald\u0131r\u0131ya kar\u015f\u0131 ulusal bir refleks ile sahip oldu\u011fu kazan\u0131lm\u0131\u015f haklar\u0131n\u0131 savunaca\u011f\u0131 a\u00e7\u0131kt\u0131r. Bu kitap, bir anayasa ilkesi do\u011frultusunda haz\u0131rlanm\u0131\u015f ve T\u00fcrkiye Cumhuriyeti devletinin \u00fclkesi ve milletiyle b\u00f6l\u00fcnmez bir b\u00fct\u00fcn oldu\u011funu bug\u00fcn\u00fcn gen\u00e7 ku\u015faklar\u0131na anlatmak \u00fczere kaleme al\u0131nm\u0131\u015ft\u0131r. T\u00fcrkiye&#8217;nin birli\u011fi ge\u00e7ici de\u011fil ama kal\u0131c\u0131 bir temel yap\u0131d\u0131r. T\u00fcrkiye Cumhuriyeti ilelebet payidar kald\u0131k\u00e7a, T\u00fcrkiye&#8217;nin birli\u011fi de devam edecektir.<\/p>\n","protected":false},"excerpt":{"rendered":"<p>T\u00fcrkiye Cumhuriyeti&#8217;nin \u00fclkesi ve milletiyle b\u00f6l\u00fcnmez b\u00fct\u00fcnl\u00fc\u011f\u00fc, bir anayasa ilkesi olarak \u00e7eyrek y\u00fczy\u0131l\u0131 a\u015fk\u0131n bir s\u00fcre boyunca T\u00fcrk Devleti\u2019nin b\u00f6l\u00fcnmeden ve da\u011f\u0131lmadan bug\u00fcnlere gelmesini sa\u011flayan \u00f6nemli<span class=\"excerpt-hellip\"> [\u2026]<\/span><\/p>\n","protected":false},"featured_media":0,"template":"","meta":{"_monsterinsights_skip_tracking":false,"_monsterinsights_sitenote_active":false,"_monsterinsights_sitenote_note":"","_monsterinsights_sitenote_category":0},"product_brand":[],"product_cat":[12337],"product_tag":[],"class_list":{"0":"post-763982","1":"product","2":"type-product","3":"status-publish","5":"product_cat-politika-siyaset","6":"pa_cilt-ciltsiz","7":"pa_tur-kitap","8":"pa_yayinevi-astana-yayinlari","9":"pa_yazar-anil-cecen","11":"first","12":"instock","13":"sale","14":"shipping-taxable","15":"purchasable","16":"product-type-simple"},"_links":{"self":[{"href":"https:\/\/roveyayinevi.com.tr\/index.php\/wp-json\/wp\/v2\/product\/763982","targetHints":{"allow":["GET"]}}],"collection":[{"href":"https:\/\/roveyayinevi.com.tr\/index.php\/wp-json\/wp\/v2\/product"}],"about":[{"href":"https:\/\/roveyayinevi.com.tr\/index.php\/wp-json\/wp\/v2\/types\/product"}],"wp:attachment":[{"href":"https:\/\/roveyayinevi.com.tr\/index.php\/wp-json\/wp\/v2\/media?parent=763982"}],"wp:term":[{"taxonomy":"product_brand","embeddable":true,"href":"https:\/\/roveyayinevi.com.tr\/index.php\/wp-json\/wp\/v2\/product_brand?post=763982"},{"taxonomy":"product_cat","embeddable":true,"href":"https:\/\/roveyayinevi.com.tr\/index.php\/wp-json\/wp\/v2\/product_cat?post=763982"},{"taxonomy":"product_tag","embeddable":true,"href":"https:\/\/roveyayinevi.com.tr\/index.php\/wp-json\/wp\/v2\/product_tag?post=763982"}],"curies":[{"name":"wp","href":"https:\/\/api.w.org\/{rel}","templated":true}]}}