{"id":763981,"date":"2025-08-28T10:57:43","date_gmt":"2025-08-28T07:57:43","guid":{"rendered":"https:\/\/roveyayinevi.com.tr\/index.php\/urun\/cocuklara-nezaket-dersleri\/"},"modified":"2026-04-15T03:29:49","modified_gmt":"2026-04-15T00:29:49","slug":"cocuklara-nezaket-dersleri","status":"publish","type":"product","link":"https:\/\/roveyayinevi.com.tr\/index.php\/urun\/cocuklara-nezaket-dersleri\/","title":{"rendered":"\u00c7ocuklara Nezaket Dersleri"},"content":{"rendered":"<p>\u00c7al\u0131\u015fmam\u0131z\u0131n muhtevas\u0131n\u0131 olu\u015fturan, Ahmet Tevfik\u2019in \u201c\u00c7ocuklara Nez\u00e2ket Dersleri\u201d isimli eseri ile \u201cYeni Mektep Dergisi\u201dnde yer alan makaleleri d\u00f6nemi i\u00e7in, sosyal ya\u015fam ve e\u011fitim- \u00f6\u011fretim a\u00e7\u0131s\u0131ndan k\u0131smen belge niteli\u011findedir. Yazar\u0131m\u0131z d\u00f6neminin \u015fartlar\u0131nda nez\u00e2ket kurallar\u0131n\u0131 anlat\u0131rken ayn\u0131 zamanda mektep dersleri, t\u00f6renler ve \u00e7ocu\u011fun g\u00fcnl\u00fck ya\u015fam\u0131ndan kesitler vererek nerede ne \u015fekilde davranmas\u0131 gerekti\u011fi ile ilgili bilgiler vermi\u015ftir. Bu \u00e7al\u0131\u015fma, okuyucusunu bir boyutuyla Ahmet Tevfik G\u00f6ymen\u2019in \u201czira\u00ee jeoloji ve zira\u00ee meteoroloji\u201dden farkl\u0131 bir \u00e7al\u0131\u015fmas\u0131na; di\u011fer boyutuyla da eserin yaz\u0131ld\u0131\u011f\u0131 d\u00f6neme tan\u0131kl\u0131\u011fa davet ediyor.<\/p>\n","protected":false},"excerpt":{"rendered":"<p>\u00c7al\u0131\u015fmam\u0131z\u0131n muhtevas\u0131n\u0131 olu\u015fturan, Ahmet Tevfik\u2019in \u201c\u00c7ocuklara Nez\u00e2ket Dersleri\u201d isimli eseri ile \u201cYeni Mektep Dergisi\u201dnde yer alan makaleleri d\u00f6nemi i\u00e7in, sosyal ya\u015fam ve e\u011fitim- \u00f6\u011fretim a\u00e7\u0131s\u0131ndan k\u0131smen<span class=\"excerpt-hellip\"> [\u2026]<\/span><\/p>\n","protected":false},"featured_media":0,"template":"","meta":{"_monsterinsights_skip_tracking":false,"_monsterinsights_sitenote_active":false,"_monsterinsights_sitenote_note":"","_monsterinsights_sitenote_category":0},"product_brand":[],"product_cat":[12567,12566],"product_tag":[],"class_list":{"0":"post-763981","1":"product","2":"type-product","3":"status-publish","5":"product_cat-diger-egitim","6":"product_cat-egitim","7":"pa_cilt-ciltsiz","8":"pa_tur-kitap","9":"pa_yayinevi-astana-yayinlari","10":"pa_yazar-ahmed-tevfik-goymen-yayina-hazirlayan-ayse-farsakoglu-eroglu","12":"first","13":"instock","14":"sale","15":"shipping-taxable","16":"purchasable","17":"product-type-simple"},"_links":{"self":[{"href":"https:\/\/roveyayinevi.com.tr\/index.php\/wp-json\/wp\/v2\/product\/763981","targetHints":{"allow":["GET"]}}],"collection":[{"href":"https:\/\/roveyayinevi.com.tr\/index.php\/wp-json\/wp\/v2\/product"}],"about":[{"href":"https:\/\/roveyayinevi.com.tr\/index.php\/wp-json\/wp\/v2\/types\/product"}],"wp:attachment":[{"href":"https:\/\/roveyayinevi.com.tr\/index.php\/wp-json\/wp\/v2\/media?parent=763981"}],"wp:term":[{"taxonomy":"product_brand","embeddable":true,"href":"https:\/\/roveyayinevi.com.tr\/index.php\/wp-json\/wp\/v2\/product_brand?post=763981"},{"taxonomy":"product_cat","embeddable":true,"href":"https:\/\/roveyayinevi.com.tr\/index.php\/wp-json\/wp\/v2\/product_cat?post=763981"},{"taxonomy":"product_tag","embeddable":true,"href":"https:\/\/roveyayinevi.com.tr\/index.php\/wp-json\/wp\/v2\/product_tag?post=763981"}],"curies":[{"name":"wp","href":"https:\/\/api.w.org\/{rel}","templated":true}]}}