{"id":763979,"date":"2025-08-28T10:57:40","date_gmt":"2025-08-28T07:57:40","guid":{"rendered":"https:\/\/roveyayinevi.com.tr\/index.php\/urun\/21-yuzyilda-ipek-yolunun-jeopolitik-yukselisi\/"},"modified":"2026-04-15T03:29:48","modified_gmt":"2026-04-15T00:29:48","slug":"21-yuzyilda-ipek-yolunun-jeopolitik-yukselisi","status":"publish","type":"product","link":"https:\/\/roveyayinevi.com.tr\/index.php\/urun\/21-yuzyilda-ipek-yolunun-jeopolitik-yukselisi\/","title":{"rendered":"21. Y\u00fczy\u0131lda \u0130pek Yolu\u2019nun Jeopolitik Y\u00fckseli\u015fi"},"content":{"rendered":"<p>\u0130pek Yolu sadece tarihi bir ticaret yolu de\u011fil, jeopolitik bir eksendir. Bu yola sahip olmak ya da bir k\u0131sm\u0131n\u0131 kontrol etmek tarihte oldu\u011fu gibi g\u00fcn\u00fcm\u00fczde de siyasi, ekonomik ya da stratejik \u00f6nem arz etmektedir. Bu y\u00fczden bir \u00e7ok devlet bu yolu yeniden farkl\u0131 ara\u00e7larla in\u015fa etmeye \u00e7al\u0131\u015fmakta ve n\u00fcfuzunu art\u0131rmak \u00fczere giri\u015fimlerde bulunmaktad\u0131r. \u0130pek Yolu art\u0131k tarihte develerle, atlarla gidilen nostaljik bir ticaret yolu de\u011fil, h\u0131zl\u0131 trenlerle, modern yollarla katedilen 21. y\u00fczy\u0131l\u0131n m\u00fccadele alan\u0131d\u0131r. Bu alan \u00c7in&#8217;in ekonomik ve askeri g\u00fcvenli\u011fi, Avrupa&#8217;n\u0131n ticari ili\u015fkileri, ABD&#8217;nin hegemonyas\u0131n\u0131, T\u00fcrkistan&#8217;\u0131n ise bug\u00fcn\u00fcn\u00fc ve yar\u0131n\u0131n\u0131 ilgilendiren bir aland\u0131r. Bu y\u00fczy\u0131l \u0130pek Yolu \u00fczerindeki jeopolitik rekabetin y\u00fczy\u0131l\u0131 olacakt\u0131r.<\/p>\n","protected":false},"excerpt":{"rendered":"<p>\u0130pek Yolu sadece tarihi bir ticaret yolu de\u011fil, jeopolitik bir eksendir. Bu yola sahip olmak ya da bir k\u0131sm\u0131n\u0131 kontrol etmek tarihte oldu\u011fu gibi g\u00fcn\u00fcm\u00fczde de<span class=\"excerpt-hellip\"> [\u2026]<\/span><\/p>\n","protected":false},"featured_media":0,"template":"","meta":{"_monsterinsights_skip_tracking":false,"_monsterinsights_sitenote_active":false,"_monsterinsights_sitenote_note":"","_monsterinsights_sitenote_category":0},"product_brand":[],"product_cat":[12370,12304],"product_tag":[],"class_list":{"0":"post-763979","1":"product","2":"type-product","3":"status-publish","5":"product_cat-arastirma-inceleme","6":"product_cat-tarih","7":"pa_cilt-ciltsiz","8":"pa_tur-kitap","9":"pa_yayinevi-astana-yayinlari","10":"pa_yazar-murat-donmez","12":"first","13":"instock","14":"sale","15":"shipping-taxable","16":"purchasable","17":"product-type-simple"},"_links":{"self":[{"href":"https:\/\/roveyayinevi.com.tr\/index.php\/wp-json\/wp\/v2\/product\/763979","targetHints":{"allow":["GET"]}}],"collection":[{"href":"https:\/\/roveyayinevi.com.tr\/index.php\/wp-json\/wp\/v2\/product"}],"about":[{"href":"https:\/\/roveyayinevi.com.tr\/index.php\/wp-json\/wp\/v2\/types\/product"}],"wp:attachment":[{"href":"https:\/\/roveyayinevi.com.tr\/index.php\/wp-json\/wp\/v2\/media?parent=763979"}],"wp:term":[{"taxonomy":"product_brand","embeddable":true,"href":"https:\/\/roveyayinevi.com.tr\/index.php\/wp-json\/wp\/v2\/product_brand?post=763979"},{"taxonomy":"product_cat","embeddable":true,"href":"https:\/\/roveyayinevi.com.tr\/index.php\/wp-json\/wp\/v2\/product_cat?post=763979"},{"taxonomy":"product_tag","embeddable":true,"href":"https:\/\/roveyayinevi.com.tr\/index.php\/wp-json\/wp\/v2\/product_tag?post=763979"}],"curies":[{"name":"wp","href":"https:\/\/api.w.org\/{rel}","templated":true}]}}