{"id":763977,"date":"2025-08-28T10:57:38","date_gmt":"2025-08-28T07:57:38","guid":{"rendered":"https:\/\/roveyayinevi.com.tr\/index.php\/urun\/devlet-ve-insan-haklari-perspektifinde-hukuk-ve-sinema\/"},"modified":"2026-04-15T03:29:48","modified_gmt":"2026-04-15T00:29:48","slug":"devlet-ve-insan-haklari-perspektifinde-hukuk-ve-sinema","status":"publish","type":"product","link":"https:\/\/roveyayinevi.com.tr\/index.php\/urun\/devlet-ve-insan-haklari-perspektifinde-hukuk-ve-sinema\/","title":{"rendered":"Devlet ve \u0130nsan Haklar\u0131 Perspektifinde Hukuk ve Sinema"},"content":{"rendered":"<p>Disiplinler aras\u0131 bir \u00e7al\u0131\u015fma olan bu kitap, hukuku anlamak ve anlamland\u0131rmak i\u00e7in \u00e7er\u00e7evenin d\u0131\u015f\u0131na \u00e7\u0131kma, hukuku farkl\u0131 bir disiplinin g\u00f6z\u00fcyle okuma giri\u015fimidir. Hukuk ve sanat ba\u011flam\u0131ndan hareketle hukuk ve sinema \u00fczerine haz\u0131rlanan kitab\u0131n, her iki disiplinin ili\u015fki ve etkile\u015fimi \u00fczerine \u00e7al\u0131\u015facaklar i\u00e7in ba\u015fvurulacak bir kaynak olu\u015fturmas\u0131 ve sineman\u0131n hukuk \u00f6\u011fretiminde bir y\u00f6ntem olarak yerini sa\u011flamla\u015ft\u0131rmas\u0131 i\u00e7in i\u015flevsel bir ad\u0131m olmas\u0131 \u00fcmit edilmektedir.<\/p><\/div>\n<p><\/div>\n<p>Hukuk ve sinema \u00f6zelinde hukuk ve sanat ba\u011flant\u0131s\u0131na ili\u015fkin somut g\u00f6r\u00fcn\u00fcmler sunan bu \u00e7al\u0131\u015fma, okuyucunun soyut ve karma\u015f\u0131k hukuk alanlar\u0131 aras\u0131nda ba\u015f\u0131 \u00e7eken devlet ve insan haklar\u0131 kuramlar\u0131na sinema penceresinden bakabilece\u011fi bir alan a\u00e7maktad\u0131r. Hukuki kavram ve olgulara sanat\u00e7\u0131lar\u0131n (sinemac\u0131lar\u0131n) g\u00f6z\u00fcyle bakmak ve tabiri caizse s\u0131k\u0131\u015f\u0131p kalan ve art\u0131k kendini tekrar etme tehlikesiyle y\u00fcz y\u00fcze olan \u00f6\u011fretiye yeni bak\u0131\u015f a\u00e7\u0131lar\u0131 sunmak, esas amac\u0131d\u0131r.<\/p><\/div>\n<p><\/div>\n<p>Sinema \u00f6zelinde sanat\u0131n, devlet ve insan haklar\u0131 \u00f6zelinde hukuka yans\u0131malar\u0131na \u0131\u015f\u0131k tutmay\u0131 ve birbirilerinin tan\u0131mlay\u0131c\u0131 ve tamamlay\u0131c\u0131 unsurlar\u0131n\u0131 bilimsel ve analitik bir \u00e7er\u00e7eveye oturtmay\u0131 gaye edinen bu kitapta, Genel Kamu Hukuku\u2019nun iki temel sacaya\u011f\u0131 olan Devlet Kuram\u0131 ve \u0130nsan Haklar\u0131\u2019n\u0131n genel konseptini olu\u015fturan konular\u0131n sinema ile kesi\u015fimleri kamu hukuku y\u00f6n\u00fcyle ara\u015ft\u0131r\u0131lm\u0131\u015f ve var\u0131lan sonu\u00e7lar ortaya konmu\u015ftur. B\u00f6ylece, birer sosyal bilim olarak hukuk ve sineman\u0131n kar\u015f\u0131l\u0131kl\u0131 etkile\u015fimi ve sineman\u0131n temsil ve anlat\u0131 boyutuyla hukuka katk\u0131s\u0131, devlet ve insan haklar\u0131 alanlar\u0131nda incelenmi\u015ftir.<\/p><\/div>\n<p><\/div>\n<p>Kitap, \u00fc\u00e7 b\u00f6l\u00fcmden olu\u015fmaktad\u0131r. Birinci b\u00f6l\u00fcmde, hukuk ve sanat ili\u015fkisi ortaya konularak s\u00f6z sinemaya getirilmi\u015ftir. \u0130kinci b\u00f6l\u00fcmde devlet teorisi ve sinema, \u00fc\u00e7\u00fcnc\u00fc b\u00f6l\u00fcmde insan haklar\u0131 ve sinema ili\u015fkisi ve etkile\u015fimine, film tahlilleri e\u015fli\u011finde belirlenen t\u00fcm y\u00f6nleriyle de\u011finilmi\u015ftir.<\/p>\n","protected":false},"excerpt":{"rendered":"<p>Disiplinler aras\u0131 bir \u00e7al\u0131\u015fma olan bu kitap, hukuku anlamak ve anlamland\u0131rmak i\u00e7in \u00e7er\u00e7evenin d\u0131\u015f\u0131na \u00e7\u0131kma, hukuku farkl\u0131 bir disiplinin g\u00f6z\u00fcyle okuma giri\u015fimidir. Hukuk ve sanat ba\u011flam\u0131ndan<span class=\"excerpt-hellip\"> [\u2026]<\/span><\/p>\n","protected":false},"featured_media":0,"template":"","meta":{"_monsterinsights_skip_tracking":false,"_monsterinsights_sitenote_active":false,"_monsterinsights_sitenote_note":"","_monsterinsights_sitenote_category":0},"product_brand":[],"product_cat":[15350,17602],"product_tag":[],"class_list":{"0":"post-763977","1":"product","2":"type-product","3":"status-publish","5":"product_cat-hukuk","6":"product_cat-hukuk-uzerine","7":"pa_cilt-ciltsiz","8":"pa_tur-kitap","9":"pa_yayinevi-astana-yayinlari","10":"pa_yazar-dr-selim-misafir","12":"first","13":"instock","14":"sale","15":"shipping-taxable","16":"purchasable","17":"product-type-simple"},"_links":{"self":[{"href":"https:\/\/roveyayinevi.com.tr\/index.php\/wp-json\/wp\/v2\/product\/763977","targetHints":{"allow":["GET"]}}],"collection":[{"href":"https:\/\/roveyayinevi.com.tr\/index.php\/wp-json\/wp\/v2\/product"}],"about":[{"href":"https:\/\/roveyayinevi.com.tr\/index.php\/wp-json\/wp\/v2\/types\/product"}],"wp:attachment":[{"href":"https:\/\/roveyayinevi.com.tr\/index.php\/wp-json\/wp\/v2\/media?parent=763977"}],"wp:term":[{"taxonomy":"product_brand","embeddable":true,"href":"https:\/\/roveyayinevi.com.tr\/index.php\/wp-json\/wp\/v2\/product_brand?post=763977"},{"taxonomy":"product_cat","embeddable":true,"href":"https:\/\/roveyayinevi.com.tr\/index.php\/wp-json\/wp\/v2\/product_cat?post=763977"},{"taxonomy":"product_tag","embeddable":true,"href":"https:\/\/roveyayinevi.com.tr\/index.php\/wp-json\/wp\/v2\/product_tag?post=763977"}],"curies":[{"name":"wp","href":"https:\/\/api.w.org\/{rel}","templated":true}]}}