{"id":763976,"date":"2025-08-28T10:57:36","date_gmt":"2025-08-28T07:57:36","guid":{"rendered":"https:\/\/roveyayinevi.com.tr\/index.php\/urun\/kapitalizmin-uc-krizi\/"},"modified":"2026-04-15T03:29:48","modified_gmt":"2026-04-15T00:29:48","slug":"kapitalizmin-uc-krizi","status":"publish","type":"product","link":"https:\/\/roveyayinevi.com.tr\/index.php\/urun\/kapitalizmin-uc-krizi\/","title":{"rendered":"Kapitalizmin \u00dc\u00e7 Krizi"},"content":{"rendered":"<p>Kapitalizm, Korona pandemisi i\u00e7inde ya\u015fad\u0131\u011f\u0131m\u0131z \u015fu g\u00fcnlerde, 2008\u2018de girdi\u011fi son krizden tam anlam\u0131yla \u00e7\u0131kabilmi\u015f de\u011fil. Gerek geli\u015fmi\u015f gerekse de az geli\u015fmi\u015f \u00fclkelerin b\u00fcy\u00fcme oranlar\u0131ndan tutun da \u015firketlerin kar oranlar\u0131na, oradan da gelir e\u015fitsizliklerine bak\u0131ld\u0131\u011f\u0131nda 2008 krizinin bir uzun durgunluk d\u00f6neminin ba\u015flang\u0131c\u0131 oldu\u011fu iddia edilebilir. Elinizdeki bu kitap kapitalist sistemin insanl\u0131k tarihindeki en b\u00fcy\u00fck \u00fc\u00e7 krizinin (1929,1973 ve 2008) sebepleri ve sonu\u00e7lar\u0131 \u00fczerine bir deneme. Bu krizlerin, ne kadar insan hatalar\u0131 ne kadar kapitalist sistemin kendine i\u00e7kin \u00e7eli\u015fkiler sonucu ortaya \u00e7\u0131kt\u0131\u011f\u0131n\u0131 irdeliyorum. Umar\u0131m bu \u00e7al\u0131\u015fma, kapitalist sistemin daha \u00f6zg\u00fcr, e\u015fit ve g\u00fcler y\u00fczl\u00fc bir alternatif\u00e7e a\u015f\u0131lmas\u0131 konusunda insanlar\u0131n \u00fcmitlerini tazeler.<\/p>\n","protected":false},"excerpt":{"rendered":"<p>Kapitalizm, Korona pandemisi i\u00e7inde ya\u015fad\u0131\u011f\u0131m\u0131z \u015fu g\u00fcnlerde, 2008\u2018de girdi\u011fi son krizden tam anlam\u0131yla \u00e7\u0131kabilmi\u015f de\u011fil. Gerek geli\u015fmi\u015f gerekse de az geli\u015fmi\u015f \u00fclkelerin b\u00fcy\u00fcme oranlar\u0131ndan tutun da<span class=\"excerpt-hellip\"> [\u2026]<\/span><\/p>\n","protected":false},"featured_media":0,"template":"","meta":{"_monsterinsights_skip_tracking":false,"_monsterinsights_sitenote_active":false,"_monsterinsights_sitenote_note":"","_monsterinsights_sitenote_category":0},"product_brand":[],"product_cat":[13590,12337],"product_tag":[],"class_list":{"0":"post-763976","1":"product","2":"type-product","3":"status-publish","5":"product_cat-arastirma-inceleme-politika-siyaset","6":"product_cat-politika-siyaset","7":"pa_cilt-ciltsiz","8":"pa_tur-kitap","9":"pa_yayinevi-astana-yayinlari","10":"pa_yazar-ozgur-usenmez","12":"first","13":"instock","14":"sale","15":"shipping-taxable","16":"purchasable","17":"product-type-simple"},"_links":{"self":[{"href":"https:\/\/roveyayinevi.com.tr\/index.php\/wp-json\/wp\/v2\/product\/763976","targetHints":{"allow":["GET"]}}],"collection":[{"href":"https:\/\/roveyayinevi.com.tr\/index.php\/wp-json\/wp\/v2\/product"}],"about":[{"href":"https:\/\/roveyayinevi.com.tr\/index.php\/wp-json\/wp\/v2\/types\/product"}],"wp:attachment":[{"href":"https:\/\/roveyayinevi.com.tr\/index.php\/wp-json\/wp\/v2\/media?parent=763976"}],"wp:term":[{"taxonomy":"product_brand","embeddable":true,"href":"https:\/\/roveyayinevi.com.tr\/index.php\/wp-json\/wp\/v2\/product_brand?post=763976"},{"taxonomy":"product_cat","embeddable":true,"href":"https:\/\/roveyayinevi.com.tr\/index.php\/wp-json\/wp\/v2\/product_cat?post=763976"},{"taxonomy":"product_tag","embeddable":true,"href":"https:\/\/roveyayinevi.com.tr\/index.php\/wp-json\/wp\/v2\/product_tag?post=763976"}],"curies":[{"name":"wp","href":"https:\/\/api.w.org\/{rel}","templated":true}]}}