{"id":763975,"date":"2025-08-28T10:57:35","date_gmt":"2025-08-28T07:57:35","guid":{"rendered":"https:\/\/roveyayinevi.com.tr\/index.php\/urun\/goc-eden-kadinlar-ve-kadin-yoksullugu-uzerine-bir-inceleme\/"},"modified":"2026-04-15T03:29:48","modified_gmt":"2026-04-15T00:29:48","slug":"goc-eden-kadinlar-ve-kadin-yoksullugu-uzerine-bir-inceleme","status":"publish","type":"product","link":"https:\/\/roveyayinevi.com.tr\/index.php\/urun\/goc-eden-kadinlar-ve-kadin-yoksullugu-uzerine-bir-inceleme\/","title":{"rendered":"G\u00f6\u00e7 Eden Kad\u0131nlar ve Kad\u0131n Yoksullu\u011fu \u00dczerine Bir \u0130nceleme"},"content":{"rendered":"<p>Kad\u0131n ve g\u00f6\u00e7 olgusunun bir arada yer ald\u0131\u011f\u0131 ve kad\u0131n\u0131n g\u00f6\u00e7 s\u00fcrecinde ya\u015fad\u0131\u011f\u0131 zorluklar\u0131 anlatan bir kitapt\u0131r. Kad\u0131nlara g\u00f6re istihdam politikalar\u0131n\u0131n eksikli\u011fi ve yetersiz sosyal politikalar\u0131n oldu\u011fu, devletin vatanda\u015flar i\u00e7in meslek edindirme konusunda eksik oldu\u011fu, bar\u0131nma, e\u011fitim ve sa\u011fl\u0131k hizmetlerini yeterince sa\u011flanmad\u0131\u011f\u0131 g\u00f6r\u00fclm\u00fc\u015ft\u00fcr. Ayr\u0131ca kad\u0131nlara g\u00f6re yine yoksullu\u011fa neden olan \u00f6nemli unsurlar\u0131n ba\u015f\u0131nda g\u00f6\u00e7 sorunu ve kader geldi\u011fi, sosyal yard\u0131m alan ki\u015filerin mutlaka yoksul olmas\u0131 gerekti\u011fi, ancak sosyal yard\u0131mlar\u0131n insanlar\u0131 tembelle\u015ftirdi\u011fi, yoksul insanlar\u0131n sosyal yard\u0131mlardan memnun olduklar\u0131 ve sosyal yard\u0131mlar\u0131n yoksullar\u0131 \u00e7al\u0131\u015fmaktan al\u0131koydu\u011fu bulunmu\u015ftur.<\/p>\n","protected":false},"excerpt":{"rendered":"<p>Kad\u0131n ve g\u00f6\u00e7 olgusunun bir arada yer ald\u0131\u011f\u0131 ve kad\u0131n\u0131n g\u00f6\u00e7 s\u00fcrecinde ya\u015fad\u0131\u011f\u0131 zorluklar\u0131 anlatan bir kitapt\u0131r. Kad\u0131nlara g\u00f6re istihdam politikalar\u0131n\u0131n eksikli\u011fi ve yetersiz sosyal politikalar\u0131n<span class=\"excerpt-hellip\"> [\u2026]<\/span><\/p>\n","protected":false},"featured_media":0,"template":"","meta":{"_monsterinsights_skip_tracking":false,"_monsterinsights_sitenote_active":false,"_monsterinsights_sitenote_note":"","_monsterinsights_sitenote_category":0},"product_brand":[],"product_cat":[13488],"product_tag":[],"class_list":{"0":"post-763975","1":"product","2":"type-product","3":"status-publish","5":"product_cat-toplum-ve-insan","6":"pa_cilt-ciltsiz","7":"pa_tur-kitap","8":"pa_yayinevi-astana-yayinlari","9":"pa_yazar-dr-fatime-gul-oktay","11":"first","12":"instock","13":"sale","14":"shipping-taxable","15":"purchasable","16":"product-type-simple"},"_links":{"self":[{"href":"https:\/\/roveyayinevi.com.tr\/index.php\/wp-json\/wp\/v2\/product\/763975","targetHints":{"allow":["GET"]}}],"collection":[{"href":"https:\/\/roveyayinevi.com.tr\/index.php\/wp-json\/wp\/v2\/product"}],"about":[{"href":"https:\/\/roveyayinevi.com.tr\/index.php\/wp-json\/wp\/v2\/types\/product"}],"wp:attachment":[{"href":"https:\/\/roveyayinevi.com.tr\/index.php\/wp-json\/wp\/v2\/media?parent=763975"}],"wp:term":[{"taxonomy":"product_brand","embeddable":true,"href":"https:\/\/roveyayinevi.com.tr\/index.php\/wp-json\/wp\/v2\/product_brand?post=763975"},{"taxonomy":"product_cat","embeddable":true,"href":"https:\/\/roveyayinevi.com.tr\/index.php\/wp-json\/wp\/v2\/product_cat?post=763975"},{"taxonomy":"product_tag","embeddable":true,"href":"https:\/\/roveyayinevi.com.tr\/index.php\/wp-json\/wp\/v2\/product_tag?post=763975"}],"curies":[{"name":"wp","href":"https:\/\/api.w.org\/{rel}","templated":true}]}}