{"id":763974,"date":"2025-08-28T10:57:34","date_gmt":"2025-08-28T07:57:34","guid":{"rendered":"https:\/\/roveyayinevi.com.tr\/index.php\/urun\/azerbaycan-turk-felsefi-ve-ictimai-fikir-tarihi-cilt-1\/"},"modified":"2026-04-15T03:29:48","modified_gmt":"2026-04-15T00:29:48","slug":"azerbaycan-turk-felsefi-ve-ictimai-fikir-tarihi-cilt-1","status":"publish","type":"product","link":"https:\/\/roveyayinevi.com.tr\/index.php\/urun\/azerbaycan-turk-felsefi-ve-ictimai-fikir-tarihi-cilt-1\/","title":{"rendered":"Azerbaycan T\u00fcrk Felsefi ve \u0130\u00e7timai Fikir Tarihi Cilt 1"},"content":{"rendered":"<p>&#8220;Azerbaycan T\u00fcrk Felsefi ve \u0130\u00e7timai Fikir Tarihi (XIX-XX. Y\u00fczy\u0131llar)\u201d adl\u0131 kitab\u0131n 1. Cilt\u2019inde XIX. as\u0131r Azerbaycan T\u00fcrk felsefi ve i\u00e7timai fikir d\u00fc\u015f\u00fcncesinin geli\u015fme yollar\u0131ndan ve tan\u0131nm\u0131\u015f Azerbaycan T\u00fcrk m\u00fctefekkirlerinin felsefi d\u00fcnya g\u00f6r\u00fc\u015flerinden bahsedilmektedir. Yazar bu eserde, Azerbaycan T\u00fcrk Felsefi ve \u0130\u00e7timai Fikir Tarihini ve onun geli\u015fme yollar\u0131n\u0131 \u00fc\u00e7 y\u00f6nde tahlil etmi\u015ftir: 1) Azerbaycan&#8217;da Do\u011fu-\u0130slam-T\u00fcrk k\u00fclt\u00fcr\u00fc ve felsefesinin devam\u0131: skolastik felsefeden sek\u00fcler felsefeye, dini d\u00fc\u015f\u00fcnceden sek\u00fcler d\u00fc\u015f\u00fcnceye d\u00f6n\u00fc\u015f (A.A. Bak\u0131hanov, Z. \u015eirvani, G. Zakir, M. M. Nevvab, Heyran Han\u0131m, S. A. Nebati, E.Ahundo\u011flu, M. H. Nigari ve di\u011ferleri); 2) Azerbaycan&#8217;da Bat\u0131 Avrupa k\u00fclt\u00fcr\u00fc ve felsefesinin olu\u015fumu: Avrupac\u0131l\u0131\u011f\u0131n etkisinden radikal-ink\u0131lap\u00e7\u0131 felsefeye do\u011fru (M. \u015e.Vazeh, T.Z. G\u00fcrratul-Eyn, M.M. Kaz\u0131mbey, M.F. Ahundzade, N.Vezirov, Z.Maragali ve di\u011ferleri); 3) Azerbaycan&#8217;da Do\u011fu-\u0130slam-T\u00fcrk felsefesi ile Bat\u0131-Avrupa felsefesinin sentezi sorunu ve \u00e7\u00f6z\u00fcm yollar\u0131 (C.Afgani, H.Zerdabi, S. A. \u015eirvani, M. A. Talib zade ve di\u011ferleri). Kitaptan Azerbaycan T\u00fcrk felsefesi tarihi, T\u00fcrk k\u00fclt\u00fcr\u00fc, T\u00fcrk edebiyat\u0131 ve T\u00fcrk tarihi ile ilgilenenler, \u00f6zellikle de Azerbaycan T\u00fcrk felsefesinin umum T\u00fcrk felsefesinde yerini ara\u015ft\u0131ranlar ve geni\u015f okuyucu kitlesi faydalana bilir.<\/p>\n","protected":false},"excerpt":{"rendered":"<p>&#8220;Azerbaycan T\u00fcrk Felsefi ve \u0130\u00e7timai Fikir Tarihi (XIX-XX. Y\u00fczy\u0131llar)\u201d adl\u0131 kitab\u0131n 1. Cilt\u2019inde XIX. as\u0131r Azerbaycan T\u00fcrk felsefi ve i\u00e7timai fikir d\u00fc\u015f\u00fcncesinin geli\u015fme yollar\u0131ndan ve tan\u0131nm\u0131\u015f<span class=\"excerpt-hellip\"> [\u2026]<\/span><\/p>\n","protected":false},"featured_media":0,"template":"","meta":{"_monsterinsights_skip_tracking":false,"_monsterinsights_sitenote_active":false,"_monsterinsights_sitenote_note":"","_monsterinsights_sitenote_category":0},"product_brand":[],"product_cat":[12388,14717],"product_tag":[],"class_list":{"0":"post-763974","1":"product","2":"type-product","3":"status-publish","5":"product_cat-felsefe","6":"product_cat-felsefe-tarihi","7":"pa_cilt-ciltsiz","8":"pa_tur-kitap","9":"pa_yayinevi-astana-yayinlari","10":"pa_yazar-doc-dr-faik-elekberli","12":"first","13":"instock","14":"sale","15":"shipping-taxable","16":"purchasable","17":"product-type-simple"},"_links":{"self":[{"href":"https:\/\/roveyayinevi.com.tr\/index.php\/wp-json\/wp\/v2\/product\/763974","targetHints":{"allow":["GET"]}}],"collection":[{"href":"https:\/\/roveyayinevi.com.tr\/index.php\/wp-json\/wp\/v2\/product"}],"about":[{"href":"https:\/\/roveyayinevi.com.tr\/index.php\/wp-json\/wp\/v2\/types\/product"}],"wp:attachment":[{"href":"https:\/\/roveyayinevi.com.tr\/index.php\/wp-json\/wp\/v2\/media?parent=763974"}],"wp:term":[{"taxonomy":"product_brand","embeddable":true,"href":"https:\/\/roveyayinevi.com.tr\/index.php\/wp-json\/wp\/v2\/product_brand?post=763974"},{"taxonomy":"product_cat","embeddable":true,"href":"https:\/\/roveyayinevi.com.tr\/index.php\/wp-json\/wp\/v2\/product_cat?post=763974"},{"taxonomy":"product_tag","embeddable":true,"href":"https:\/\/roveyayinevi.com.tr\/index.php\/wp-json\/wp\/v2\/product_tag?post=763974"}],"curies":[{"name":"wp","href":"https:\/\/api.w.org\/{rel}","templated":true}]}}