{"id":763973,"date":"2025-08-28T10:57:32","date_gmt":"2025-08-28T07:57:32","guid":{"rendered":"https:\/\/roveyayinevi.com.tr\/index.php\/urun\/avrupa-insan-haklari-sozlesmesi-hukuku\/"},"modified":"2026-04-15T03:29:48","modified_gmt":"2026-04-15T00:29:48","slug":"avrupa-insan-haklari-sozlesmesi-hukuku","status":"publish","type":"product","link":"https:\/\/roveyayinevi.com.tr\/index.php\/urun\/avrupa-insan-haklari-sozlesmesi-hukuku\/","title":{"rendered":"Avrupa \u0130nsan Haklar\u0131 S\u00f6zle\u015fmesi Hukuku"},"content":{"rendered":"<p>Avrupa \u0130nsan Haklar\u0131 S\u00f6zle\u015fmesi HukukuElinizdeki eser, 22 y\u0131ldan beri farkl\u0131 \u00fcniversitelerde y\u00fcr\u00fctt\u00fc\u011f\u00fcm insan haklar\u0131 hukuku derslerindeki deneyimlerin son \u00fcr\u00fcn\u00fcd\u00fcr. Aradan ge\u00e7en y\u0131llarda hem uygulama hem de kuramsal a\u00e7\u0131dan yeni \u00f6\u011frendiklerimi \u00f6\u011frencilerim ve meslekta\u015flar\u0131ma aktarmaya \u00e7al\u0131\u015ft\u0131m, 2019 Ocak ay\u0131 sonuna kadar ya\u015fanan geli\u015fmeleri, bilimsel yay\u0131nlar\u0131 takipe gayret ettim.Avrupa \u0130nsan Haklar\u0131 S\u00f6zle\u015fmesi Hukuku , okuyucuya insan haklar\u0131 alan\u0131nda kuramsal a\u00e7\u0131dan \u00f6zlii bilgiler sa\u011flamakta ve ba\u015fka bir kayna\u011fa gerek duymaks\u0131z\u0131n tatmin edici bir kazan\u0131m sa\u011flamay\u0131 hedeflemektedir. Ancak kuram ve uygulama bilgisini bir arada bulmak isteyenlere bizim 2018 Kas\u0131m ay\u0131nda yay\u0131nlad\u0131\u011f\u0131 Sorular ve Uygulamas\u0131yla Avrupa \u0130nsan Haklar\u0131 S\u00f6zle\u015fmesi adl\u0131 \u00e7al\u0131\u015fmam\u0131z\u0131 da hat\u0131rlatmak isteriz. \u0130nsan haklar\u0131 hukuku pratik \u00e7al\u0131\u015fmas\u0131 niteli\u011findeki bu ikinci eserimiz, ayn\u0131 zamanda Anayasa Mahkemesine ve A\u0130HM&#8217;e ba\u015fvurularda bir k\u0131lavuz kitap niteli\u011findedir ve bu \u00f6zelli\u011fiyle elinizdeki kitab\u0131n tamamlay\u0131c\u0131s\u0131 \u00f6zelli\u011findedir.Genel kamu hukuku derslerinin bir alt disiplini olarak hukuk fak\u00fcltelerinde okutulmakta olan insan haklar\u0131 dersleri, hem hukuk\u00e7ular hem de kamu y\u00f6neticileri ve ayd\u0131nlar i\u00e7in zengin bir bilgi ve hukuk bilinci kazand\u0131rmaya hizmet etmektedir. Biz bu eserimizde devletin insan haklar\u0131na sayg\u0131s\u0131n\u0131n hukuksal bir y\u00fck\u00fcml\u00fcl\u00fckten \u00f6te, uyulmas\u0131 zorunlu ahlaki bir y\u00fck\u00fcml\u00fcl\u00fck oldu\u011fu zihniyetini esas almaktay\u0131z.<\/p>\n","protected":false},"excerpt":{"rendered":"<p>Avrupa \u0130nsan Haklar\u0131 S\u00f6zle\u015fmesi HukukuElinizdeki eser, 22 y\u0131ldan beri farkl\u0131 \u00fcniversitelerde y\u00fcr\u00fctt\u00fc\u011f\u00fcm insan haklar\u0131 hukuku derslerindeki deneyimlerin son \u00fcr\u00fcn\u00fcd\u00fcr. Aradan ge\u00e7en y\u0131llarda hem uygulama hem de<span class=\"excerpt-hellip\"> [\u2026]<\/span><\/p>\n","protected":false},"featured_media":0,"template":"","meta":{"_monsterinsights_skip_tracking":false,"_monsterinsights_sitenote_active":false,"_monsterinsights_sitenote_note":"","_monsterinsights_sitenote_category":0},"product_brand":[],"product_cat":[15350],"product_tag":[],"class_list":{"0":"post-763973","1":"product","2":"type-product","3":"status-publish","5":"product_cat-hukuk","6":"pa_cilt-ciltsiz","7":"pa_tur-kitap","8":"pa_yayinevi-astana-yayinlari","9":"pa_yazar-prof-dr-ilyas-dogan","11":"first","12":"instock","13":"sale","14":"shipping-taxable","15":"purchasable","16":"product-type-simple"},"_links":{"self":[{"href":"https:\/\/roveyayinevi.com.tr\/index.php\/wp-json\/wp\/v2\/product\/763973","targetHints":{"allow":["GET"]}}],"collection":[{"href":"https:\/\/roveyayinevi.com.tr\/index.php\/wp-json\/wp\/v2\/product"}],"about":[{"href":"https:\/\/roveyayinevi.com.tr\/index.php\/wp-json\/wp\/v2\/types\/product"}],"wp:attachment":[{"href":"https:\/\/roveyayinevi.com.tr\/index.php\/wp-json\/wp\/v2\/media?parent=763973"}],"wp:term":[{"taxonomy":"product_brand","embeddable":true,"href":"https:\/\/roveyayinevi.com.tr\/index.php\/wp-json\/wp\/v2\/product_brand?post=763973"},{"taxonomy":"product_cat","embeddable":true,"href":"https:\/\/roveyayinevi.com.tr\/index.php\/wp-json\/wp\/v2\/product_cat?post=763973"},{"taxonomy":"product_tag","embeddable":true,"href":"https:\/\/roveyayinevi.com.tr\/index.php\/wp-json\/wp\/v2\/product_tag?post=763973"}],"curies":[{"name":"wp","href":"https:\/\/api.w.org\/{rel}","templated":true}]}}