{"id":763971,"date":"2025-08-28T10:57:29","date_gmt":"2025-08-28T07:57:29","guid":{"rendered":"https:\/\/roveyayinevi.com.tr\/index.php\/urun\/iran-vakiflari-dis-politika-arkasindaki-yumusak-guc\/"},"modified":"2026-04-15T03:29:48","modified_gmt":"2026-04-15T00:29:48","slug":"iran-vakiflari-dis-politika-arkasindaki-yumusak-guc","status":"publish","type":"product","link":"https:\/\/roveyayinevi.com.tr\/index.php\/urun\/iran-vakiflari-dis-politika-arkasindaki-yumusak-guc\/","title":{"rendered":"\u0130ran Vak\u0131flar\u0131: D\u0131\u015f Politika Arkas\u0131ndaki Yumu\u015fak G\u00fc\u00e7"},"content":{"rendered":"<p>\u0130ran vak\u0131flar\u0131n\u0131n \u0130ran\u2019\u0131n ekonomisi, i\u00e7 politikas\u0131 ve d\u0131\u015f politikas\u0131ndaki etkisi \u00e7ok b\u00fcy\u00fckt\u00fcr. Baz\u0131 tahminlere g\u00f6re vak\u0131f ve benzeri kurumlar, \u0130ran ekonomisinin %40\u2019\u0131na h\u00e2kimdir. \u0130ran yasalar\u0131 uyar\u0131nca vak\u0131flar vergi \u00f6demekten muaf tutulmu\u015ftur. Ayr\u0131ca di\u011fer kamu veya \u00f6zel kurumlar gibi denetime de tabi de\u011fillerdir. Vak\u0131flar\u0131n maddi a\u00e7\u0131dan g\u00fc\u00e7l\u00fc ve denetlenemez kurumlar olmas\u0131, bu kurumlar\u0131 \u0130ran\u2019\u0131n yurtd\u0131\u015f\u0131 faaliyetlerinde etkili bir konuma getirmektedir. Vak\u0131flar g\u00f6r\u00fcn\u00fc\u015fte \u00f6zg\u00fcrd\u00fcr; ancak derin bir ba\u011fla \u0130ran devletine ba\u011fl\u0131d\u0131r. Bu durum, \u0130ran\u2019\u0131n yurtd\u0131\u015f\u0131nda yumu\u015fak g\u00fc\u00e7 olu\u015fturma politikas\u0131 ba\u011flam\u0131nda vazge\u00e7ilmez bir f\u0131rsat sa\u011flamaktad\u0131r. Bu \u00e7er\u00e7evede \u00e7al\u0131\u015fma iki b\u00f6l\u00fcmden olu\u015fmaktad\u0131r. Birinci k\u0131s\u0131mda yumu\u015fak g\u00fcc\u00fcn d\u0131\u015f politikadaki \u00f6nemine odaklan\u0131lmaktad\u0131r. \u0130kinci k\u0131s\u0131mda, vak\u0131flar\u0131n \u0130ran devleti ve toplumundaki konumunu tart\u0131\u015f\u0131lmakta, daha sonra ise bonyadlar; &#8220;\u0130nsani yard\u0131m vak\u0131flar\u0131\u201d, &#8220;k\u00fclt\u00fcrel vak\u0131flar\u201d ve &#8220;dini vak\u0131flar\u201d olmak \u00fczere \u00fc\u00e7 ayr\u0131 b\u00f6l\u00fcmde incelenmektedir. Her vakf\u0131n kurumsal yap\u0131s\u0131 ve faaliyet alan\u0131 ele al\u0131nmakta, ard\u0131ndan bu kurumlar\u0131n yurtd\u0131\u015f\u0131ndaki etkinlikleri ve \u0130ran d\u0131\u015f politikas\u0131 a\u00e7\u0131s\u0131ndan \u00f6nemi analiz edilmektedir.<\/p>\n","protected":false},"excerpt":{"rendered":"<p>\u0130ran vak\u0131flar\u0131n\u0131n \u0130ran\u2019\u0131n ekonomisi, i\u00e7 politikas\u0131 ve d\u0131\u015f politikas\u0131ndaki etkisi \u00e7ok b\u00fcy\u00fckt\u00fcr. Baz\u0131 tahminlere g\u00f6re vak\u0131f ve benzeri kurumlar, \u0130ran ekonomisinin %40\u2019\u0131na h\u00e2kimdir. \u0130ran yasalar\u0131 uyar\u0131nca<span class=\"excerpt-hellip\"> [\u2026]<\/span><\/p>\n","protected":false},"featured_media":0,"template":"","meta":{"_monsterinsights_skip_tracking":false,"_monsterinsights_sitenote_active":false,"_monsterinsights_sitenote_note":"","_monsterinsights_sitenote_category":0},"product_brand":[],"product_cat":[12337,17225],"product_tag":[],"class_list":{"0":"post-763971","1":"product","2":"type-product","3":"status-publish","5":"product_cat-politika-siyaset","6":"product_cat-uluslararasi-iliskiler","7":"pa_cilt-ciltsiz","8":"pa_tur-kitap","9":"pa_yayinevi-astana-yayinlari","10":"pa_yazar-dr-dinmuhammed-ametbek","12":"first","13":"instock","14":"sale","15":"shipping-taxable","16":"purchasable","17":"product-type-simple"},"_links":{"self":[{"href":"https:\/\/roveyayinevi.com.tr\/index.php\/wp-json\/wp\/v2\/product\/763971","targetHints":{"allow":["GET"]}}],"collection":[{"href":"https:\/\/roveyayinevi.com.tr\/index.php\/wp-json\/wp\/v2\/product"}],"about":[{"href":"https:\/\/roveyayinevi.com.tr\/index.php\/wp-json\/wp\/v2\/types\/product"}],"wp:attachment":[{"href":"https:\/\/roveyayinevi.com.tr\/index.php\/wp-json\/wp\/v2\/media?parent=763971"}],"wp:term":[{"taxonomy":"product_brand","embeddable":true,"href":"https:\/\/roveyayinevi.com.tr\/index.php\/wp-json\/wp\/v2\/product_brand?post=763971"},{"taxonomy":"product_cat","embeddable":true,"href":"https:\/\/roveyayinevi.com.tr\/index.php\/wp-json\/wp\/v2\/product_cat?post=763971"},{"taxonomy":"product_tag","embeddable":true,"href":"https:\/\/roveyayinevi.com.tr\/index.php\/wp-json\/wp\/v2\/product_tag?post=763971"}],"curies":[{"name":"wp","href":"https:\/\/api.w.org\/{rel}","templated":true}]}}