{"id":763967,"date":"2025-08-28T10:57:23","date_gmt":"2025-08-28T07:57:23","guid":{"rendered":"https:\/\/roveyayinevi.com.tr\/index.php\/urun\/islam-dininin-felsefesi\/"},"modified":"2026-04-15T03:29:48","modified_gmt":"2026-04-15T00:29:48","slug":"islam-dininin-felsefesi","status":"publish","type":"product","link":"https:\/\/roveyayinevi.com.tr\/index.php\/urun\/islam-dininin-felsefesi\/","title":{"rendered":"\u0130slam Dininin Felsefesi"},"content":{"rendered":"<p>Din Felsefesi 18. Y\u00fczy\u0131ldaki R\u00f6nesans\u2019tan sonraki s\u00fcre\u00e7te ilk olarak Avrupa\u2019da \u00f6\u011fretilmeye ba\u015flanm\u0131\u015ft\u0131r ve maksad\u0131 dinin de\u011ferlendirilmesinde akl\u0131 kullanmakt\u0131r. Avrupal\u0131 filozoflar, dinin, kendisini ak\u0131l ve ahlak \u00f6n\u00fcnde aklamas\u0131 ve temize \u00e7\u0131karmas\u0131 y\u00f6n\u00fcnde \u00e7a\u011fr\u0131 yapm\u0131\u015flard\u0131r. Bu durum Orta\u00e7a\u011f Avrupas\u0131nda kilise ile bilim aras\u0131ndaki m\u00fccadelenin sonucudur. M\u00fcsl\u00fcman olan do\u011fuda ise bilimle din ve din \u00e2limleri daima uzla\u015f\u0131 i\u00e7inde olmu\u015flard\u0131r. \u0130slam\u2019a g\u00f6re Allah Hak\u00eem\u2019dir. Peygamberimiz Hz. Muhammed de Hak\u00eem\u2019dir. Allah onu insanlara kitap ve hikmeti \u00f6\u011fretmek \u00fczere g\u00f6ndermi\u015ftir. \u0130slam\u2019da hikmet m\u00fcminin yiti\u011fi olarak kabul edilmi\u015ftir. Felsefe hikmet sevgisi demek oldu\u011funa ve hikmet de bir \u015feyin hakikatini bilmek anlam\u0131na geldi\u011fine g\u00f6re, \u0130slam\u2019da hakikati bilmekten daha \u00fcst\u00fcn bir \u015fey, akl\u0131n nurunu kullanman\u0131n yan\u0131 s\u0131ra vahyin ve dinin nurunu kullanmaktan daha faziletli bir i\u015f yoktur. Bu eser gerek Arap \u00e2leminde ve gerek di\u011fer M\u00fcsl\u00fcman \u00fclkelerde \u0130slam Dini Felsefesi alan\u0131nda yap\u0131lm\u0131\u015f ilk ve \u00f6zg\u00fcn bir \u00e7al\u0131\u015fmad\u0131r. Kitapta, \u0130slam\u2019da Allah, Kuran-\u0131 Kerim, Peygamberlik ve Peygamberler, \u0130nsan ve \u0130badet felsefesi ve di\u011fer konular\u0131n felsefi tahlilleri yer almakta olup, yaz\u0131l\u0131\u015f amac\u0131 ise faziletin, \u015fefkat ve g\u00fczel ahlak\u0131n yayg\u0131nla\u015ft\u0131r\u0131lmas\u0131 ve \u0130slam\u2019\u0131n ya\u015fand\u0131\u011f\u0131 b\u00fct\u00fcn toplumlarda g\u00f6r\u00fclen a\u015f\u0131r\u0131l\u0131klar\u0131n sona erdirilmesidir. Bu eserin m\u00fcellifi, k\u0131rk sene \u00fcniversitelerde \u00f6\u011fretim \u00fcyeli\u011fi yapm\u0131\u015ft\u0131r. Musul\u2019da &#8220;\u00dcst\u00e2z-\u0131 Evvel\u201d \u00fcnvan\u0131na lay\u0131k g\u00f6r\u00fclm\u00fc\u015ft\u00fcr. \u00d6\u011fretim \u00fcyeli\u011fi hayat\u0131n\u0131n son alt\u0131 senesini Gaziantep \u00dcniversitesi \u0130lahiyat Fak\u00fcltesinde \u00e7al\u0131\u015farak ge\u00e7irmi\u015ftir. On alt\u0131 adet bas\u0131lm\u0131\u015f ve yay\u0131mlanm\u0131\u015f kitab\u0131 ve seksenden fazla ne\u015fredilmi\u015f ilmi makalesi vard\u0131r. Altm\u0131\u015ftan fazla doktora ve y\u00fcksek lisans tezi y\u00f6netmi\u015ftir. \u0130slam Medeniyeti, \u0130slam Tarihi, E\u011fitim ve \u0130ktisat gibi alanlarda pek \u00e7ok bilimsel katk\u0131lar\u0131 olmu\u015ftur.<\/p>\n","protected":false},"excerpt":{"rendered":"<p>Din Felsefesi 18. Y\u00fczy\u0131ldaki R\u00f6nesans\u2019tan sonraki s\u00fcre\u00e7te ilk olarak Avrupa\u2019da \u00f6\u011fretilmeye ba\u015flanm\u0131\u015ft\u0131r ve maksad\u0131 dinin de\u011ferlendirilmesinde akl\u0131 kullanmakt\u0131r. Avrupal\u0131 filozoflar, dinin, kendisini ak\u0131l ve ahlak \u00f6n\u00fcnde<span class=\"excerpt-hellip\"> [\u2026]<\/span><\/p>\n","protected":false},"featured_media":0,"template":"","meta":{"_monsterinsights_skip_tracking":false,"_monsterinsights_sitenote_active":false,"_monsterinsights_sitenote_note":"","_monsterinsights_sitenote_category":0},"product_brand":[],"product_cat":[12388],"product_tag":[],"class_list":{"0":"post-763967","1":"product","2":"type-product","3":"status-publish","5":"product_cat-felsefe","6":"pa_cilt-ciltsiz","7":"pa_tur-kitap","8":"pa_yayinevi-astana-yayinlari","9":"pa_yazar-dureyd-abdulkadir-nuri-cev-mesut-erdal","11":"first","12":"instock","13":"sale","14":"shipping-taxable","15":"purchasable","16":"product-type-simple"},"_links":{"self":[{"href":"https:\/\/roveyayinevi.com.tr\/index.php\/wp-json\/wp\/v2\/product\/763967","targetHints":{"allow":["GET"]}}],"collection":[{"href":"https:\/\/roveyayinevi.com.tr\/index.php\/wp-json\/wp\/v2\/product"}],"about":[{"href":"https:\/\/roveyayinevi.com.tr\/index.php\/wp-json\/wp\/v2\/types\/product"}],"wp:attachment":[{"href":"https:\/\/roveyayinevi.com.tr\/index.php\/wp-json\/wp\/v2\/media?parent=763967"}],"wp:term":[{"taxonomy":"product_brand","embeddable":true,"href":"https:\/\/roveyayinevi.com.tr\/index.php\/wp-json\/wp\/v2\/product_brand?post=763967"},{"taxonomy":"product_cat","embeddable":true,"href":"https:\/\/roveyayinevi.com.tr\/index.php\/wp-json\/wp\/v2\/product_cat?post=763967"},{"taxonomy":"product_tag","embeddable":true,"href":"https:\/\/roveyayinevi.com.tr\/index.php\/wp-json\/wp\/v2\/product_tag?post=763967"}],"curies":[{"name":"wp","href":"https:\/\/api.w.org\/{rel}","templated":true}]}}