{"id":763966,"date":"2025-08-28T10:57:21","date_gmt":"2025-08-28T07:57:21","guid":{"rendered":"https:\/\/roveyayinevi.com.tr\/index.php\/urun\/turk-devletleri\/"},"modified":"2026-04-15T03:29:48","modified_gmt":"2026-04-15T00:29:48","slug":"turk-devletleri","status":"publish","type":"product","link":"https:\/\/roveyayinevi.com.tr\/index.php\/urun\/turk-devletleri\/","title":{"rendered":"T\u00fcrk Devletleri"},"content":{"rendered":"<p>Bu kitap, T\u00fcrk Devletleri d\u00fczeyinde bir T\u00fcrk tarihi \u00f6zetidir. T\u00fcrkler in tarih sahnesine \u00e7\u0131kt\u0131klar\u0131 d\u00f6nemden g\u00fcn\u00fcm\u00fcze kadar kurulan T\u00fcrk Devletleri kronolojik s\u0131ras\u0131 ile anlat\u0131lm\u0131\u015ft\u0131r. Genel bir giri\u015f b\u00f6l\u00fcm\u00fcnden sonra, tarihteki ba\u015fl\u0131ca T\u00fcrk Devletleri yasad\u0131klar\u0131 \u00f6nemli devletin kurulu\u015f, geli\u015fme ve y\u0131k\u0131l\u0131\u015f s\u00fcre\u00e7leri anlat\u0131ld\u0131ktan sonra, k\u00fclt\u00fcrlerine ve toplumsal yasam d\u00fczenlerine de yer verilmi\u015ftir. \u0130lk b\u00f6l\u00fcmlerde tarihteki b\u00fcy\u00fck T\u00fcrk Devletleri incelendikten sonra, yirminci y\u00fczy\u0131lda ortaya \u00e7\u0131kan T\u00fcrk Cumhuriyetleri de ayr\u0131 b\u00f6l\u00fcmler halinde ele al\u0131nm\u0131\u015ft\u0131r. Kitab\u0131n ana konusu devletler oldu\u011fu i\u00e7in, T\u00fcrk tarihi bir anlamda devlet merkezli olarak a\u00e7\u0131klanmaya \u00e7al\u0131\u015f\u0131lm\u0131\u015ft\u0131r. Yeni bir y\u00fczy\u0131lda, d\u00fcnya farkl\u0131 bir bi\u00e7imde yeniden yap\u0131lan\u0131rken T\u00fcrklerin yayg\u0131n olarak yasad\u0131klar\u0131 Avrasya b\u00f6lgeleri \u00f6ne \u00e7\u0131kmaktad\u0131r. Elinizdeki kitap bu tarihsel ger\u00e7e\u011fi bir kez daha d\u00fcnya kamuoyuna a\u00e7\u0131klamaktad\u0131r. Avrasya, yeni d\u00fcnya d\u00fczeninde T\u00fcrk Devletler i ile temsil edilecektir. Kitab\u0131n haz\u0131rlan\u0131\u015f\u0131 s\u0131ras\u0131nda bir \u00e7ok kaynak incelenmi\u015ftir. Son b\u00f6l\u00fcmde bunlar\u0131n d\u00f6k\u00fcm\u00fc okuyucusunun ilgisine sunulmu\u015ftur. T\u00fcrkiye Cumhuriyeti\u2019nin kurucusu Atat\u00fcrk\u2019\u00fcn bak\u0131\u015f a\u00e7\u0131s\u0131 ile incelenen T\u00fcrk tarihindeki devlet olgusu g\u00fcn\u00fcm\u00fcz\u00fcn yeni ku\u015faklar\u0131n\u0131n bilgisine olabildi\u011fince bilimsel bir anlat\u0131mla sunulmaktad\u0131r.<\/p>\n","protected":false},"excerpt":{"rendered":"<p>Bu kitap, T\u00fcrk Devletleri d\u00fczeyinde bir T\u00fcrk tarihi \u00f6zetidir. T\u00fcrkler in tarih sahnesine \u00e7\u0131kt\u0131klar\u0131 d\u00f6nemden g\u00fcn\u00fcm\u00fcze kadar kurulan T\u00fcrk Devletleri kronolojik s\u0131ras\u0131 ile anlat\u0131lm\u0131\u015ft\u0131r. Genel bir<span class=\"excerpt-hellip\"> [\u2026]<\/span><\/p>\n","protected":false},"featured_media":0,"template":"","meta":{"_monsterinsights_skip_tracking":false,"_monsterinsights_sitenote_active":false,"_monsterinsights_sitenote_note":"","_monsterinsights_sitenote_category":0},"product_brand":[],"product_cat":[12304,13650],"product_tag":[],"class_list":{"0":"post-763966","1":"product","2":"type-product","3":"status-publish","5":"product_cat-tarih","6":"product_cat-turk-tarihi-arastirmalari","7":"pa_cilt-ciltsiz","8":"pa_tur-kitap","9":"pa_yayinevi-astana-yayinlari","10":"pa_yazar-anil-cecen","12":"first","13":"instock","14":"sale","15":"shipping-taxable","16":"purchasable","17":"product-type-simple"},"_links":{"self":[{"href":"https:\/\/roveyayinevi.com.tr\/index.php\/wp-json\/wp\/v2\/product\/763966","targetHints":{"allow":["GET"]}}],"collection":[{"href":"https:\/\/roveyayinevi.com.tr\/index.php\/wp-json\/wp\/v2\/product"}],"about":[{"href":"https:\/\/roveyayinevi.com.tr\/index.php\/wp-json\/wp\/v2\/types\/product"}],"wp:attachment":[{"href":"https:\/\/roveyayinevi.com.tr\/index.php\/wp-json\/wp\/v2\/media?parent=763966"}],"wp:term":[{"taxonomy":"product_brand","embeddable":true,"href":"https:\/\/roveyayinevi.com.tr\/index.php\/wp-json\/wp\/v2\/product_brand?post=763966"},{"taxonomy":"product_cat","embeddable":true,"href":"https:\/\/roveyayinevi.com.tr\/index.php\/wp-json\/wp\/v2\/product_cat?post=763966"},{"taxonomy":"product_tag","embeddable":true,"href":"https:\/\/roveyayinevi.com.tr\/index.php\/wp-json\/wp\/v2\/product_tag?post=763966"}],"curies":[{"name":"wp","href":"https:\/\/api.w.org\/{rel}","templated":true}]}}