{"id":763964,"date":"2025-08-28T10:57:18","date_gmt":"2025-08-28T07:57:18","guid":{"rendered":"https:\/\/roveyayinevi.com.tr\/index.php\/urun\/turkiye-ihracatinin-olum-kalim-meselesi\/"},"modified":"2026-04-15T03:29:48","modified_gmt":"2026-04-15T00:29:48","slug":"turkiye-ihracatinin-olum-kalim-meselesi","status":"publish","type":"product","link":"https:\/\/roveyayinevi.com.tr\/index.php\/urun\/turkiye-ihracatinin-olum-kalim-meselesi\/","title":{"rendered":"T\u00fcrkiye \u0130hracat\u0131n\u0131n \u00d6l\u00fcm-Kal\u0131m Meselesi"},"content":{"rendered":"<p>Dr. Erhan Pi\u015fkin lisans, y\u00fcksek lisans ve doktora programlar\u0131n\u0131 \u0130ktisat alan\u0131nda tamamlam\u0131\u015f olup uluslararas\u0131 iktisat \u00f6zelinde \u00e7al\u0131\u015fmalar yapmaktad\u0131r. Doktora ara\u015ft\u0131rmalar\u0131 esnas\u0131nda \u00e7al\u0131\u015fmalar\u0131na bir s\u00fcre Viyana Ekonomi ve \u0130\u015fletme \u00dcniversitesi\u2019nde devam etmi\u015ftir. Bu \u00e7al\u0131\u015fma da 2018 y\u0131l\u0131nda 10. defa d\u00fczenlenen Prof. Dr. Mehmet Sad\u0131k Acar Bilimsel Ara\u015ft\u0131rmalar ve Lisans\u00fcst\u00fc Tez Yar\u0131\u015fmas\u0131\u2019nda en iyi doktora tezi \u00f6d\u00fcl\u00fcne lay\u0131k g\u00f6r\u00fclen doktora tezinin kitapla\u015ft\u0131r\u0131lmas\u0131 neticesinde geni\u015f kitlelere ula\u015fabilmek gayesiyle sunulmaktad\u0131r. \u00c7al\u0131\u015fman\u0131n temel amac\u0131 T\u00fcrkiye ihracat\u0131n\u0131n s\u00fcreklili\u011fini ortaya koymak ve s\u00fcreklili\u011fine etki eden unsurlar\u0131 analiz etmektir. Bu ba\u011flamda \u00e7al\u0131\u015fman\u0131n y\u00f6ntemi temel olarak iki a\u015famadan olu\u015fmaktad\u0131r. \u0130lk a\u015famada betimleyici istatistiklerle farkl\u0131 \u00fcr\u00fcn kategorileri i\u00e7in T\u00fcrkiye ihracat\u0131n\u0131n s\u00fcreklili\u011fi ne kadard\u0131r? sorusuna sa\u011fkal\u0131m analizi \u00e7er\u00e7evesinde cevap verilmektedir. \u0130kinci a\u015famada ise panel veri analiziyle T\u00fcrkiye ihracat\u0131n\u0131n s\u00fcreklili\u011fini etkileyen unsurlar ortaya konulmakta ve bu unsurlara ili\u015fkin etki d\u00fczeyleri tespit edilmektedir. \u00c7al\u0131\u015fman\u0131n y\u00f6ntemsel \u00f6zg\u00fcnl\u00fc\u011f\u00fc ve elde edilen sonu\u00e7lar\u0131 itibariyle konu ile ilgilenenler a\u00e7\u0131s\u0131ndan bilgilendirici olmas\u0131 beklenmektedir.<\/p>\n","protected":false},"excerpt":{"rendered":"<p>Dr. Erhan Pi\u015fkin lisans, y\u00fcksek lisans ve doktora programlar\u0131n\u0131 \u0130ktisat alan\u0131nda tamamlam\u0131\u015f olup uluslararas\u0131 iktisat \u00f6zelinde \u00e7al\u0131\u015fmalar yapmaktad\u0131r. Doktora ara\u015ft\u0131rmalar\u0131 esnas\u0131nda \u00e7al\u0131\u015fmalar\u0131na bir s\u00fcre Viyana Ekonomi<span class=\"excerpt-hellip\"> [\u2026]<\/span><\/p>\n","protected":false},"featured_media":0,"template":"","meta":{"_monsterinsights_skip_tracking":false,"_monsterinsights_sitenote_active":false,"_monsterinsights_sitenote_note":"","_monsterinsights_sitenote_category":0},"product_brand":[],"product_cat":[13043,14144],"product_tag":[],"class_list":{"0":"post-763964","1":"product","2":"type-product","3":"status-publish","5":"product_cat-ekonomi","6":"product_cat-turkiye-ekonomisi","7":"pa_cilt-ciltsiz","8":"pa_tur-kitap","9":"pa_yayinevi-astana-yayinlari","10":"pa_yazar-erhan-piskin","12":"first","13":"instock","14":"sale","15":"shipping-taxable","16":"purchasable","17":"product-type-simple"},"_links":{"self":[{"href":"https:\/\/roveyayinevi.com.tr\/index.php\/wp-json\/wp\/v2\/product\/763964","targetHints":{"allow":["GET"]}}],"collection":[{"href":"https:\/\/roveyayinevi.com.tr\/index.php\/wp-json\/wp\/v2\/product"}],"about":[{"href":"https:\/\/roveyayinevi.com.tr\/index.php\/wp-json\/wp\/v2\/types\/product"}],"wp:attachment":[{"href":"https:\/\/roveyayinevi.com.tr\/index.php\/wp-json\/wp\/v2\/media?parent=763964"}],"wp:term":[{"taxonomy":"product_brand","embeddable":true,"href":"https:\/\/roveyayinevi.com.tr\/index.php\/wp-json\/wp\/v2\/product_brand?post=763964"},{"taxonomy":"product_cat","embeddable":true,"href":"https:\/\/roveyayinevi.com.tr\/index.php\/wp-json\/wp\/v2\/product_cat?post=763964"},{"taxonomy":"product_tag","embeddable":true,"href":"https:\/\/roveyayinevi.com.tr\/index.php\/wp-json\/wp\/v2\/product_tag?post=763964"}],"curies":[{"name":"wp","href":"https:\/\/api.w.org\/{rel}","templated":true}]}}