{"id":763963,"date":"2025-08-28T10:57:17","date_gmt":"2025-08-28T07:57:17","guid":{"rendered":"https:\/\/roveyayinevi.com.tr\/index.php\/urun\/calisan-kadinlarda-is-aile-yasam-dengesi-ve-tukenmislik\/"},"modified":"2026-04-15T03:29:48","modified_gmt":"2026-04-15T00:29:48","slug":"calisan-kadinlarda-is-aile-yasam-dengesi-ve-tukenmislik","status":"publish","type":"product","link":"https:\/\/roveyayinevi.com.tr\/index.php\/urun\/calisan-kadinlarda-is-aile-yasam-dengesi-ve-tukenmislik\/","title":{"rendered":"\u00c7al\u0131\u015fan Kad\u0131nlarda \u0130\u015f-Aile-Ya\u015fam Dengesi ve T\u00fckenmi\u015flik"},"content":{"rendered":"<p>\u00c7al\u0131\u015fma ya\u015fam\u0131nda kad\u0131nlar\u0131n cinsiyet ve sahip olduklar\u0131 roller nedeniyle daha dezavantajl\u0131 bir konumda olduklar\u0131 g\u00f6r\u00fclmektedir. Bir kad\u0131n \u00e7al\u0131\u015fma ya\u015fam\u0131nda yer al\u0131rken ayn\u0131 zamanda anne, e\u015f, evlat, gelin, abla vs. rollerini de birlikte y\u00fcr\u00fctmek durumunda kalmaktad\u0131r. \u00c7al\u0131\u015fan kad\u0131nlar i\u015f ya\u015fam\u0131nda kendilerine bi\u00e7ilen g\u00f6revleri yerine getirmekte fakat mesai bitiminde ev i\u015fleri, \u00e7ocuk bak\u0131m\u0131, ya\u015fl\u0131 bak\u0131m\u0131 gibi \u00fcstlendikleri sorumluluklar sebebiyle ikinci mesaiye ba\u015flamaktad\u0131rlar. Bu \u015fekilde g\u00fcn\u00fcn\u00fc i\u015f ya\u015fam\u0131, \u00f6zel ya\u015fam ve aile ya\u015fam sorumluluklar\u0131na ay\u0131ran kad\u0131nlar i\u015f ya\u015fam\u0131-\u00f6zel ya\u015fam ve aile ya\u015fam\u0131 aras\u0131ndaki dengeyi sa\u011flamakta g\u00fc\u00e7l\u00fck \u00e7ekebilmektedirler. \u00c7al\u0131\u015fan kad\u0131nlar\u0131n i\u015f ya\u015fam\u0131nda ve aile ya\u015fam\u0131nda kar\u015f\u0131la\u015ft\u0131klar\u0131 sorunlar, alanlar aras\u0131 denge kurma \u00e7abalar\u0131, zihnen veya bedenen eve i\u015fi, i\u015fi ise eve g\u00f6t\u00fcrme sorunsal\u0131 zamanla t\u00fckenmelerine yol a\u00e7maktad\u0131r. \u00c7ocuk sahibi bir kad\u0131n akademisyen olarak ele ald\u0131\u011f\u0131m bu eserimde i\u015f ve aile alanlar\u0131 aras\u0131nda s\u0131n\u0131r ge\u00e7irgenlikleri fazla olan kad\u0131n akademisyenlerin i\u015f-aile-\u00f6zel ya\u015fam aras\u0131ndaki dengeyi kurma a\u015famalar\u0131nda t\u00fckenmelerine y\u00f6nelik analiz ve uyumla\u015ft\u0131rma politikalar\u0131 yer almaktad\u0131r.<\/p>\n","protected":false},"excerpt":{"rendered":"<p>\u00c7al\u0131\u015fma ya\u015fam\u0131nda kad\u0131nlar\u0131n cinsiyet ve sahip olduklar\u0131 roller nedeniyle daha dezavantajl\u0131 bir konumda olduklar\u0131 g\u00f6r\u00fclmektedir. Bir kad\u0131n \u00e7al\u0131\u015fma ya\u015fam\u0131nda yer al\u0131rken ayn\u0131 zamanda anne, e\u015f, evlat,<span class=\"excerpt-hellip\"> [\u2026]<\/span><\/p>\n","protected":false},"featured_media":0,"template":"","meta":{"_monsterinsights_skip_tracking":false,"_monsterinsights_sitenote_active":false,"_monsterinsights_sitenote_note":"","_monsterinsights_sitenote_category":0},"product_brand":[],"product_cat":[13488],"product_tag":[],"class_list":{"0":"post-763963","1":"product","2":"type-product","3":"status-publish","5":"product_cat-toplum-ve-insan","6":"pa_cilt-ciltsiz","7":"pa_tur-kitap","8":"pa_yayinevi-astana-yayinlari","9":"pa_yazar-selin-umutlu","11":"first","12":"instock","13":"sale","14":"shipping-taxable","15":"purchasable","16":"product-type-simple"},"_links":{"self":[{"href":"https:\/\/roveyayinevi.com.tr\/index.php\/wp-json\/wp\/v2\/product\/763963","targetHints":{"allow":["GET"]}}],"collection":[{"href":"https:\/\/roveyayinevi.com.tr\/index.php\/wp-json\/wp\/v2\/product"}],"about":[{"href":"https:\/\/roveyayinevi.com.tr\/index.php\/wp-json\/wp\/v2\/types\/product"}],"wp:attachment":[{"href":"https:\/\/roveyayinevi.com.tr\/index.php\/wp-json\/wp\/v2\/media?parent=763963"}],"wp:term":[{"taxonomy":"product_brand","embeddable":true,"href":"https:\/\/roveyayinevi.com.tr\/index.php\/wp-json\/wp\/v2\/product_brand?post=763963"},{"taxonomy":"product_cat","embeddable":true,"href":"https:\/\/roveyayinevi.com.tr\/index.php\/wp-json\/wp\/v2\/product_cat?post=763963"},{"taxonomy":"product_tag","embeddable":true,"href":"https:\/\/roveyayinevi.com.tr\/index.php\/wp-json\/wp\/v2\/product_tag?post=763963"}],"curies":[{"name":"wp","href":"https:\/\/api.w.org\/{rel}","templated":true}]}}