{"id":763962,"date":"2025-08-28T10:57:16","date_gmt":"2025-08-28T07:57:16","guid":{"rendered":"https:\/\/roveyayinevi.com.tr\/index.php\/urun\/dunyadan-farkli-ulke-ornekleriyle-genclik-politikalari\/"},"modified":"2026-04-15T03:29:48","modified_gmt":"2026-04-15T00:29:48","slug":"dunyadan-farkli-ulke-ornekleriyle-genclik-politikalari","status":"publish","type":"product","link":"https:\/\/roveyayinevi.com.tr\/index.php\/urun\/dunyadan-farkli-ulke-ornekleriyle-genclik-politikalari\/","title":{"rendered":"D\u00fcnyadan Farkl\u0131 \u00dclke \u00d6rnekleriyle Gen\u00e7lik Politikalar\u0131"},"content":{"rendered":"<p>Bug\u00fcn d\u00fcnya n\u00fcfusunun %16\u2019s\u0131 gen\u00e7 n\u00fcfustan olu\u015fmaktad\u0131r. Gen\u00e7 n\u00fcfus, bir toplum i\u00e7in ekonomik ve sosyal kalk\u0131nman\u0131n teminat\u0131 olarak g\u00f6r\u00fclmektedir. Bu n\u00fcfusun e\u011fitim ve istihdam olanaklar\u0131yla bulu\u015fturulmas\u0131 gen\u00e7lik politikalar\u0131nda temel hedeftir. Her toplumun kendine \u00f6zg\u00fc gen\u00e7lik alg\u0131s\u0131 ve gen\u00e7li\u011fe bak\u0131\u015f\u0131, politika \u00fcretmesi s\u00f6z konusudur. Bulundu\u011fu ulus devlet s\u0131n\u0131r\u0131nda gen\u00e7li\u011fin mevcut durumunu; sorunlar\u0131n\u0131, olanaklar\u0131n\u0131, \u00fclkedeki gen\u00e7lere y\u00f6nelik mevzuat\u0131n varl\u0131\u011f\u0131n\u0131, gen\u00e7lere y\u00f6nelik merkezi ve yerel d\u00fczeydeki kurumsal yap\u0131lanmay\u0131 ve gen\u00e7lerin sivil toplumla birlikte ne gibi kat\u0131l\u0131m ara\u00e7lar\u0131na sahip oldu\u011fu gibi farkl\u0131 ba\u015fl\u0131klarda be\u015f ayr\u0131 k\u0131tadan 16 farkl\u0131 \u00fclke \u00f6rne\u011fi \u00fczerinden GEN\u00c7L\u0130K POL\u0130T\u0130KALARI bu \u00e7al\u0131\u015fmada irdelenmektedir.Bug\u00fcn d\u00fcnya n\u00fcfusunun %16\u2019s\u0131 gen\u00e7 n\u00fcfustan olu\u015fmaktad\u0131r. Gen\u00e7 n\u00fcfus, bir toplum i\u00e7in ekonomik ve sosyal kalk\u0131nman\u0131n teminat\u0131 olarak g\u00f6r\u00fclmektedir. Bu n\u00fcfusun e\u011fitim ve istihdam olanaklar\u0131yla bulu\u015fturulmas\u0131 gen\u00e7lik politikalar\u0131nda temel hedeftir. Her toplumun kendine \u00f6zg\u00fc gen\u00e7lik alg\u0131s\u0131 ve gen\u00e7li\u011fe bak\u0131\u015f\u0131, politika \u00fcretmesi s\u00f6z konusudur. Bulundu\u011fu ulus devlet s\u0131n\u0131r\u0131nda gen\u00e7li\u011fin mevcut durumunu; sorunlar\u0131n\u0131, olanaklar\u0131n\u0131, \u00fclkedeki gen\u00e7lere y\u00f6nelik mevzuat\u0131n varl\u0131\u011f\u0131n\u0131, gen\u00e7lere y\u00f6nelik merkezi ve yerel d\u00fczeydeki kurumsal yap\u0131lanmay\u0131 ve gen\u00e7lerin sivil toplumla birlikte ne gibi kat\u0131l\u0131m ara\u00e7lar\u0131na sahip oldu\u011fu gibi farkl\u0131 ba\u015fl\u0131klarda be\u015f ayr\u0131 k\u0131tadan 16 farkl\u0131 \u00fclke \u00f6rne\u011fi \u00fczerinden GEN\u00c7L\u0130K POL\u0130T\u0130KALARI bu \u00e7al\u0131\u015fmada irdelenmektedir.<\/p>\n","protected":false},"excerpt":{"rendered":"<p>Bug\u00fcn d\u00fcnya n\u00fcfusunun %16\u2019s\u0131 gen\u00e7 n\u00fcfustan olu\u015fmaktad\u0131r. Gen\u00e7 n\u00fcfus, bir toplum i\u00e7in ekonomik ve sosyal kalk\u0131nman\u0131n teminat\u0131 olarak g\u00f6r\u00fclmektedir. Bu n\u00fcfusun e\u011fitim ve istihdam olanaklar\u0131yla bulu\u015fturulmas\u0131<span class=\"excerpt-hellip\"> [\u2026]<\/span><\/p>\n","protected":false},"featured_media":0,"template":"","meta":{"_monsterinsights_skip_tracking":false,"_monsterinsights_sitenote_active":false,"_monsterinsights_sitenote_note":"","_monsterinsights_sitenote_category":0},"product_brand":[],"product_cat":[12337],"product_tag":[],"class_list":{"0":"post-763962","1":"product","2":"type-product","3":"status-publish","5":"product_cat-politika-siyaset","6":"pa_cilt-ciltsiz","7":"pa_tur-kitap","8":"pa_yayinevi-astana-yayinlari","9":"pa_yazar-yasemin-cakirer-ozservet-hulya-kucuk-bayraktar","11":"first","12":"instock","13":"sale","14":"shipping-taxable","15":"purchasable","16":"product-type-simple"},"_links":{"self":[{"href":"https:\/\/roveyayinevi.com.tr\/index.php\/wp-json\/wp\/v2\/product\/763962","targetHints":{"allow":["GET"]}}],"collection":[{"href":"https:\/\/roveyayinevi.com.tr\/index.php\/wp-json\/wp\/v2\/product"}],"about":[{"href":"https:\/\/roveyayinevi.com.tr\/index.php\/wp-json\/wp\/v2\/types\/product"}],"wp:attachment":[{"href":"https:\/\/roveyayinevi.com.tr\/index.php\/wp-json\/wp\/v2\/media?parent=763962"}],"wp:term":[{"taxonomy":"product_brand","embeddable":true,"href":"https:\/\/roveyayinevi.com.tr\/index.php\/wp-json\/wp\/v2\/product_brand?post=763962"},{"taxonomy":"product_cat","embeddable":true,"href":"https:\/\/roveyayinevi.com.tr\/index.php\/wp-json\/wp\/v2\/product_cat?post=763962"},{"taxonomy":"product_tag","embeddable":true,"href":"https:\/\/roveyayinevi.com.tr\/index.php\/wp-json\/wp\/v2\/product_tag?post=763962"}],"curies":[{"name":"wp","href":"https:\/\/api.w.org\/{rel}","templated":true}]}}