{"id":763960,"date":"2025-08-28T10:57:13","date_gmt":"2025-08-28T07:57:13","guid":{"rendered":"https:\/\/roveyayinevi.com.tr\/index.php\/urun\/askin-hikmet-metafizigi\/"},"modified":"2026-04-15T03:29:48","modified_gmt":"2026-04-15T00:29:48","slug":"askin-hikmet-metafizigi","status":"publish","type":"product","link":"https:\/\/roveyayinevi.com.tr\/index.php\/urun\/askin-hikmet-metafizigi\/","title":{"rendered":"A\u015fk\u0131n Hikmet Metafizi\u011fi"},"content":{"rendered":"<p>E.G. Browne\u2019nin ifadesiyle Sebzev\u00e2r\u00ee, \u0130ran\u2019\u0131n son b\u00fcy\u00fck filozofudur. Derin felsef\u00ee ve irfan\u00ee birikiminden dolay\u0131 \u2018Hikmet sahiplerinin m\u00fchr\u00fc\u2019 ve \u2018Zaman\u0131n Eflatunu\u2019 \u015feklinde \u00f6vg\u00fclere de mazhar olmu\u015ftur. Zira Sebzev\u00e2r\u00ee, kesintisiz bir \u015fekilde s\u00fcregelen ancak \u00fczeri k\u00fcllerle \u00f6rt\u00fclm\u00fc\u015f olan Molla Sadr\u00e2 \u00f6\u011fretisine 19.y\u00fczy\u0131lda yeni bir nefes \u00fcfleyerek hikmet ate\u015fini tekrar alevlendiren bir bilge ki\u015fidir.<\/p><\/div>\n<p>S.H\u00fcseyin Nasr\u2019\u0131n da dikkat \u00e7ekti\u011fi \u00fczere Sebzev\u00e2r\u00ee, i\u00e7inden \u00e7\u0131k\u0131lmas\u0131 zor olan girift ibarelerle \u00f6r\u00fclm\u00fc\u015f, y\u00fcksek bir hikmet denemesi olan Molla Sadr\u00e2 felsefesini daha anla\u015f\u0131l\u0131r k\u0131lmak i\u00e7in \u015eerhu\u2019l Manz\u00fbme\u2019yi kaleme alm\u0131\u015ft\u0131r. Bu eseriyle Sadra\u2019n\u0131n hikmet d\u00fcnyas\u0131na kap\u0131 aralayarak, hikmet par\u0131lt\u0131lar\u0131yla ayd\u0131nlanan bir zihinle t\u00fcm var olu\u015fu, varl\u0131\u011f\u0131n meta-ontik \u00f6nceli\u011finin perspektifinde yorumlam\u0131\u015f, ya\u015fad\u0131\u011f\u0131 d\u00f6nem ile ge\u00e7mi\u015fi kurdu\u011fu bilgelik k\u00f6pr\u00fcs\u00fcyle birle\u015ftirmeyi ba\u015farm\u0131\u015f h\u00e2kim, m\u00fcteellih bir m\u00fcnzevidir.<\/p>\n","protected":false},"excerpt":{"rendered":"<p>E.G. Browne\u2019nin ifadesiyle Sebzev\u00e2r\u00ee, \u0130ran\u2019\u0131n son b\u00fcy\u00fck filozofudur. Derin felsef\u00ee ve irfan\u00ee birikiminden dolay\u0131 \u2018Hikmet sahiplerinin m\u00fchr\u00fc\u2019 ve \u2018Zaman\u0131n Eflatunu\u2019 \u015feklinde \u00f6vg\u00fclere de mazhar olmu\u015ftur. Zira<span class=\"excerpt-hellip\"> [\u2026]<\/span><\/p>\n","protected":false},"featured_media":0,"template":"","meta":{"_monsterinsights_skip_tracking":false,"_monsterinsights_sitenote_active":false,"_monsterinsights_sitenote_note":"","_monsterinsights_sitenote_category":0},"product_brand":[],"product_cat":[12718,12858],"product_tag":[],"class_list":{"0":"post-763960","1":"product","2":"type-product","3":"status-publish","5":"product_cat-din","6":"product_cat-mitolojiler","7":"pa_cilt-ciltsiz","8":"pa_tur-kitap","9":"pa_yayinevi-astana-yayinlari","10":"pa_yazar-ahmet-pirinc","12":"first","13":"instock","14":"sale","15":"shipping-taxable","16":"purchasable","17":"product-type-simple"},"_links":{"self":[{"href":"https:\/\/roveyayinevi.com.tr\/index.php\/wp-json\/wp\/v2\/product\/763960","targetHints":{"allow":["GET"]}}],"collection":[{"href":"https:\/\/roveyayinevi.com.tr\/index.php\/wp-json\/wp\/v2\/product"}],"about":[{"href":"https:\/\/roveyayinevi.com.tr\/index.php\/wp-json\/wp\/v2\/types\/product"}],"wp:attachment":[{"href":"https:\/\/roveyayinevi.com.tr\/index.php\/wp-json\/wp\/v2\/media?parent=763960"}],"wp:term":[{"taxonomy":"product_brand","embeddable":true,"href":"https:\/\/roveyayinevi.com.tr\/index.php\/wp-json\/wp\/v2\/product_brand?post=763960"},{"taxonomy":"product_cat","embeddable":true,"href":"https:\/\/roveyayinevi.com.tr\/index.php\/wp-json\/wp\/v2\/product_cat?post=763960"},{"taxonomy":"product_tag","embeddable":true,"href":"https:\/\/roveyayinevi.com.tr\/index.php\/wp-json\/wp\/v2\/product_tag?post=763960"}],"curies":[{"name":"wp","href":"https:\/\/api.w.org\/{rel}","templated":true}]}}