{"id":763958,"date":"2025-08-28T10:57:10","date_gmt":"2025-08-28T07:57:10","guid":{"rendered":"https:\/\/roveyayinevi.com.tr\/index.php\/urun\/turkeys-relations-with-israel\/"},"modified":"2026-04-15T03:29:48","modified_gmt":"2026-04-15T00:29:48","slug":"turkeys-relations-with-israel","status":"publish","type":"product","link":"https:\/\/roveyayinevi.com.tr\/index.php\/urun\/turkeys-relations-with-israel\/","title":{"rendered":"Turkey&#8217;s Relations With Israel"},"content":{"rendered":"<p>T\u00fcrkiye&#8217;nin devlet kimli\u011fi, 29 Ekim 1923 tarihinde T\u00fcrkiye Cumhuriyetinin kurulmas\u0131ndan bu yana T\u00fcrk d\u0131\u015f politikas\u0131n\u0131n ayr\u0131lmaz bir par\u00e7as\u0131 olmu\u015ftur. Son d\u00f6nemde T\u00fcrkiye&#8217;nin geleneksel Bat\u0131 yanl\u0131s\u0131 devlet kimli\u011fi ve Bat\u0131 y\u00f6nl\u00fc d\u0131\u015f politikas\u0131na alternatif olarak sunulan Osmanl\u0131 tarihsel miras\u0131yla ili\u015fkilendirilen \u0130slami yakla\u015f\u0131m\u0131 d\u0131\u015f politikan\u0131n i\u00e7 siyasile\u015fmesi olarak g\u00f6rmek m\u00fcmk\u00fcn g\u00f6z\u00fckmektedir. Bu tezin devlet kimli\u011fi kavram\u0131yla uyumlu olarak, AK Parti d\u00f6neminde T\u00fcrkiye\u2019deki i\u00e7 fakt\u00f6rlerin yan\u0131s\u0131ra, uluslararas\u0131 sistem \/ dinamikler de de\u011fi\u015fime u\u011fram\u0131\u015ft\u0131r. S\u00f6z konusu iki fakt\u00f6r\u00fcn de\u011fi\u015fime u\u011framas\u0131 nedeniyle, T\u00fcrkiye\u2019nin devlet kimli\u011fi, \u00e7\u0131karlar\u0131 ve d\u0131\u015f politikas\u0131 da de\u011fi\u015fmi\u015ftir. Bu kapsamda, s\u00f6z konusu tez, yeni devlet kimli\u011fini Orta do\u011fulula\u015fm\u0131\u015f Merkez \u00dclke \/ Osmanl\u0131 \u0130mparatorlu\u011fu\u2019nun Miras\u00e7\u0131s\u0131 olarak tan\u0131mlamaktad\u0131r. T\u00fcrkiye\u2019nin yeni devlet kimli\u011finin bu \u00fclkenin \u0130srail\u2019le olan ili\u015fkilerini analiz etmek i\u00e7in \u00f6nemli bir \u00e7er\u00e7eve sundu\u011fu d\u00fc\u015f\u00fcn\u00fclmektedir. 1990\u2019l\u0131 y\u0131llarda iki \u00fclke aras\u0131ndaki ili\u015fkiler zirve noktas\u0131na ula\u015fm\u0131\u015f ve bu d\u00f6nemde ili\u015fkiler &#8220;stratejik ili\u015fki\u201d olarak nitelendirilmi\u015ftir. Bununla birlikte, Ortado\u011fu\u2019da iki \u00fclkenin yarar\u0131na f\u0131rsatlar sunmas\u0131na ra\u011fmen, bug\u00fcn b\u00f6yle bir ili\u015fkinin varl\u0131\u011f\u0131ndan s\u00f6z etmek olas\u0131 g\u00f6z\u00fckmemektedir. Bu noktada, T\u00fcrkiye&#8217;nin devlet kimli\u011finin kritik ve belirleyici bir rol oynad\u0131\u011f\u0131 de\u011ferlendirilmektedir. Bu itibarla, T\u00fcrk d\u0131\u015f politikas\u0131 da yeni devlet kimli\u011finin etkisi alt\u0131nda bulunmaktad\u0131r. Devlet kimli\u011fi, 1950 y\u0131l\u0131n\u0131n Ocak ay\u0131nda tesis edilen devletleraras\u0131 ili\u015fkileri a\u00e7\u0131klamada \u00f6nemli bir fakt\u00f6r olarak \u00f6ne \u00e7\u0131kmaktad\u0131r. Bu eser taraf\u0131ndan ortaya konulan devlet kimli\u011fi tan\u0131m\u0131 do\u011frultusunda, T\u00fcrkiye\u2019nin de\u011fi\u015fen devlet kimli\u011finin \u0130srail\u2019le olan ikili ili\u015fkileri de de\u011fi\u015ftirdi\u011fini bu ba\u011flamda, yap\u0131lan \u00e7al\u0131\u015fman\u0131n, T\u00fcrkiye-\u0130srail ili\u015fkilerinde gelecekte ya\u015fanacak geli\u015fmelerin, devlet kimli\u011fi perspektifinden daha kapsaml\u0131 ve iyi bir \u015fekilde anla\u015f\u0131lmas\u0131na katk\u0131da bulunacakt\u0131r.<\/p>\n","protected":false},"excerpt":{"rendered":"<p>T\u00fcrkiye&#8217;nin devlet kimli\u011fi, 29 Ekim 1923 tarihinde T\u00fcrkiye Cumhuriyetinin kurulmas\u0131ndan bu yana T\u00fcrk d\u0131\u015f politikas\u0131n\u0131n ayr\u0131lmaz bir par\u00e7as\u0131 olmu\u015ftur. Son d\u00f6nemde T\u00fcrkiye&#8217;nin geleneksel Bat\u0131 yanl\u0131s\u0131 devlet<span class=\"excerpt-hellip\"> [\u2026]<\/span><\/p>\n","protected":false},"featured_media":0,"template":"","meta":{"_monsterinsights_skip_tracking":false,"_monsterinsights_sitenote_active":false,"_monsterinsights_sitenote_note":"","_monsterinsights_sitenote_category":0},"product_brand":[],"product_cat":[12472],"product_tag":[],"class_list":{"0":"post-763958","1":"product","2":"type-product","3":"status-publish","5":"product_cat-yabanci-dilde-kitaplar","6":"pa_cilt-ciltsiz","7":"pa_tur-kitap","8":"pa_yayinevi-astana-yayinlari","9":"pa_yazar-dervis-fikret-unal","11":"first","12":"instock","13":"sale","14":"shipping-taxable","15":"purchasable","16":"product-type-simple"},"_links":{"self":[{"href":"https:\/\/roveyayinevi.com.tr\/index.php\/wp-json\/wp\/v2\/product\/763958","targetHints":{"allow":["GET"]}}],"collection":[{"href":"https:\/\/roveyayinevi.com.tr\/index.php\/wp-json\/wp\/v2\/product"}],"about":[{"href":"https:\/\/roveyayinevi.com.tr\/index.php\/wp-json\/wp\/v2\/types\/product"}],"wp:attachment":[{"href":"https:\/\/roveyayinevi.com.tr\/index.php\/wp-json\/wp\/v2\/media?parent=763958"}],"wp:term":[{"taxonomy":"product_brand","embeddable":true,"href":"https:\/\/roveyayinevi.com.tr\/index.php\/wp-json\/wp\/v2\/product_brand?post=763958"},{"taxonomy":"product_cat","embeddable":true,"href":"https:\/\/roveyayinevi.com.tr\/index.php\/wp-json\/wp\/v2\/product_cat?post=763958"},{"taxonomy":"product_tag","embeddable":true,"href":"https:\/\/roveyayinevi.com.tr\/index.php\/wp-json\/wp\/v2\/product_tag?post=763958"}],"curies":[{"name":"wp","href":"https:\/\/api.w.org\/{rel}","templated":true}]}}