{"id":763957,"date":"2025-08-28T10:57:09","date_gmt":"2025-08-28T07:57:09","guid":{"rendered":"https:\/\/roveyayinevi.com.tr\/index.php\/urun\/kediler-ve-felsefe\/"},"modified":"2026-04-15T03:29:48","modified_gmt":"2026-04-15T00:29:48","slug":"kediler-ve-felsefe","status":"publish","type":"product","link":"https:\/\/roveyayinevi.com.tr\/index.php\/urun\/kediler-ve-felsefe\/","title":{"rendered":"Kediler ve Felsefe"},"content":{"rendered":"<p>Kediler \u00e7o\u011fu zaman sadece evcil hayvanlar\u0131m\u0131z olmaktan \u00e7ok daha fazlas\u0131d\u0131rlar. Onlar\u0131n hayat\u0131 ya\u015fama \u015fekillerindeki gizli ve bilge tav\u0131rlar\u0131, bazen bize hi\u00e7 fark\u0131nda olmad\u0131\u011f\u0131m\u0131z \u015feyleri g\u00f6sterebilir ve \u00f6\u011fretebilir. Peki insanlar\u0131n kedilere kar\u015f\u0131 ne gibi etik y\u00fck\u00fcml\u00fcl\u00fckleri vard\u0131r? Kediler, insanlar kadar hatta bazen onlardan daha rasyonel olabilirler mi? Kediler, insanlara evrimsel psikoloji hakk\u0131nda ne \u00f6\u011fretebilir? Kediler ve Felsefe, birbirinden ilgin\u00e7 ve \u00f6nemli makaleleri bir araya getirerek, on sekiz ayr\u0131 filozofun g\u00f6z\u00fcnden bu ve benzeri sorular\u0131 derinlemesine incelemeye ve yan\u0131tlamaya \u00e7al\u0131\u015f\u0131yor. Kedilerin gizemli ve g\u00f6rkemli d\u00fcnyalar\u0131n\u0131 ke\u015ffederken, onlar\u0131n zihinlerine dair \u015fa\u015f\u0131rt\u0131c\u0131 i\u00e7 g\u00f6r\u00fcler sunuyor. Bu kitap hem kedi severler hem de felsefeye ilgi duyanlar i\u00e7in ka\u00e7\u0131r\u0131lmayacak bir kaynak. <\/p>\n","protected":false},"excerpt":{"rendered":"<p>Kediler \u00e7o\u011fu zaman sadece evcil hayvanlar\u0131m\u0131z olmaktan \u00e7ok daha fazlas\u0131d\u0131rlar. Onlar\u0131n hayat\u0131 ya\u015fama \u015fekillerindeki gizli ve bilge tav\u0131rlar\u0131, bazen bize hi\u00e7 fark\u0131nda olmad\u0131\u011f\u0131m\u0131z \u015feyleri g\u00f6sterebilir ve<span class=\"excerpt-hellip\"> [\u2026]<\/span><\/p>\n","protected":false},"featured_media":0,"template":"","meta":{"_monsterinsights_skip_tracking":false,"_monsterinsights_sitenote_active":false,"_monsterinsights_sitenote_note":"","_monsterinsights_sitenote_category":0},"product_brand":[],"product_cat":[12388],"product_tag":[],"class_list":{"0":"post-763957","1":"product","2":"type-product","3":"status-publish","5":"product_cat-felsefe","6":"pa_cilt-ciltsiz","7":"pa_tur-kitap","8":"pa_yayinevi-say-yayinlari","9":"pa_yazar-steven-d-hales","11":"first","12":"instock","13":"sale","14":"shipping-taxable","15":"purchasable","16":"product-type-simple"},"_links":{"self":[{"href":"https:\/\/roveyayinevi.com.tr\/index.php\/wp-json\/wp\/v2\/product\/763957","targetHints":{"allow":["GET"]}}],"collection":[{"href":"https:\/\/roveyayinevi.com.tr\/index.php\/wp-json\/wp\/v2\/product"}],"about":[{"href":"https:\/\/roveyayinevi.com.tr\/index.php\/wp-json\/wp\/v2\/types\/product"}],"wp:attachment":[{"href":"https:\/\/roveyayinevi.com.tr\/index.php\/wp-json\/wp\/v2\/media?parent=763957"}],"wp:term":[{"taxonomy":"product_brand","embeddable":true,"href":"https:\/\/roveyayinevi.com.tr\/index.php\/wp-json\/wp\/v2\/product_brand?post=763957"},{"taxonomy":"product_cat","embeddable":true,"href":"https:\/\/roveyayinevi.com.tr\/index.php\/wp-json\/wp\/v2\/product_cat?post=763957"},{"taxonomy":"product_tag","embeddable":true,"href":"https:\/\/roveyayinevi.com.tr\/index.php\/wp-json\/wp\/v2\/product_tag?post=763957"}],"curies":[{"name":"wp","href":"https:\/\/api.w.org\/{rel}","templated":true}]}}