{"id":763956,"date":"2025-08-28T10:57:07","date_gmt":"2025-08-28T07:57:07","guid":{"rendered":"https:\/\/roveyayinevi.com.tr\/index.php\/urun\/kisa-modern-avrupa-tarihi\/"},"modified":"2026-04-15T03:29:48","modified_gmt":"2026-04-15T00:29:48","slug":"kisa-modern-avrupa-tarihi","status":"publish","type":"product","link":"https:\/\/roveyayinevi.com.tr\/index.php\/urun\/kisa-modern-avrupa-tarihi\/","title":{"rendered":"K\u0131sa Modern Avrupa Tarihi"},"content":{"rendered":"<p>Modern Avrupa\u2019y\u0131 \u015fekillendiren \u00f6nemli olaylar\u0131, fikirleri ve bireyleri \u00f6n plana alan K\u0131sa Modern Avrupa Tarihi Ayd\u0131nlanma\u2019dan g\u00fcn\u00fcm\u00fcze k\u0131tan\u0131n tarihini g\u00f6zler \u00f6n\u00fcne seriyor. Kal\u0131c\u0131 devrim temas\u0131ndan yararlanan David S. Mason bir yandan devrimlerin politik, ekonomik ve bilimsel nedenlerini ve sonu\u00e7lar\u0131n\u0131 ara\u015ft\u0131r\u0131rken bir yandan da insan haklar\u0131 ve demokrasinin geli\u015fimi, Avrupa kimli\u011fi ve entegrasyon sorunlar\u0131n\u0131 inceliyor. K\u0131sa Modern Avrupa Tarihi bir \u00fclke tarihine ya da belirli bir zaman diliminin ayr\u0131nt\u0131l\u0131 kronolojisine odaklanmak yerine her bir b\u00f6l\u00fcmde Avrupa\u2019y\u0131 \u015fekillendiren en \u00f6nemli olaylara de\u011finiyor. Ayd\u0131nlanma, Frans\u0131z Devrimi, Marx ve Darwin\u2019in teorileri, 1848 ve 1917 devrimleri, Almanya ve \u0130talya\u2019n\u0131n birle\u015fmesi, Avrupa emperyalizmi, d\u00fcnya sava\u015flar\u0131, so\u011fuk sava\u015f, Avrupa Birli\u011fi\u2019nin geli\u015fimi ve geni\u015flemesi ve Avrupa\u2019n\u0131n kar\u015f\u0131 kar\u015f\u0131ya oldu\u011fu g\u00fcncel sorunlar gibi konular hakk\u0131nda Avrupa tarihine geni\u015f bir yelpazeden bakmak isteyen okuyucular bu kitab\u0131n haritalar, zaman \u00e7izelgeleri, foto\u011fraflar ve bir s\u00f6zl\u00fckle desteklenen son derece ilgi \u00e7ekici bir anlat\u0131m\u0131 oldu\u011funu g\u00f6recektir. <\/p>\n","protected":false},"excerpt":{"rendered":"<p>Modern Avrupa\u2019y\u0131 \u015fekillendiren \u00f6nemli olaylar\u0131, fikirleri ve bireyleri \u00f6n plana alan K\u0131sa Modern Avrupa Tarihi Ayd\u0131nlanma\u2019dan g\u00fcn\u00fcm\u00fcze k\u0131tan\u0131n tarihini g\u00f6zler \u00f6n\u00fcne seriyor. Kal\u0131c\u0131 devrim temas\u0131ndan yararlanan<span class=\"excerpt-hellip\"> [\u2026]<\/span><\/p>\n","protected":false},"featured_media":0,"template":"","meta":{"_monsterinsights_skip_tracking":false,"_monsterinsights_sitenote_active":false,"_monsterinsights_sitenote_note":"","_monsterinsights_sitenote_category":0},"product_brand":[],"product_cat":[12304],"product_tag":[],"class_list":{"0":"post-763956","1":"product","2":"type-product","3":"status-publish","5":"product_cat-tarih","6":"pa_cilt-ciltsiz","7":"pa_tur-kitap","8":"pa_yayinevi-say-yayinlari","9":"pa_yazar-david-s-mason","11":"first","12":"instock","13":"sale","14":"shipping-taxable","15":"purchasable","16":"product-type-simple"},"_links":{"self":[{"href":"https:\/\/roveyayinevi.com.tr\/index.php\/wp-json\/wp\/v2\/product\/763956","targetHints":{"allow":["GET"]}}],"collection":[{"href":"https:\/\/roveyayinevi.com.tr\/index.php\/wp-json\/wp\/v2\/product"}],"about":[{"href":"https:\/\/roveyayinevi.com.tr\/index.php\/wp-json\/wp\/v2\/types\/product"}],"wp:attachment":[{"href":"https:\/\/roveyayinevi.com.tr\/index.php\/wp-json\/wp\/v2\/media?parent=763956"}],"wp:term":[{"taxonomy":"product_brand","embeddable":true,"href":"https:\/\/roveyayinevi.com.tr\/index.php\/wp-json\/wp\/v2\/product_brand?post=763956"},{"taxonomy":"product_cat","embeddable":true,"href":"https:\/\/roveyayinevi.com.tr\/index.php\/wp-json\/wp\/v2\/product_cat?post=763956"},{"taxonomy":"product_tag","embeddable":true,"href":"https:\/\/roveyayinevi.com.tr\/index.php\/wp-json\/wp\/v2\/product_tag?post=763956"}],"curies":[{"name":"wp","href":"https:\/\/api.w.org\/{rel}","templated":true}]}}