{"id":763955,"date":"2025-08-28T10:57:05","date_gmt":"2025-08-28T07:57:05","guid":{"rendered":"https:\/\/roveyayinevi.com.tr\/index.php\/urun\/yoga-hayatimizi-nasil-degistirir\/"},"modified":"2026-04-15T03:29:48","modified_gmt":"2026-04-15T00:29:48","slug":"yoga-hayatimizi-nasil-degistirir","status":"publish","type":"product","link":"https:\/\/roveyayinevi.com.tr\/index.php\/urun\/yoga-hayatimizi-nasil-degistirir\/","title":{"rendered":"Yoga Hayat\u0131m\u0131z\u0131 Nas\u0131l De\u011fi\u015ftirir?"},"content":{"rendered":"<p>Beden, zihin ve ruh b\u00fct\u00fcnl\u00fc\u011f\u00fcn\u00fcz ile yeniden ba\u011flant\u0131 kurun ve bu kitapla yogay\u0131 yeniden ke\u015ffedin!   Yogan\u0131n Bat\u0131da yayg\u0131nla\u015fmas\u0131, onu daha ula\u015f\u0131labilir ve anla\u015f\u0131labilir bir yere ta\u015f\u0131d\u0131 ancak bununla birlikte, yogan\u0131n yaln\u0131zca fiziksel aktivite olarak, yani asanalar \u00fczerinden de\u011ferlendirilmesine de yol a\u00e7t\u0131. Yoga \u00f6\u011fretisinin insan\u0131 bir b\u00fct\u00fcn olarak ele ald\u0131\u011f\u0131 ve bu \u00f6\u011fretinin insan ya\u015fam\u0131na nas\u0131l farkl\u0131 noktalarda temas etti\u011fi unutuldu. Yoga Hayat\u0131m\u0131z\u0131 Nas\u0131l De\u011fi\u015ftirir?&#8217;de Gary Kraftsow, sadece fiziksel bedeni de\u011fil, ayn\u0131 zamanda duygular\u0131, zihni, kalbi ve ruhu da dengeleyen ve ki\u015finin potansiyelini uyand\u0131ran yoga prati\u011finin t\u00fcm bile\u015fenlerini a\u00e7\u0131k ve anla\u015f\u0131l\u0131r bir dille aktar\u0131yor. 350&#8217;den fazla foto\u011fraf i\u00e7eren, her seviyeden okurun kendi yolculu\u011fu i\u00e7in ilham bulaca\u011f\u0131 bu e\u015fsiz kitap, beden, zihin ve ruh olmak \u00fczere t\u00fcm benli\u011fimizi g\u00fc\u00e7lendirmeye adanm\u0131\u015f bir rehber.   &#8220;Size kadim yogilerin yapt\u0131klar\u0131n\u0131 yapmay\u0131 \u00f6\u011fretirken tek ve esas amac\u0131m, tamamen \u00f6z\u00fcn\u00fczde oldu\u011funuz ki\u015fiye d\u00f6n\u00fc\u015fmenizdir. \u00c7\u00fcnk\u00fc kadim \u00f6\u011fretilerle \u00e7al\u0131\u015fman\u0131n, onlar\u0131 daima hat\u0131rlaman\u0131n ve hayat\u0131n\u0131z\u0131n bir par\u00e7as\u0131 h\u00e2line getirmenin anlam\u0131 asl\u0131nda budur.&#8221; &#8211; Gary Kraftsow <\/p>\n","protected":false},"excerpt":{"rendered":"<p>Beden, zihin ve ruh b\u00fct\u00fcnl\u00fc\u011f\u00fcn\u00fcz ile yeniden ba\u011flant\u0131 kurun ve bu kitapla yogay\u0131 yeniden ke\u015ffedin! Yogan\u0131n Bat\u0131da yayg\u0131nla\u015fmas\u0131, onu daha ula\u015f\u0131labilir ve anla\u015f\u0131labilir bir yere ta\u015f\u0131d\u0131<span class=\"excerpt-hellip\"> [\u2026]<\/span><\/p>\n","protected":false},"featured_media":0,"template":"","meta":{"_monsterinsights_skip_tracking":false,"_monsterinsights_sitenote_active":false,"_monsterinsights_sitenote_note":"","_monsterinsights_sitenote_category":0},"product_brand":[],"product_cat":[12364,12376],"product_tag":[],"class_list":{"0":"post-763955","1":"product","2":"type-product","3":"status-publish","5":"product_cat-genel-konular","6":"product_cat-kisisel-gelisim","7":"pa_cilt-ciltsiz","8":"pa_tur-kitap","9":"pa_yayinevi-omega","10":"pa_yazar-gary-kraftsow","12":"first","13":"instock","14":"sale","15":"shipping-taxable","16":"purchasable","17":"product-type-simple"},"_links":{"self":[{"href":"https:\/\/roveyayinevi.com.tr\/index.php\/wp-json\/wp\/v2\/product\/763955","targetHints":{"allow":["GET"]}}],"collection":[{"href":"https:\/\/roveyayinevi.com.tr\/index.php\/wp-json\/wp\/v2\/product"}],"about":[{"href":"https:\/\/roveyayinevi.com.tr\/index.php\/wp-json\/wp\/v2\/types\/product"}],"wp:attachment":[{"href":"https:\/\/roveyayinevi.com.tr\/index.php\/wp-json\/wp\/v2\/media?parent=763955"}],"wp:term":[{"taxonomy":"product_brand","embeddable":true,"href":"https:\/\/roveyayinevi.com.tr\/index.php\/wp-json\/wp\/v2\/product_brand?post=763955"},{"taxonomy":"product_cat","embeddable":true,"href":"https:\/\/roveyayinevi.com.tr\/index.php\/wp-json\/wp\/v2\/product_cat?post=763955"},{"taxonomy":"product_tag","embeddable":true,"href":"https:\/\/roveyayinevi.com.tr\/index.php\/wp-json\/wp\/v2\/product_tag?post=763955"}],"curies":[{"name":"wp","href":"https:\/\/api.w.org\/{rel}","templated":true}]}}