{"id":763949,"date":"2025-08-28T10:56:53","date_gmt":"2025-08-28T07:56:53","guid":{"rendered":"https:\/\/roveyayinevi.com.tr\/index.php\/urun\/askin-gurultusu\/"},"modified":"2026-04-15T03:29:48","modified_gmt":"2026-04-15T00:29:48","slug":"askin-gurultusu","status":"publish","type":"product","link":"https:\/\/roveyayinevi.com.tr\/index.php\/urun\/askin-gurultusu\/","title":{"rendered":"A\u015fk\u0131n G\u00fcr\u00fclt\u00fcs\u00fc"},"content":{"rendered":"<p>\u201cBir kad\u0131n anlat\u0131yor, bir kad\u0131n yaz\u0131yor. Ke\u015fke daha fazla yard\u0131mc\u0131 olabilseydim. Hangisinden ba\u015flamal\u0131? Mutsuz evlilikler, mutlu mutsuz kad\u0131nlar, erkekler, \u00e7ocuklar\u2026 Hangi do\u011fru, kimin i\u00e7in ge\u00e7erli?\u201d   Bedia \u00d6cal\u2019\u0131n kaleminden kad\u0131n-erkek ve insan ili\u015fkilerine dair \u00e7arp\u0131c\u0131 ve ya\u015fanm\u0131\u015f hik\u00e2yeler.   Bu eserde herkes kendinden ve ya\u015fam\u0131ndan par\u00e7alar bulacak. Haz\u0131r m\u0131s\u0131n\u0131z?<\/p>\n","protected":false},"excerpt":{"rendered":"<p>\u201cBir kad\u0131n anlat\u0131yor, bir kad\u0131n yaz\u0131yor. Ke\u015fke daha fazla yard\u0131mc\u0131 olabilseydim. Hangisinden ba\u015flamal\u0131? Mutsuz evlilikler, mutlu mutsuz kad\u0131nlar, erkekler, \u00e7ocuklar\u2026 Hangi do\u011fru, kimin i\u00e7in ge\u00e7erli?\u201d Bedia<span class=\"excerpt-hellip\"> [\u2026]<\/span><\/p>\n","protected":false},"featured_media":0,"template":"","meta":{"_monsterinsights_skip_tracking":false,"_monsterinsights_sitenote_active":false,"_monsterinsights_sitenote_note":"","_monsterinsights_sitenote_category":0},"product_brand":[],"product_cat":[12364,12376],"product_tag":[],"class_list":{"0":"post-763949","1":"product","2":"type-product","3":"status-publish","5":"product_cat-genel-konular","6":"product_cat-kisisel-gelisim","7":"pa_cilt-ciltsiz","8":"pa_tur-kitap","9":"pa_yayinevi-luna-yayinlari","10":"pa_yazar-bedia-ocal","12":"first","13":"instock","14":"sale","15":"shipping-taxable","16":"purchasable","17":"product-type-simple"},"_links":{"self":[{"href":"https:\/\/roveyayinevi.com.tr\/index.php\/wp-json\/wp\/v2\/product\/763949","targetHints":{"allow":["GET"]}}],"collection":[{"href":"https:\/\/roveyayinevi.com.tr\/index.php\/wp-json\/wp\/v2\/product"}],"about":[{"href":"https:\/\/roveyayinevi.com.tr\/index.php\/wp-json\/wp\/v2\/types\/product"}],"wp:attachment":[{"href":"https:\/\/roveyayinevi.com.tr\/index.php\/wp-json\/wp\/v2\/media?parent=763949"}],"wp:term":[{"taxonomy":"product_brand","embeddable":true,"href":"https:\/\/roveyayinevi.com.tr\/index.php\/wp-json\/wp\/v2\/product_brand?post=763949"},{"taxonomy":"product_cat","embeddable":true,"href":"https:\/\/roveyayinevi.com.tr\/index.php\/wp-json\/wp\/v2\/product_cat?post=763949"},{"taxonomy":"product_tag","embeddable":true,"href":"https:\/\/roveyayinevi.com.tr\/index.php\/wp-json\/wp\/v2\/product_tag?post=763949"}],"curies":[{"name":"wp","href":"https:\/\/api.w.org\/{rel}","templated":true}]}}