{"id":763942,"date":"2025-08-28T10:56:39","date_gmt":"2025-08-28T07:56:39","guid":{"rendered":"https:\/\/roveyayinevi.com.tr\/index.php\/urun\/calismasam-yorulurdum\/"},"modified":"2026-04-15T03:29:48","modified_gmt":"2026-04-15T00:29:48","slug":"calismasam-yorulurdum","status":"publish","type":"product","link":"https:\/\/roveyayinevi.com.tr\/index.php\/urun\/calismasam-yorulurdum\/","title":{"rendered":"\u00c7al\u0131\u015fmasam Yorulurdum"},"content":{"rendered":"<p>B\u0130R AVUKATIN PETROL D\u00dcNYASINDAK\u0130 SER\u00dcVEN\u0130 Ge\u00e7en y\u00fczy\u0131l\u0131n ikinci yar\u0131s\u0131 ba\u015flamadan hemen \u00f6nce d\u00fcnyaya gelen, Ankara sokaklar\u0131nda dola\u015f\u0131p, voleybol oynayan bir \u00e7ocu\u011fun; T\u00fcrkiye\u2019de ve d\u00fcnyan\u0131n bir\u00e7ok \u00fclkesinde ya\u015fad\u0131klar\u0131n\u0131 okurken, ki\u015fisel geli\u015fim kitaplar\u0131ndaki tezlerin aksine, hayat\u0131n yolda \u015fekillendi\u011fine, her zaman milimetrik hesaplarla kurgulanmad\u0131\u011f\u0131na \u015fahitlik edeceksiniz. Bir ba\u015fkas\u0131n\u0131n \u00fcst\u00fcne bas\u0131p y\u00fckselmenin ge\u00e7er ak\u00e7e oldu\u011fu bu zamanlarda, h\u0131rsl\u0131 olan fakat h\u0131rs\u0131 y\u00f6netebilen, kaybetme pahas\u0131na da olsa \u201cinsan\u0131\u201d her zaman merkeze koyan bir avukat\u0131n, Murat Yaz\u0131c\u0131\u2019n\u0131n hik\u00e2yesine tan\u0131k olacaks\u0131n\u0131z. Bu kitapta; bir g\u00fcn Kazakistan\u2019da ak sakall\u0131lar\u0131n sofras\u0131nda, bir ba\u015fka g\u00fcn Talabani ile sabah kahvalt\u0131s\u0131nda; bir g\u00fcn Diyarbak\u0131r\u2019\u0131n kavurucu s\u0131ca\u011f\u0131nda, bir ba\u015fka g\u00fcn Kuzey Irak\u2019ta \u00e7elik yelekle milyon dolarl\u0131k petrol m\u00fczakereleri yap\u0131lan masada; bir g\u00fcn Saddam h\u00fck\u00fcmetine kar\u015f\u0131 a\u00e7\u0131lan tazminat davas\u0131n\u0131n duru\u015fmas\u0131nda, bir ba\u015fka g\u00fcn Londra Borsas\u0131 koridorlar\u0131nda dola\u015fan birinin hayat\u0131na konuk olacaks\u0131n\u0131z. B\u00fct\u00fcn bu ser\u00fcvenin K\u0131z\u0131lay\u2019da y\u00fcr\u00fcrken tesad\u00fcf eseri bir kar\u015f\u0131la\u015fma ile ba\u015flad\u0131\u011f\u0131na ise muhtemelen hayret edeceksiniz. Bu kitap, mesle\u011finde do\u011frucu Davut\u2019lu\u011fu ilke edinen kimselerin peri\u015fan olmad\u0131\u011f\u0131n\u0131, do\u011fruyu s\u00f6yleyenin dokuz k\u00f6yden kovulmad\u0131\u011f\u0131n\u0131; kurallar\u0131 do\u011fru uygulay\u0131p, kurumlar\u0131 geli\u015ftirmeyi ama\u00e7 edinenlerin, hayata de\u011fer katt\u0131\u011f\u0131n\u0131 anlatabilmek i\u00e7in kaleme al\u0131nd\u0131. \u00d6zel ve i\u015f ya\u015fam\u0131 boyunca ba\u015f\u0131ndan ge\u00e7en olaylar\u0131n; ailesi, arkada\u015flar\u0131 ve i\u015f insanlar\u0131n\u0131n g\u00f6zlerinden nas\u0131l yorumland\u0131\u011f\u0131n\u0131 bizzat onlar\u0131n a\u011fz\u0131ndan okurken, hayat\u0131n ancak beraber ya\u015fand\u0131k\u00e7a anlam ifade etti\u011fini bir kez daha fark edeceksiniz. \u00c7al\u0131\u015fmasam Yorulurdum: Bir Avukat\u0131n Petrol D\u00fcnyas\u0131ndaki Ser\u00fcveni\u2019ni okurken; Murat Yaz\u0131c\u0131\u2019n\u0131n g\u00f6z\u00fcnden 1950\u2019li y\u0131llar\u0131n Ankara\u2019s\u0131ndan, 2000\u2019lerin ilk \u00e7eyre\u011fine nas\u0131l gelindi\u011fini, T\u00fcrkiye\u2019nin bu ser\u00fcvende ge\u00e7irdi\u011fi k\u00f6kl\u00fc de\u011fi\u015fimlerin, i\u015f ve hukuk d\u00fcnyas\u0131n\u0131n kesi\u015fiminde nas\u0131l ya\u015fand\u0131\u011f\u0131n\u0131 anlatan keyifli bir yolculu\u011fa \u00e7\u0131kacaks\u0131n\u0131z.<\/p>\n","protected":false},"excerpt":{"rendered":"<p>B\u0130R AVUKATIN PETROL D\u00dcNYASINDAK\u0130 SER\u00dcVEN\u0130 Ge\u00e7en y\u00fczy\u0131l\u0131n ikinci yar\u0131s\u0131 ba\u015flamadan hemen \u00f6nce d\u00fcnyaya gelen, Ankara sokaklar\u0131nda dola\u015f\u0131p, voleybol oynayan bir \u00e7ocu\u011fun; T\u00fcrkiye\u2019de ve d\u00fcnyan\u0131n bir\u00e7ok \u00fclkesinde<span class=\"excerpt-hellip\"> [\u2026]<\/span><\/p>\n","protected":false},"featured_media":0,"template":"","meta":{"_monsterinsights_skip_tracking":false,"_monsterinsights_sitenote_active":false,"_monsterinsights_sitenote_note":"","_monsterinsights_sitenote_category":0},"product_brand":[],"product_cat":[13043,17647],"product_tag":[],"class_list":{"0":"post-763942","1":"product","2":"type-product","3":"status-publish","5":"product_cat-ekonomi","6":"product_cat-is-dunyasi","7":"pa_cilt-ciltsiz","8":"pa_tur-kitap","9":"pa_yayinevi-kronik-kitap","10":"pa_yazar-murat-yazici","12":"first","13":"instock","14":"sale","15":"shipping-taxable","16":"purchasable","17":"product-type-simple"},"_links":{"self":[{"href":"https:\/\/roveyayinevi.com.tr\/index.php\/wp-json\/wp\/v2\/product\/763942","targetHints":{"allow":["GET"]}}],"collection":[{"href":"https:\/\/roveyayinevi.com.tr\/index.php\/wp-json\/wp\/v2\/product"}],"about":[{"href":"https:\/\/roveyayinevi.com.tr\/index.php\/wp-json\/wp\/v2\/types\/product"}],"wp:attachment":[{"href":"https:\/\/roveyayinevi.com.tr\/index.php\/wp-json\/wp\/v2\/media?parent=763942"}],"wp:term":[{"taxonomy":"product_brand","embeddable":true,"href":"https:\/\/roveyayinevi.com.tr\/index.php\/wp-json\/wp\/v2\/product_brand?post=763942"},{"taxonomy":"product_cat","embeddable":true,"href":"https:\/\/roveyayinevi.com.tr\/index.php\/wp-json\/wp\/v2\/product_cat?post=763942"},{"taxonomy":"product_tag","embeddable":true,"href":"https:\/\/roveyayinevi.com.tr\/index.php\/wp-json\/wp\/v2\/product_tag?post=763942"}],"curies":[{"name":"wp","href":"https:\/\/api.w.org\/{rel}","templated":true}]}}