{"id":763940,"date":"2025-08-28T10:56:35","date_gmt":"2025-08-28T07:56:35","guid":{"rendered":"https:\/\/roveyayinevi.com.tr\/index.php\/urun\/antik-inanclarin-izinde\/"},"modified":"2026-04-15T03:29:47","modified_gmt":"2026-04-15T00:29:47","slug":"antik-inanclarin-izinde","status":"publish","type":"product","link":"https:\/\/roveyayinevi.com.tr\/index.php\/urun\/antik-inanclarin-izinde\/","title":{"rendered":"Antik \u0130nan\u00e7lar\u0131n \u0130zinde"},"content":{"rendered":"<p>ANT\u0130K \u0130NAN\u00c7LARIN G\u00dcN\u00dcM\u00dcZE KADAR GELEN \u0130ZLER\u0130   \u00b7         Atalar k\u00fclt\u00fc nedir ve bug\u00fcn T\u00fcrklerde nas\u0131l ya\u015f\u0131yor? \u00b7         Antik inan\u00e7lara g\u00f6re insan ve d\u00fcnya nas\u0131l yarat\u0131ld\u0131? \u00b7         Sihirli \u00e7ember rit\u00fcelleri hangi toplumlarda \u00f6nemliydi ve bu rit\u00fcellerin i\u015flevi neydi? \u00b7        Eski Mezopotamya\u2019daki din\u00ee rit\u00fcellerin g\u00fcn\u00fcm\u00fczdeki izleri nelerdir?   Prof. Dr. K\u00fcr\u015fad Demirci titizlikle kaleme ald\u0131\u011f\u0131 Antik \u0130nan\u00e7lar\u0131n \u0130zinde\u2019de; arkeolojik bulgular ve mitolojik metinler \u00fczerinden y\u00fcr\u00fctt\u00fc\u011f\u00fc kapsaml\u0131 ara\u015ft\u0131rmalarla, kadim Mezopotamya toplumlar\u0131n\u0131n ruhani d\u00fcnyas\u0131na \u0131\u015f\u0131k tutuyor. Demirci, rit\u00fcellerin g\u00fcnl\u00fck hayattaki yerini, inan\u00e7lar\u0131n toplum \u00fczerindeki etkilerini ve k\u00fclt\u00fcrel etkile\u015fimlerin nas\u0131l \u015fekillendi\u011fini detayland\u0131rarak, eski Mezopotamya\u2019n\u0131n sosyal ve politik yap\u0131s\u0131na dair derinlemesine bir analiz sunarken disiplinler aras\u0131 bir yakla\u015f\u0131m benimseyerek, din\u00ee inan\u00e7lar\u0131n ve rit\u00fcellerin g\u00fcn\u00fcm\u00fcze kadar gelen \u00f6yk\u00fcs\u00fcn\u00fc de ele al\u0131yor.   Dinler tarihi, arkeoloji ve antropolojinin kesi\u015fti\u011fi noktada yer alan bu kapsaml\u0131 eser, sizi binlerce y\u0131ll\u0131k inan\u00e7 sistemlerinin k\u00f6kenlerine g\u00f6t\u00fcr\u00fcrken Mezopotamya\u2019n\u0131n din\u00ee ve k\u00fclt\u00fcrel hayat\u0131n\u0131 \u015fekillendiren inan\u00e7 sistemlerinin ard\u0131ndaki sembolleri, rit\u00fcelleri ve mitleri okuyacaks\u0131n\u0131z.   Antik \u0130nan\u00e7lar\u0131n \u0130zinde: Mezopotamya\u2019da Mitler ve Rit\u00fceller\u2019de, yaln\u0131zca eski Mezopotamya\u2019n\u0131n din\u00ee ve k\u00fclt\u00fcrel ya\u015fam\u0131n\u0131 ke\u015ffetmekle kalmayacak; ayn\u0131 zamanda, bu medeniyetlerin inan\u00e7lar\u0131na dair yepyeni bak\u0131\u015f a\u00e7\u0131lar\u0131 ve yorumlarla kar\u015f\u0131la\u015facaks\u0131n\u0131z.<\/p>\n","protected":false},"excerpt":{"rendered":"<p>ANT\u0130K \u0130NAN\u00c7LARIN G\u00dcN\u00dcM\u00dcZE KADAR GELEN \u0130ZLER\u0130 \u00b7 Atalar k\u00fclt\u00fc nedir ve bug\u00fcn T\u00fcrklerde nas\u0131l ya\u015f\u0131yor? \u00b7 Antik inan\u00e7lara g\u00f6re insan ve d\u00fcnya nas\u0131l yarat\u0131ld\u0131? \u00b7 Sihirli<span class=\"excerpt-hellip\"> [\u2026]<\/span><\/p>\n","protected":false},"featured_media":0,"template":"","meta":{"_monsterinsights_skip_tracking":false,"_monsterinsights_sitenote_active":false,"_monsterinsights_sitenote_note":"","_monsterinsights_sitenote_category":0},"product_brand":[],"product_cat":[12304],"product_tag":[],"class_list":{"0":"post-763940","1":"product","2":"type-product","3":"status-publish","5":"product_cat-tarih","6":"pa_cilt-ciltsiz","7":"pa_tur-kitap","8":"pa_yayinevi-kronik-kitap","9":"pa_yazar-kursad-demirci","11":"first","12":"instock","13":"sale","14":"shipping-taxable","15":"purchasable","16":"product-type-simple"},"_links":{"self":[{"href":"https:\/\/roveyayinevi.com.tr\/index.php\/wp-json\/wp\/v2\/product\/763940","targetHints":{"allow":["GET"]}}],"collection":[{"href":"https:\/\/roveyayinevi.com.tr\/index.php\/wp-json\/wp\/v2\/product"}],"about":[{"href":"https:\/\/roveyayinevi.com.tr\/index.php\/wp-json\/wp\/v2\/types\/product"}],"wp:attachment":[{"href":"https:\/\/roveyayinevi.com.tr\/index.php\/wp-json\/wp\/v2\/media?parent=763940"}],"wp:term":[{"taxonomy":"product_brand","embeddable":true,"href":"https:\/\/roveyayinevi.com.tr\/index.php\/wp-json\/wp\/v2\/product_brand?post=763940"},{"taxonomy":"product_cat","embeddable":true,"href":"https:\/\/roveyayinevi.com.tr\/index.php\/wp-json\/wp\/v2\/product_cat?post=763940"},{"taxonomy":"product_tag","embeddable":true,"href":"https:\/\/roveyayinevi.com.tr\/index.php\/wp-json\/wp\/v2\/product_tag?post=763940"}],"curies":[{"name":"wp","href":"https:\/\/api.w.org\/{rel}","templated":true}]}}