{"id":763938,"date":"2025-08-28T10:56:33","date_gmt":"2025-08-28T07:56:33","guid":{"rendered":"https:\/\/roveyayinevi.com.tr\/index.php\/urun\/gocebeler\/"},"modified":"2026-04-15T03:29:47","modified_gmt":"2026-04-15T00:29:47","slug":"gocebeler","status":"publish","type":"product","link":"https:\/\/roveyayinevi.com.tr\/index.php\/urun\/gocebeler\/","title":{"rendered":"G\u00f6\u00e7ebeler"},"content":{"rendered":"<p>S\u00dcMERLERDEN G\u00dcN\u00dcM\u00dcZE MEDEN\u0130YET\u0130N BE\u015e\u0130\u011e\u0130NDE G\u00d6\u00c7EBE HALKLARIN S\u00dcR\u00dcKLEY\u0130C\u0130 H\u0130K\u00c2YES\u0130   Ortado\u011fu topraklar\u0131 tarihin \u015fafa\u011f\u0131ndan bug\u00fcne g\u00f6\u00e7ebe halklara yurt olmu\u015ftur. S\u00fcmerlerden kalan yaz\u0131tlarda, semavi dinlerin kutsal kitaplar\u0131nda, antik tarih metinlerinin hepsinde \u00e7ift\u00e7iler ile \u00e7obanlar aras\u0131ndaki ili\u015fkiye dikkat \u00e7ekilmi\u015ftir. Genellikle \u00e7at\u0131\u015fmalar etraf\u0131nda \u015fekillenen bu etkile\u015fim o denli do\u011fald\u0131r ki \u0130bn Haldun\u2019da en teorik ifadesini bulacak \u015fekilde toplumun temel dinamiklerinden biri olarak kabul edilmi\u015ftir. Timurlenk kitab\u0131yla geni\u015f bir okur kitlesine ula\u015fan Beatrice Forbes Manz, Ortado\u011fu b\u00f6lgesini tarihin ba\u015flang\u0131c\u0131ndan modern d\u00f6neme kadarki biny\u0131llar\u0131 konarg\u00f6\u00e7erlik \u00e7er\u00e7evesinden ele al\u0131yor.  G\u00f6\u00e7ebelerin b\u00f6lgenin siyaseti, k\u00fclt\u00fcr\u00fc ve ideolojisi \u00fczerindeki etkisine dair canl\u0131 bir perspektif sunan Manz, \u0130bn Haldun taraf\u0131ndan geli\u015ftirilen pop\u00fcler d\u00f6ng\u00fcsel g\u00f6\u00e7ebe-yerle\u015fik etkile\u015fimi modeli de dahil olmak \u00fczere, g\u00f6\u00e7ebelere dair mevcut alg\u0131lar\u0131 ele al\u0131yor ve bunlara sorgulay\u0131c\u0131 bir \u015fekilde yakla\u015f\u0131yor. Hem Arap Bedevilerini hem de Avrasya bozk\u0131rlar\u0131ndan kopup gelen g\u00f6\u00e7ebeleri inceleyen yazar Bedevilerin, T\u00fcrklerin ve Mo\u011follar\u0131n Ortado\u011fu&#8217;daki k\u00fclt\u00fcrel \u00fcretime ve siyasi ideolojiye katk\u0131lar\u0131n\u0131n \u00f6nemini g\u00f6zler \u00f6n\u00fcne sermenin yan\u0131 s\u0131ra pastoral g\u00f6\u00e7ebelerin tarih boyunca sava\u015f, ticaret ve devlet in\u015fas\u0131nda oynad\u0131klar\u0131 hayati rol\u00fc ortaya koyuyor. G\u00f6\u00e7ebeler: Ortado\u011fu\u2019da Konarg\u00f6\u00e7er Halklar\u0131n Tarihi, b\u00fcy\u00fck imparatorluklar\u0131n olu\u015fumunda yer alm\u0131\u015f fakat bu devletlerin g\u00f6lgesinde kalm\u0131\u015f olan g\u00f6\u00e7ebe halklar\u0131 b\u00fcy\u00fck bir titizlik i\u00e7erisinde ele alarak de\u011ferlendiriyor. Beatrice Forbes Manz\u2019\u0131n usta kaleminden bu kitap tarih merakl\u0131lar\u0131n\u0131n ka\u00e7\u0131rmamas\u0131 gereken bir eser. <\/p>\n","protected":false},"excerpt":{"rendered":"<p>S\u00dcMERLERDEN G\u00dcN\u00dcM\u00dcZE MEDEN\u0130YET\u0130N BE\u015e\u0130\u011e\u0130NDE G\u00d6\u00c7EBE HALKLARIN S\u00dcR\u00dcKLEY\u0130C\u0130 H\u0130K\u00c2YES\u0130 Ortado\u011fu topraklar\u0131 tarihin \u015fafa\u011f\u0131ndan bug\u00fcne g\u00f6\u00e7ebe halklara yurt olmu\u015ftur. S\u00fcmerlerden kalan yaz\u0131tlarda, semavi dinlerin kutsal kitaplar\u0131nda, antik tarih<span class=\"excerpt-hellip\"> [\u2026]<\/span><\/p>\n","protected":false},"featured_media":0,"template":"","meta":{"_monsterinsights_skip_tracking":false,"_monsterinsights_sitenote_active":false,"_monsterinsights_sitenote_note":"","_monsterinsights_sitenote_category":0},"product_brand":[],"product_cat":[12304],"product_tag":[],"class_list":{"0":"post-763938","1":"product","2":"type-product","3":"status-publish","5":"product_cat-tarih","6":"pa_cilt-ciltsiz","7":"pa_tur-kitap","8":"pa_yayinevi-kronik-kitap","9":"pa_yazar-beatrice-forbes-manz","11":"first","12":"instock","13":"sale","14":"shipping-taxable","15":"purchasable","16":"product-type-simple"},"_links":{"self":[{"href":"https:\/\/roveyayinevi.com.tr\/index.php\/wp-json\/wp\/v2\/product\/763938","targetHints":{"allow":["GET"]}}],"collection":[{"href":"https:\/\/roveyayinevi.com.tr\/index.php\/wp-json\/wp\/v2\/product"}],"about":[{"href":"https:\/\/roveyayinevi.com.tr\/index.php\/wp-json\/wp\/v2\/types\/product"}],"wp:attachment":[{"href":"https:\/\/roveyayinevi.com.tr\/index.php\/wp-json\/wp\/v2\/media?parent=763938"}],"wp:term":[{"taxonomy":"product_brand","embeddable":true,"href":"https:\/\/roveyayinevi.com.tr\/index.php\/wp-json\/wp\/v2\/product_brand?post=763938"},{"taxonomy":"product_cat","embeddable":true,"href":"https:\/\/roveyayinevi.com.tr\/index.php\/wp-json\/wp\/v2\/product_cat?post=763938"},{"taxonomy":"product_tag","embeddable":true,"href":"https:\/\/roveyayinevi.com.tr\/index.php\/wp-json\/wp\/v2\/product_tag?post=763938"}],"curies":[{"name":"wp","href":"https:\/\/api.w.org\/{rel}","templated":true}]}}