{"id":763934,"date":"2025-08-28T10:56:25","date_gmt":"2025-08-28T07:56:25","guid":{"rendered":"https:\/\/roveyayinevi.com.tr\/index.php\/urun\/doga-kultur-ve-esitsizlik\/"},"modified":"2026-04-15T03:29:47","modified_gmt":"2026-04-15T00:29:47","slug":"doga-kultur-ve-esitsizlik","status":"publish","type":"product","link":"https:\/\/roveyayinevi.com.tr\/index.php\/urun\/doga-kultur-ve-esitsizlik\/","title":{"rendered":"Do\u011fa, K\u00fclt\u00fcr ve E\u015fitsizlik"},"content":{"rendered":"<p>E\u015e\u0130TS\u0130ZL\u0130\u011e\u0130N NEDENLER\u0130NE \u0130L\u0130\u015eK\u0130N \u0130SABETL\u0130 B\u0130R ANAL\u0130Z *** \u00c7\u00d6Z\u00dcME Y\u00d6NEL\u0130K KAPSAMLI B\u0130R YAKLA\u015eIM   The Guardian\u2019\u0131n haz\u0131rlad\u0131\u011f\u0131 2024\u2019\u00fcn heyecan verici kitaplar\u0131 listesinin ba\u015f s\u0131ras\u0131nda yer alan kitap\u2026   \u201cUfuk a\u00e7\u0131c\u0131 \u00e7al\u0131\u015fmalar\u0131yla Piketty, ekonomik e\u015fitsizli\u011fi anlamak ve bununla m\u00fccadele etmek isteyenler i\u00e7in bir yol g\u00f6sterici haline geldi. O yaln\u0131zca bir ekonomist de\u011fil, ayn\u0131 zamanda fikirleriyle yeni nesillere daha adil bir gelece\u011fi tart\u0131\u015fmak ve \u015fekillendirmek i\u00e7in ilham veren bir vizyoner.\u201d  &#8211; Rutger Bregman, Ger\u00e7ek\u00e7iler i\u00e7in \u00dctopya ve \u00c7o\u011fu \u0130nsan \u0130yidir kitaplar\u0131n\u0131n yazar\u0131   Do\u011fa, K\u00fclt\u00fcr ve E\u015fitsizlik, d\u00fcnyan\u0131n en b\u00fcy\u00fck ekonomik sorunlar\u0131ndan olan gelir ve servet da\u011f\u0131l\u0131m\u0131ndaki a\u015f\u0131r\u0131 e\u015fitsizli\u011fin a\u00e7\u0131k ve keskin bir incelemesini sunuyor. Bu k\u0131sa kitap e\u015fitsizli\u011fin d\u00fcnya \u00e7ap\u0131nda milyonlarca insana nas\u0131l zarar verdi\u011fini ve e\u015fitsizli\u011fin neden baz\u0131 \u00fclkelerde di\u011ferlerinden \u00e7ok daha k\u00f6t\u00fc etkiler yaratt\u0131\u011f\u0131n\u0131 g\u00f6zler \u00f6n\u00fcne seriyor. Kitaplar\u0131 ve g\u00f6r\u00fc\u015fleriyle \u00e7ok ses getiren d\u00fcnyaca \u00fcnl\u00fc ekonomist Thomas Piketty e\u015fitsizlik \u00fczerine y\u0131llarca s\u00fcren d\u00fcnya \u00e7ap\u0131ndaki ara\u015ft\u0131rmalar\u0131 sonucunda kitab\u0131n her bir sayfas\u0131nda harika i\u00e7g\u00f6r\u00fcler bar\u0131nd\u0131ran \u00e7arp\u0131c\u0131 bir arg\u00fcmanlar yelpazesi ortaya koyuyor. Kar\u015f\u0131la\u015ft\u0131rmal\u0131 ve tarihsel bak\u0131\u015f a\u00e7\u0131s\u0131yla i\u015flenmi\u015f olan elinizdeki kitap e\u011fitim, miras, vergilendirme ve s\u00fcregelen cinsiyet u\u00e7urumu gibi konular\u0131 irdelerken umutsuzluk ve konformizm kar\u015f\u0131s\u0131nda e\u015fitli\u011fe giden yolun her zaman siyasi ve sosyal m\u00fccadeleler \u00fczerine in\u015fa edildi\u011fini hat\u0131rlat\u0131yor. Do\u011fa, K\u00fclt\u00fcr ve E\u015fitsizlik, e\u015fitsizlik sorunu ve bu sorunun nas\u0131l \u00e7\u00f6z\u00fclece\u011fiyle ilgilenen herkes i\u00e7in m\u00fckemmel bir ba\u015flang\u0131\u00e7 noktas\u0131. <\/p>\n","protected":false},"excerpt":{"rendered":"<p>E\u015e\u0130TS\u0130ZL\u0130\u011e\u0130N NEDENLER\u0130NE \u0130L\u0130\u015eK\u0130N \u0130SABETL\u0130 B\u0130R ANAL\u0130Z *** \u00c7\u00d6Z\u00dcME Y\u00d6NEL\u0130K KAPSAMLI B\u0130R YAKLA\u015eIM The Guardian\u2019\u0131n haz\u0131rlad\u0131\u011f\u0131 2024\u2019\u00fcn heyecan verici kitaplar\u0131 listesinin ba\u015f s\u0131ras\u0131nda yer alan kitap\u2026 \u201cUfuk<span class=\"excerpt-hellip\"> [\u2026]<\/span><\/p>\n","protected":false},"featured_media":0,"template":"","meta":{"_monsterinsights_skip_tracking":false,"_monsterinsights_sitenote_active":false,"_monsterinsights_sitenote_note":"","_monsterinsights_sitenote_category":0},"product_brand":[],"product_cat":[52477],"product_tag":[],"class_list":{"0":"post-763934","1":"product","2":"type-product","3":"status-publish","5":"product_cat-arastirma","6":"pa_cilt-ciltsiz","7":"pa_tur-kitap","8":"pa_yayinevi-kronik-kitap","9":"pa_yazar-thomas-piketty","11":"first","12":"instock","13":"sale","14":"shipping-taxable","15":"purchasable","16":"product-type-simple"},"_links":{"self":[{"href":"https:\/\/roveyayinevi.com.tr\/index.php\/wp-json\/wp\/v2\/product\/763934","targetHints":{"allow":["GET"]}}],"collection":[{"href":"https:\/\/roveyayinevi.com.tr\/index.php\/wp-json\/wp\/v2\/product"}],"about":[{"href":"https:\/\/roveyayinevi.com.tr\/index.php\/wp-json\/wp\/v2\/types\/product"}],"wp:attachment":[{"href":"https:\/\/roveyayinevi.com.tr\/index.php\/wp-json\/wp\/v2\/media?parent=763934"}],"wp:term":[{"taxonomy":"product_brand","embeddable":true,"href":"https:\/\/roveyayinevi.com.tr\/index.php\/wp-json\/wp\/v2\/product_brand?post=763934"},{"taxonomy":"product_cat","embeddable":true,"href":"https:\/\/roveyayinevi.com.tr\/index.php\/wp-json\/wp\/v2\/product_cat?post=763934"},{"taxonomy":"product_tag","embeddable":true,"href":"https:\/\/roveyayinevi.com.tr\/index.php\/wp-json\/wp\/v2\/product_tag?post=763934"}],"curies":[{"name":"wp","href":"https:\/\/api.w.org\/{rel}","templated":true}]}}