{"id":763932,"date":"2025-08-28T10:56:22","date_gmt":"2025-08-28T07:56:22","guid":{"rendered":"https:\/\/roveyayinevi.com.tr\/index.php\/urun\/batu\/"},"modified":"2026-04-15T03:29:47","modified_gmt":"2026-04-15T00:29:47","slug":"batu","status":"publish","type":"product","link":"https:\/\/roveyayinevi.com.tr\/index.php\/urun\/batu\/","title":{"rendered":"Batu"},"content":{"rendered":"<p>Cengiz Han\u2019\u0131n Bat\u0131daki Miras\u00e7\u0131s\u0131 Yenilmez Mo\u011fol miti Cengiz ile ba\u015flasa da bunu peki\u015ftiren kimselerin ba\u015f\u0131nda Batu geliyor. Hatta, Cengiz\u2019in soyundan gelenler aras\u0131nda onun askerlik yeteneklerini as\u0131l tevar\u00fcs eden ki\u015fi de oydu. Nitekim Cengiz\u2019in o\u011fullar\u0131 da dahil hi\u00e7 kimse, Mo\u011fol tu\u011flar\u0131n\u0131 onun kadar uzaklara g\u00f6t\u00fcrmemi\u015f, hi\u00e7 kimse onun kadar \u00e7e\u015fitli d\u00fc\u015fmanlar\u0131 tek bir seferde alt etmemi\u015fti. Hi\u00e7bir komutan da merkezinden neredeyse yedi bin kilometre \u00f6tede, ba\u015f\u0131nda \u00fclkesini savunan bir kral\u0131n bulundu\u011fu orduyu imha etmemi\u015fti. Bunlar\u0131n hepsini tek bir ki\u015fi ba\u015fard\u0131: Batu. Dahas\u0131 Mo\u011fol tarihinde, merkezin d\u0131\u015f\u0131nda bir g\u00fc\u00e7 oda\u011f\u0131 olarak belirip bunu merkeze de kabul ettiren, b\u00f6ylelikle Cengiz Han zaman\u0131ndaki merkezi Mo\u011fol \u0130mparatorlu\u011fu fikrini de\u011fi\u015ftirerek devlette yap\u0131sal bir de\u011fi\u015fime neden olan ki\u015fi de Batu olacakt\u0131. Ya\u015fam ile \u00f6l\u00fcm, zafer ile yok olu\u015f aras\u0131ndaki ince \u00e7izgiden \u00e7ok defa ge\u00e7mi\u015f olan Batu\u2019nun 1248\u2019de, Cengiz\u2019in soyundan gelen pek \u00e7ok ki\u015fi taraf\u0131ndan dedesinin taht\u0131na davet edilmesine kar\u015f\u0131n bunu reddederek M\u00f6ngke\u2019yi ka\u011fan ilan ettirmesi ise o g\u00fcn oldu\u011fu gibi bug\u00fcn de \u00e7o\u011fu kimseyi \u015fa\u015fk\u0131nl\u0131\u011fa u\u011frat\u0131yor. T\u0131pk\u0131 art\u0131k kendisine direnebilecek hi\u00e7bir g\u00fcc\u00fcn kalmad\u0131\u011f\u0131 bir s\u0131rada Avrupa seferini sona erdirmesi ile ilgili oldu\u011fu gibi. Altay Tayfun \u00d6zcan bu eserinde Mo\u011fol tarihinin en iyi komutanlar\u0131ndan birisi olmas\u0131n\u0131n \u00f6tesinde d\u00f6nemin siyasetini en iyi \u015fekilde okuyan ve hanedan ic\u0327erisindeki diplomatik satranc\u0131n her bir karesinde mu\u0308this\u0327 bir u\u0308stu\u0308nlu\u0308k kuran Batu\u2019nun ya\u015fam ser\u00fcvenini okura sunuyor. Ayn\u0131 zamanda, tek bir b\u00fct\u00fcn olarak g\u00f6rmeye al\u0131\u015ft\u0131\u011f\u0131m\u0131z Mo\u011fol \u0130mparatorlu\u011fu i\u00e7erisinde Cengiz Han\u2019\u0131n soyundan gelenler aras\u0131nda d\u00fc\u015fmanl\u0131k ve dostluklarla geli\u015fen g\u00fc\u00e7 ili\u015fkilerini analiz ediyor ve b\u00f6ylelikle Mo\u011fol \u0130mparatorlu\u011fu madalyonunun di\u011fer y\u00fcz\u00fcn\u00fc g\u00f6steriyor. <\/p>\n","protected":false},"excerpt":{"rendered":"<p>Cengiz Han\u2019\u0131n Bat\u0131daki Miras\u00e7\u0131s\u0131 Yenilmez Mo\u011fol miti Cengiz ile ba\u015flasa da bunu peki\u015ftiren kimselerin ba\u015f\u0131nda Batu geliyor. Hatta, Cengiz\u2019in soyundan gelenler aras\u0131nda onun askerlik yeteneklerini as\u0131l<span class=\"excerpt-hellip\"> [\u2026]<\/span><\/p>\n","protected":false},"featured_media":0,"template":"","meta":{"_monsterinsights_skip_tracking":false,"_monsterinsights_sitenote_active":false,"_monsterinsights_sitenote_note":"","_monsterinsights_sitenote_category":0},"product_brand":[],"product_cat":[13946,12304],"product_tag":[],"class_list":{"0":"post-763932","1":"product","2":"type-product","3":"status-publish","5":"product_cat-biyografi-otobiyografi","6":"product_cat-tarih","7":"pa_cilt-ciltsiz","8":"pa_tur-kitap","9":"pa_yayinevi-kronik-kitap","10":"pa_yazar-altay-tayfun-ozcan","12":"first","13":"instock","14":"sale","15":"shipping-taxable","16":"purchasable","17":"product-type-simple"},"_links":{"self":[{"href":"https:\/\/roveyayinevi.com.tr\/index.php\/wp-json\/wp\/v2\/product\/763932","targetHints":{"allow":["GET"]}}],"collection":[{"href":"https:\/\/roveyayinevi.com.tr\/index.php\/wp-json\/wp\/v2\/product"}],"about":[{"href":"https:\/\/roveyayinevi.com.tr\/index.php\/wp-json\/wp\/v2\/types\/product"}],"wp:attachment":[{"href":"https:\/\/roveyayinevi.com.tr\/index.php\/wp-json\/wp\/v2\/media?parent=763932"}],"wp:term":[{"taxonomy":"product_brand","embeddable":true,"href":"https:\/\/roveyayinevi.com.tr\/index.php\/wp-json\/wp\/v2\/product_brand?post=763932"},{"taxonomy":"product_cat","embeddable":true,"href":"https:\/\/roveyayinevi.com.tr\/index.php\/wp-json\/wp\/v2\/product_cat?post=763932"},{"taxonomy":"product_tag","embeddable":true,"href":"https:\/\/roveyayinevi.com.tr\/index.php\/wp-json\/wp\/v2\/product_tag?post=763932"}],"curies":[{"name":"wp","href":"https:\/\/api.w.org\/{rel}","templated":true}]}}