{"id":763929,"date":"2025-08-28T10:56:15","date_gmt":"2025-08-28T07:56:15","guid":{"rendered":"https:\/\/roveyayinevi.com.tr\/index.php\/urun\/kural-cigneme-kurallari\/"},"modified":"2026-04-15T03:29:47","modified_gmt":"2026-04-15T00:29:47","slug":"kural-cigneme-kurallari","status":"publish","type":"product","link":"https:\/\/roveyayinevi.com.tr\/index.php\/urun\/kural-cigneme-kurallari\/","title":{"rendered":"Kural \u00c7i\u011fneme Kurallar\u0131"},"content":{"rendered":"<p>YOLCULUK KURALLARI (VE A\u015eK KURALLARI) \u00c7\u0130\u011eNENMEK \u0130\u00c7\u0130ND\u0130R.   161 kilometre, 5 \u00fcniversite, 1 romantik yolculuk\u2026.   Koreli-Amerikan iki gencin mecburen kat\u0131ld\u0131\u011f\u0131 bir gezide aralar\u0131ndaki ger\u00e7ek ba\u011f\u0131 ke\u015ffetmelerini konu edinen bu gen\u00e7 yeti\u015fkin roman\u0131, Booksmart ve Never Have I Ever sevenlere hitap ediyor.   Winter Park ve Bobby Bae, iki dost ailenin \u00e7ocuklar\u0131d\u0131r ve birbirlerinden \u00f6lesiye nefret etmektedir.   Winter, MIT\u2019ye gitmeyi d\u00fc\u015fleyen, insanlarla mesafeli olmaktan ho\u015flanan, g\u00f6rev ve sorumluluklar\u0131n\u0131 eksiksiz bir \u015fekilde yerine getiren fakat zaman zaman da biraz rahatlamay\u0131 arzu eden; Bobby ise m\u00fckemmeliyet\u00e7i, kayg\u0131l\u0131 ve risk almay\u0131 sevmeyen bir gen\u00e7tir.   Aileleri taraf\u0131ndan \u00fcniversite gezisine birlikte yollanan Winter ve Bobby, saatlerce ayn\u0131 arabada yolculuk etmemek i\u00e7in bahane bulsalar da bu yolculu\u011fa mecbur kalm\u0131\u015ft\u0131rlar. \u0130kisi de tek kural\u0131n kurals\u0131zl\u0131k oldu\u011fu bu yolculukta kendilerini ke\u015ffedeceklerinden habersizdir. Birbirlerine meydan okuyarak s\u0131n\u0131rlar\u0131n\u0131 zorlad\u0131klar\u0131 bu yolculuk, belki de birlikte ne kadar muhte\u015fem olduklar\u0131n\u0131 g\u00f6sterecektir.<\/p>\n","protected":false},"excerpt":{"rendered":"<p>YOLCULUK KURALLARI (VE A\u015eK KURALLARI) \u00c7\u0130\u011eNENMEK \u0130\u00c7\u0130ND\u0130R. 161 kilometre, 5 \u00fcniversite, 1 romantik yolculuk\u2026. Koreli-Amerikan iki gencin mecburen kat\u0131ld\u0131\u011f\u0131 bir gezide aralar\u0131ndaki ger\u00e7ek ba\u011f\u0131 ke\u015ffetmelerini konu<span class=\"excerpt-hellip\"> [\u2026]<\/span><\/p>\n","protected":false},"featured_media":0,"template":"","meta":{"_monsterinsights_skip_tracking":false,"_monsterinsights_sitenote_active":false,"_monsterinsights_sitenote_note":"","_monsterinsights_sitenote_category":0},"product_brand":[],"product_cat":[12291,12711],"product_tag":[],"class_list":{"0":"post-763929","1":"product","2":"type-product","3":"status-publish","5":"product_cat-edebiyat","6":"product_cat-roman-oyku","7":"pa_cilt-ciltsiz","8":"pa_tur-kitap","9":"pa_yayinevi-artemis-yayinlari","10":"pa_yazar-talia-tucker","12":"first","13":"instock","14":"sale","15":"shipping-taxable","16":"purchasable","17":"product-type-simple"},"_links":{"self":[{"href":"https:\/\/roveyayinevi.com.tr\/index.php\/wp-json\/wp\/v2\/product\/763929","targetHints":{"allow":["GET"]}}],"collection":[{"href":"https:\/\/roveyayinevi.com.tr\/index.php\/wp-json\/wp\/v2\/product"}],"about":[{"href":"https:\/\/roveyayinevi.com.tr\/index.php\/wp-json\/wp\/v2\/types\/product"}],"wp:attachment":[{"href":"https:\/\/roveyayinevi.com.tr\/index.php\/wp-json\/wp\/v2\/media?parent=763929"}],"wp:term":[{"taxonomy":"product_brand","embeddable":true,"href":"https:\/\/roveyayinevi.com.tr\/index.php\/wp-json\/wp\/v2\/product_brand?post=763929"},{"taxonomy":"product_cat","embeddable":true,"href":"https:\/\/roveyayinevi.com.tr\/index.php\/wp-json\/wp\/v2\/product_cat?post=763929"},{"taxonomy":"product_tag","embeddable":true,"href":"https:\/\/roveyayinevi.com.tr\/index.php\/wp-json\/wp\/v2\/product_tag?post=763929"}],"curies":[{"name":"wp","href":"https:\/\/api.w.org\/{rel}","templated":true}]}}