{"id":763928,"date":"2025-08-28T10:56:13","date_gmt":"2025-08-28T07:56:13","guid":{"rendered":"https:\/\/roveyayinevi.com.tr\/index.php\/urun\/besim-tibuk-asabi-bozuk-liberal\/"},"modified":"2026-04-15T03:29:47","modified_gmt":"2026-04-15T00:29:47","slug":"besim-tibuk-asabi-bozuk-liberal","status":"publish","type":"product","link":"https:\/\/roveyayinevi.com.tr\/index.php\/urun\/besim-tibuk-asabi-bozuk-liberal\/","title":{"rendered":"Besim Tibuk Asab\u0131 Bozuk Liberal"},"content":{"rendered":"<p>Besim  Tibuk biyografisinin ikinci kitab\u0131 olan Asab\u0131 Bozuk Liberal,1994 y\u0131l\u0131nda Liberal (Demokrat)Parti\u2019nin (LDP) kurulu\u015fundan bug\u00fcne,Tibuk\u2019un siyasi hayat\u0131na ve K\u0131br\u0131s\u2019taki yeni zamanlar\u0131na odaklan\u0131yor. \u2018\u2019Biz devleti y\u00f6netmeye talibiz,insanlar\u0131n kalbini ve beynini de\u011fil !\u2019\u2019 Diyerek siyasete at\u0131lan Besim Tibuk ve arkada\u015flar\u0131n\u0131n LDP maceras\u0131 bu kitapta,T\u00fcrk siyasetinin ya\u015fad\u0131\u011f\u0131 d\u00f6n\u00fc\u015f\u00fcmlerin perspektifinde ele al\u0131n\u0131yor.B\u00f6ylece,T\u00fcrkiye\u2019nin yak\u0131n tarihinde ya\u015fad\u0131\u011f\u0131 siyasi ve toplumsal k\u0131r\u0131lmalarda,Tibuk\u2019un durdu\u011fu yerin ne kadar de\u011ferli ve \u00f6zel oldu\u011fu da anla\u015f\u0131l\u0131yor. Sadece o mu ? \u2018\u2019Halka hizmet etmeyece\u011fiz.Devletin verdi\u011fi her hizmet ;kalitesiz,pahal\u0131 ve verimsizdir\u2019\u2019 gibi ezber bozan d\u00fc\u015f\u00fcnceleriyle T\u00fcrk siyasetinin \u2018\u2019en Liberal\u2019\u2019ismi olan Besim Tibuk,siyaset\u00e7i kimli\u011fi ile toplumda bekledi\u011fi kar\u015f\u0131l\u0131\u011f\u0131 bulamasa da,\u00f6ne s\u00fcrd\u00fc\u011f\u00fc hangi fikirlerle sonradan gelen iktidarlara ilham verdi ? Siyasette ya\u015fad\u0131\u011f\u0131 hayal k\u0131r\u0131kl\u0131\u011f\u0131n\u0131n ard\u0131ndan,politikay\u0131 b\u0131rak\u0131p NET Holding\u2019in d\u00fcmenine yeniden ge\u00e7en Tibuk\u2019un iflas etmek \u00fczere olan bir \u015firketi bug\u00fcn K\u0131br\u0131s\u2019\u0131n turizm devine nas\u0131l d\u00f6n\u00fc\u015ft\u00fcrd\u00fc ? \u2018\u2019H\u00fcrriyet t\u0131ls\u0131ml\u0131 bir kelimedir.Bitkileri ve \u00e7i\u00e7ekleri ;nas\u0131l ki g\u00fcne\u015f,toprak ve su geli\u015ftirirse,insanl\u0131\u011f\u0131 da h\u00fcrriyet geli\u015ftirir\u2019\u2019 diyen Besim Tibuk\u2019un K\u0131br\u0131s\u2019taki ya\u015fam\u0131,ona nas\u0131l ilham verdi ?Ge\u00e7mi\u015fteki baz\u0131 siyasi d\u00fc\u015f\u00fcncelerine dair,bug\u00fcn ya\u015fad\u0131\u011f\u0131 pi\u015fmanl\u0131klar\u0131n temelinde neler yat\u0131yor ?T\u00fcrkiye\u2019nin gelece\u011fine nas\u0131l bak\u0131yor ? Bu ve buna benzer b\u00fct\u00fcn sorular\u0131n cevab\u0131,Asab\u0131 Bozuk Liberal\u2019de veriliyor. Ger\u00e7ek Besim Tibuk\u2019la tan\u0131\u015fmaya haz\u0131r m\u0131s\u0131n\u0131z ? <\/p>\n","protected":false},"excerpt":{"rendered":"<p>Besim Tibuk biyografisinin ikinci kitab\u0131 olan Asab\u0131 Bozuk Liberal,1994 y\u0131l\u0131nda Liberal (Demokrat)Parti\u2019nin (LDP) kurulu\u015fundan bug\u00fcne,Tibuk\u2019un siyasi hayat\u0131na ve K\u0131br\u0131s\u2019taki yeni zamanlar\u0131na odaklan\u0131yor. \u2018\u2019Biz devleti y\u00f6netmeye talibiz,insanlar\u0131n<span class=\"excerpt-hellip\"> [\u2026]<\/span><\/p>\n","protected":false},"featured_media":0,"template":"","meta":{"_monsterinsights_skip_tracking":false,"_monsterinsights_sitenote_active":false,"_monsterinsights_sitenote_note":"","_monsterinsights_sitenote_category":0},"product_brand":[],"product_cat":[14009,12291],"product_tag":[],"class_list":{"0":"post-763928","1":"product","2":"type-product","3":"status-publish","5":"product_cat-biyografi-otobiyografi-edebiyat","6":"product_cat-edebiyat","7":"pa_cilt-ciltsiz","8":"pa_tur-kitap","9":"pa_yayinevi-net-cocuk-yayinlari","10":"pa_yazar-fatih-vural","12":"first","13":"instock","14":"sale","15":"shipping-taxable","16":"purchasable","17":"product-type-simple"},"_links":{"self":[{"href":"https:\/\/roveyayinevi.com.tr\/index.php\/wp-json\/wp\/v2\/product\/763928","targetHints":{"allow":["GET"]}}],"collection":[{"href":"https:\/\/roveyayinevi.com.tr\/index.php\/wp-json\/wp\/v2\/product"}],"about":[{"href":"https:\/\/roveyayinevi.com.tr\/index.php\/wp-json\/wp\/v2\/types\/product"}],"wp:attachment":[{"href":"https:\/\/roveyayinevi.com.tr\/index.php\/wp-json\/wp\/v2\/media?parent=763928"}],"wp:term":[{"taxonomy":"product_brand","embeddable":true,"href":"https:\/\/roveyayinevi.com.tr\/index.php\/wp-json\/wp\/v2\/product_brand?post=763928"},{"taxonomy":"product_cat","embeddable":true,"href":"https:\/\/roveyayinevi.com.tr\/index.php\/wp-json\/wp\/v2\/product_cat?post=763928"},{"taxonomy":"product_tag","embeddable":true,"href":"https:\/\/roveyayinevi.com.tr\/index.php\/wp-json\/wp\/v2\/product_tag?post=763928"}],"curies":[{"name":"wp","href":"https:\/\/api.w.org\/{rel}","templated":true}]}}