{"id":763927,"date":"2025-08-28T10:56:11","date_gmt":"2025-08-28T07:56:11","guid":{"rendered":"https:\/\/roveyayinevi.com.tr\/index.php\/urun\/adim-adim-resim-yapiyorum-sari\/"},"modified":"2026-04-15T03:29:47","modified_gmt":"2026-04-15T00:29:47","slug":"adim-adim-resim-yapiyorum-sari","status":"publish","type":"product","link":"https:\/\/roveyayinevi.com.tr\/index.php\/urun\/adim-adim-resim-yapiyorum-sari\/","title":{"rendered":"Ad\u0131m Ad\u0131m Resim Yap\u0131yorum &#8211; Sar\u0131"},"content":{"rendered":"<p>Resim yapmay\u0131 \u00f6\u011frenmenin en e\u011flenceli yolu. Bu kitap e\u011flenceli \u00e7izim teknikleri ile dolu. Resmi olu\u015fturmak i\u00e7in ad\u0131mlar\u0131 izle.Be\u011fenmedin mi ? Sil tekrar yap e\u011flenceyi katla.Sonunda harika bir resim yapm\u0131\u015f olacaks\u0131n. <\/p>\n","protected":false},"excerpt":{"rendered":"<p>Resim yapmay\u0131 \u00f6\u011frenmenin en e\u011flenceli yolu. Bu kitap e\u011flenceli \u00e7izim teknikleri ile dolu. Resmi olu\u015fturmak i\u00e7in ad\u0131mlar\u0131 izle.Be\u011fenmedin mi ? Sil tekrar yap e\u011flenceyi katla.Sonunda harika<span class=\"excerpt-hellip\"> [\u2026]<\/span><\/p>\n","protected":false},"featured_media":0,"template":"","meta":{"_monsterinsights_skip_tracking":false,"_monsterinsights_sitenote_active":false,"_monsterinsights_sitenote_note":"","_monsterinsights_sitenote_category":0},"product_brand":[],"product_cat":[12274],"product_tag":[],"class_list":{"0":"post-763927","1":"product","2":"type-product","3":"status-publish","5":"product_cat-cocuk-ve-genclik-kitaplari","6":"pa_cilt-ciltsiz","7":"pa_tur-kitap","8":"pa_yayinevi-net-cocuk-yayinlari","9":"pa_yazar-kolektif","11":"first","12":"instock","13":"sale","14":"shipping-taxable","15":"purchasable","16":"product-type-simple"},"_links":{"self":[{"href":"https:\/\/roveyayinevi.com.tr\/index.php\/wp-json\/wp\/v2\/product\/763927","targetHints":{"allow":["GET"]}}],"collection":[{"href":"https:\/\/roveyayinevi.com.tr\/index.php\/wp-json\/wp\/v2\/product"}],"about":[{"href":"https:\/\/roveyayinevi.com.tr\/index.php\/wp-json\/wp\/v2\/types\/product"}],"wp:attachment":[{"href":"https:\/\/roveyayinevi.com.tr\/index.php\/wp-json\/wp\/v2\/media?parent=763927"}],"wp:term":[{"taxonomy":"product_brand","embeddable":true,"href":"https:\/\/roveyayinevi.com.tr\/index.php\/wp-json\/wp\/v2\/product_brand?post=763927"},{"taxonomy":"product_cat","embeddable":true,"href":"https:\/\/roveyayinevi.com.tr\/index.php\/wp-json\/wp\/v2\/product_cat?post=763927"},{"taxonomy":"product_tag","embeddable":true,"href":"https:\/\/roveyayinevi.com.tr\/index.php\/wp-json\/wp\/v2\/product_tag?post=763927"}],"curies":[{"name":"wp","href":"https:\/\/api.w.org\/{rel}","templated":true}]}}