{"id":763924,"date":"2025-08-28T10:56:05","date_gmt":"2025-08-28T07:56:05","guid":{"rendered":"https:\/\/roveyayinevi.com.tr\/index.php\/urun\/kuma-daireler-cizen\/"},"modified":"2026-04-15T03:29:47","modified_gmt":"2026-04-15T00:29:47","slug":"kuma-daireler-cizen","status":"publish","type":"product","link":"https:\/\/roveyayinevi.com.tr\/index.php\/urun\/kuma-daireler-cizen\/","title":{"rendered":"Kuma Daireler \u00c7izen"},"content":{"rendered":"<p>K\u00f6pek ne olup bitti\u011fini anlamaktan vazge\u00e7mi\u015f gibi, sal\u0131narak kahvenin \u00f6n\u00fcnden ayr\u0131l\u0131p arabalar\u0131n aras\u0131ndan ge\u00e7erek yandaki soka\u011fa y\u00f6neldi. Telefon o s\u0131rada \u00e7alm\u0131\u015f olmal\u0131yd\u0131. Sar\u0131, \u0131slak kuyru\u011fun, kahvedeki y\u0131k\u0131k tiplerle nas\u0131l dese bir t\u00fcr ba\u011f, hatta bir simetri olu\u015fturdu\u011fu kesite bakarken. \u00c7antay\u0131 bir s\u00fcre kar\u0131\u015ft\u0131rd\u0131ktan sonra telefonu bulup a\u00e7t\u0131. \u201cTer\u00f6rle M\u00fccadele \u015eubesi\u2019nden ba\u015fkomiser Azmi,\u201d dedi telefondaki ses, \u201ck\u0131z\u0131n\u0131z burada, hemen gelmeniz gerekiyor.\u201d   Ay\u015feg\u00fcl Devecio\u011flu koleksiyonunun dokuzuncu kitab\u0131 Kuma Daireler \u00c7izen sars\u0131c\u0131, d\u00fc\u015f\u00fcnd\u00fcr\u00fcc\u00fc bir polisiye.   <\/p>\n","protected":false},"excerpt":{"rendered":"<p>K\u00f6pek ne olup bitti\u011fini anlamaktan vazge\u00e7mi\u015f gibi, sal\u0131narak kahvenin \u00f6n\u00fcnden ayr\u0131l\u0131p arabalar\u0131n aras\u0131ndan ge\u00e7erek yandaki soka\u011fa y\u00f6neldi. Telefon o s\u0131rada \u00e7alm\u0131\u015f olmal\u0131yd\u0131. Sar\u0131, \u0131slak kuyru\u011fun, kahvedeki<span class=\"excerpt-hellip\"> [\u2026]<\/span><\/p>\n","protected":false},"featured_media":0,"template":"","meta":{"_monsterinsights_skip_tracking":false,"_monsterinsights_sitenote_active":false,"_monsterinsights_sitenote_note":"","_monsterinsights_sitenote_category":0},"product_brand":[],"product_cat":[12291,12711],"product_tag":[],"class_list":{"0":"post-763924","1":"product","2":"type-product","3":"status-publish","5":"product_cat-edebiyat","6":"product_cat-roman-oyku","7":"pa_cilt-ciltsiz","8":"pa_tur-kitap","9":"pa_yayinevi-metis-yayinlari","10":"pa_yazar-aysegul-devecioglu","12":"first","13":"instock","14":"sale","15":"shipping-taxable","16":"purchasable","17":"product-type-simple"},"_links":{"self":[{"href":"https:\/\/roveyayinevi.com.tr\/index.php\/wp-json\/wp\/v2\/product\/763924","targetHints":{"allow":["GET"]}}],"collection":[{"href":"https:\/\/roveyayinevi.com.tr\/index.php\/wp-json\/wp\/v2\/product"}],"about":[{"href":"https:\/\/roveyayinevi.com.tr\/index.php\/wp-json\/wp\/v2\/types\/product"}],"wp:attachment":[{"href":"https:\/\/roveyayinevi.com.tr\/index.php\/wp-json\/wp\/v2\/media?parent=763924"}],"wp:term":[{"taxonomy":"product_brand","embeddable":true,"href":"https:\/\/roveyayinevi.com.tr\/index.php\/wp-json\/wp\/v2\/product_brand?post=763924"},{"taxonomy":"product_cat","embeddable":true,"href":"https:\/\/roveyayinevi.com.tr\/index.php\/wp-json\/wp\/v2\/product_cat?post=763924"},{"taxonomy":"product_tag","embeddable":true,"href":"https:\/\/roveyayinevi.com.tr\/index.php\/wp-json\/wp\/v2\/product_tag?post=763924"}],"curies":[{"name":"wp","href":"https:\/\/api.w.org\/{rel}","templated":true}]}}