{"id":763920,"date":"2025-08-28T10:55:59","date_gmt":"2025-08-28T07:55:59","guid":{"rendered":"https:\/\/roveyayinevi.com.tr\/index.php\/urun\/al-capone\/"},"modified":"2026-04-15T03:29:47","modified_gmt":"2026-04-15T00:29:47","slug":"al-capone","status":"publish","type":"product","link":"https:\/\/roveyayinevi.com.tr\/index.php\/urun\/al-capone\/","title":{"rendered":"Al Capone"},"content":{"rendered":"<p>Bizim ihtiyar Scarface sonunda demir parmakl\u0131klar ard\u0131nda&#8230; Simdi hesap vakti, servetinin degil su\u00e7lar\u0131n\u0131n hesab\u0131&#8230; Olanlar\u0131 hat\u0131rl\u0131yor ve hapishanede kendisini ziyarete gelen annesine anlat\u0131yor. Ancak iflah olmaz Capone, yine kendine hakim olam\u0131yor: d\u00fcr\u00fcst davranm\u0131yor ve ger\u00e7ekleri \u00e7arp\u0131t\u0131yor. Iste, t\u00fcm zamanlar\u0131n en b\u00fcy\u00fck gangsterinin ger\u00e7ek sahte hikayesi! <\/p>\n","protected":false},"excerpt":{"rendered":"<p>Bizim ihtiyar Scarface sonunda demir parmakl\u0131klar ard\u0131nda&#8230; Simdi hesap vakti, servetinin degil su\u00e7lar\u0131n\u0131n hesab\u0131&#8230; Olanlar\u0131 hat\u0131rl\u0131yor ve hapishanede kendisini ziyarete gelen annesine anlat\u0131yor. Ancak iflah olmaz<span class=\"excerpt-hellip\"> [\u2026]<\/span><\/p>\n","protected":false},"featured_media":0,"template":"","meta":{"_monsterinsights_skip_tracking":false,"_monsterinsights_sitenote_active":false,"_monsterinsights_sitenote_note":"","_monsterinsights_sitenote_category":0},"product_brand":[],"product_cat":[12416,12291],"product_tag":[],"class_list":{"0":"post-763920","1":"product","2":"type-product","3":"status-publish","5":"product_cat-cizgi-roman","6":"product_cat-edebiyat","7":"pa_cilt-ciltsiz","8":"pa_tur-kitap","9":"pa_yayinevi-kara-karga-yayinlari","10":"pa_yazar-s-meralli","12":"first","13":"instock","14":"sale","15":"shipping-taxable","16":"purchasable","17":"product-type-simple"},"_links":{"self":[{"href":"https:\/\/roveyayinevi.com.tr\/index.php\/wp-json\/wp\/v2\/product\/763920","targetHints":{"allow":["GET"]}}],"collection":[{"href":"https:\/\/roveyayinevi.com.tr\/index.php\/wp-json\/wp\/v2\/product"}],"about":[{"href":"https:\/\/roveyayinevi.com.tr\/index.php\/wp-json\/wp\/v2\/types\/product"}],"wp:attachment":[{"href":"https:\/\/roveyayinevi.com.tr\/index.php\/wp-json\/wp\/v2\/media?parent=763920"}],"wp:term":[{"taxonomy":"product_brand","embeddable":true,"href":"https:\/\/roveyayinevi.com.tr\/index.php\/wp-json\/wp\/v2\/product_brand?post=763920"},{"taxonomy":"product_cat","embeddable":true,"href":"https:\/\/roveyayinevi.com.tr\/index.php\/wp-json\/wp\/v2\/product_cat?post=763920"},{"taxonomy":"product_tag","embeddable":true,"href":"https:\/\/roveyayinevi.com.tr\/index.php\/wp-json\/wp\/v2\/product_tag?post=763920"}],"curies":[{"name":"wp","href":"https:\/\/api.w.org\/{rel}","templated":true}]}}