{"id":763918,"date":"2025-08-28T10:55:56","date_gmt":"2025-08-28T07:55:56","guid":{"rendered":"https:\/\/roveyayinevi.com.tr\/index.php\/urun\/beden-imgesi\/"},"modified":"2026-04-15T03:29:47","modified_gmt":"2026-04-15T00:29:47","slug":"beden-imgesi","status":"publish","type":"product","link":"https:\/\/roveyayinevi.com.tr\/index.php\/urun\/beden-imgesi\/","title":{"rendered":"Beden \u0130mgesi"},"content":{"rendered":"<p>Alg\u0131n\u0131z\u0131 de\u011fi\u015ftirin, ya\u015fam kalitenizi art\u0131r\u0131n!Aynaya bakt\u0131\u011f\u0131n\u0131zda kendinizi nas\u0131l hissediyorsunuz?G\u00f6r\u00fcn\u00fc\u015f\u00fcm\u00fcz, ki\u015fili\u011fimizi ne kadar yans\u0131t\u0131yor?Medyan\u0131n ve toplumun dayatt\u0131\u011f\u0131 g\u00fczellik standartlar\u0131 alg\u0131m\u0131z\u0131 nas\u0131l etkiliyor?Kad\u0131nlar ve erkekler olarak bedenimizi ger\u00e7ekten oldu\u011fu gibi kabul edebiliyor muyuz?D\u0131\u015f d\u00fcnyaya yans\u0131tt\u0131\u011f\u0131m\u0131z g\u00f6r\u00fcnt\u00fcm\u00fcz ile i\u00e7d\u00fcnyam\u0131zda hissetti\u011fimiz beden aras\u0131ndaki fark,modern toplumun en b\u00fcy\u00fck ikilemlerinden biri haline geldi.Anjelika \u015eim\u015fek&#8217;in kaleme ald\u0131\u011f\u0131 Beden \u0130mgesi bu sorular\u0131 ve daha fazlas\u0131n\u0131 mercek alt\u0131naalarak beden alg\u0131s\u0131n\u0131n derinliklerine iniyor. Bireylerin kendi bedenlerine dair alg\u0131lar\u0131n\u0131 nas\u0131l\u015fekillendirdiklerini ve bu alg\u0131lar\u0131n ruh sa\u011fl\u0131\u011f\u0131 \u00fczerindeki etkilerini detayland\u0131r\u0131yor. \u00d6zellikle sony\u0131llarda artan beden imgesi sorunlar\u0131na dikkat \u00e7ekerek bireylerin kendi i\u00e7sel deneyimlerinianlamalar\u0131na ve fark\u0131ndal\u0131k geli\u015ftirmelerine yard\u0131mc\u0131 olmay\u0131 ama\u00e7l\u0131yor.Bedeninize bak\u0131\u015f a\u00e7\u0131n\u0131z\u0131 d\u00f6n\u00fc\u015ft\u00fcrmek ve kendinizi oldu\u011funuz gibi kabul etmek i\u00e7in bu yolculu\u011fahaz\u0131r m\u0131s\u0131n\u0131z?<\/p>\n","protected":false},"excerpt":{"rendered":"<p>Alg\u0131n\u0131z\u0131 de\u011fi\u015ftirin, ya\u015fam kalitenizi art\u0131r\u0131n!Aynaya bakt\u0131\u011f\u0131n\u0131zda kendinizi nas\u0131l hissediyorsunuz?G\u00f6r\u00fcn\u00fc\u015f\u00fcm\u00fcz, ki\u015fili\u011fimizi ne kadar yans\u0131t\u0131yor?Medyan\u0131n ve toplumun dayatt\u0131\u011f\u0131 g\u00fczellik standartlar\u0131 alg\u0131m\u0131z\u0131 nas\u0131l etkiliyor?Kad\u0131nlar ve erkekler olarak bedenimizi ger\u00e7ekten<span class=\"excerpt-hellip\"> [\u2026]<\/span><\/p>\n","protected":false},"featured_media":0,"template":"","meta":{"_monsterinsights_skip_tracking":false,"_monsterinsights_sitenote_active":false,"_monsterinsights_sitenote_note":"","_monsterinsights_sitenote_category":0},"product_brand":[],"product_cat":[12358,12357],"product_tag":[],"class_list":{"0":"post-763918","1":"product","2":"type-product","3":"status-publish","5":"product_cat-genel-psikoloji","6":"product_cat-psikoloji","7":"pa_cilt-ciltsiz","8":"pa_tur-kitap","9":"pa_yayinevi-destek-yayinlari","10":"pa_yazar-anjelika-simsek","12":"first","13":"instock","14":"sale","15":"shipping-taxable","16":"purchasable","17":"product-type-simple"},"_links":{"self":[{"href":"https:\/\/roveyayinevi.com.tr\/index.php\/wp-json\/wp\/v2\/product\/763918","targetHints":{"allow":["GET"]}}],"collection":[{"href":"https:\/\/roveyayinevi.com.tr\/index.php\/wp-json\/wp\/v2\/product"}],"about":[{"href":"https:\/\/roveyayinevi.com.tr\/index.php\/wp-json\/wp\/v2\/types\/product"}],"wp:attachment":[{"href":"https:\/\/roveyayinevi.com.tr\/index.php\/wp-json\/wp\/v2\/media?parent=763918"}],"wp:term":[{"taxonomy":"product_brand","embeddable":true,"href":"https:\/\/roveyayinevi.com.tr\/index.php\/wp-json\/wp\/v2\/product_brand?post=763918"},{"taxonomy":"product_cat","embeddable":true,"href":"https:\/\/roveyayinevi.com.tr\/index.php\/wp-json\/wp\/v2\/product_cat?post=763918"},{"taxonomy":"product_tag","embeddable":true,"href":"https:\/\/roveyayinevi.com.tr\/index.php\/wp-json\/wp\/v2\/product_tag?post=763918"}],"curies":[{"name":"wp","href":"https:\/\/api.w.org\/{rel}","templated":true}]}}