{"id":763915,"date":"2025-08-28T10:55:51","date_gmt":"2025-08-28T07:55:51","guid":{"rendered":"https:\/\/roveyayinevi.com.tr\/index.php\/urun\/birkac-kucuk-sir\/"},"modified":"2026-04-15T03:29:47","modified_gmt":"2026-04-15T00:29:47","slug":"birkac-kucuk-sir","status":"publish","type":"product","link":"https:\/\/roveyayinevi.com.tr\/index.php\/urun\/birkac-kucuk-sir\/","title":{"rendered":"Birka\u00e7 K\u00fc\u00e7\u00fck S\u0131r"},"content":{"rendered":"<p>Birka\u00e7 K\u00fc\u00e7\u00fck S\u0131r: Dayan\u0131kl\u0131l\u0131\u011f\u0131n \u0130n\u015fas\u0131 \u0130yi bir hayat kurabilmek i\u00e7in \u00f6nce esasl\u0131ca bir ya\u015famak gerekiyor. Dene-yan\u0131l, d\u00fc\u015f-kalk, ya\u015fam\u0131n kullanma k\u0131lavuzunu \u00f6\u011fren, e bir de kendini tan\u0131\u2026 Ge\u00e7ti en az 40 y\u0131l! Oysa ya\u015fayarak \u00f6\u011frenmenin gizli bir alternatifi var; ba\u015fkalar\u0131n\u0131n ger\u00e7ek deneyimleri! Ama i\u015fte insanlar ne kadar ba\u015far\u0131l\u0131 olduklar\u0131n\u0131 anlatmaya bay\u0131lsalar da bunun nas\u0131l oldu\u011funa     -ya da olamad\u0131\u011f\u0131na- pek de de\u011finmezler. Bu kitap, \u201cOldu tamam da\u2026 Nas\u0131l oldu bu?!\u201d diye soruyor. \u2018Birka\u00e7 K\u00fc\u00e7\u00fck S\u0131r: Dayan\u0131kl\u0131l\u0131\u011f\u0131n \u0130n\u015fas\u0131&#8217;nda, gazeteci I\u015f\u0131l Cinmen, kendisine ilham veren 35 ki\u015finin zihinlerine giriyor. Bu ki\u015filer, ya\u015famlar\u0131 ve duru\u015flar\u0131yla ses getirmi\u015f, zorluklardan daha dayan\u0131kl\u0131 \u00e7\u0131kmay\u0131 ba\u015farm\u0131\u015f, t\u00fcm engellere ra\u011fmen kendi potansiyellerini ger\u00e7ekle\u015ftirebilmi\u015f donan\u0131ml\u0131 beyinler. Cinmen, bu e\u015fsiz deneyimlerden yola \u00e7\u0131karak, herkesin hayat\u0131nda \u0131\u015f\u0131k tutacak bir pusula olu\u015fturuyor. Dayan\u0131kl\u0131l\u0131\u011fa giden yolun izini s\u00fcr\u00fcyor.   Bu hikayelerde b\u00fcy\u00fck s\u00f6zler yok, s\u00fcsl\u00fc c\u00fcmleler yok. Sadece ger\u00e7ekler var. Basit, g\u00fc\u00e7l\u00fc ve kendi hayat\u0131n\u0131za uyarlayabilece\u011finiz ger\u00e7ekler.\u0130HT\u0130YA\u00c7 ANINDA KAPA\u011eI A\u00c7INIZ! <\/p>\n","protected":false},"excerpt":{"rendered":"<p>Birka\u00e7 K\u00fc\u00e7\u00fck S\u0131r: Dayan\u0131kl\u0131l\u0131\u011f\u0131n \u0130n\u015fas\u0131 \u0130yi bir hayat kurabilmek i\u00e7in \u00f6nce esasl\u0131ca bir ya\u015famak gerekiyor. Dene-yan\u0131l, d\u00fc\u015f-kalk, ya\u015fam\u0131n kullanma k\u0131lavuzunu \u00f6\u011fren, e bir de kendini tan\u0131\u2026<span class=\"excerpt-hellip\"> [\u2026]<\/span><\/p>\n","protected":false},"featured_media":0,"template":"","meta":{"_monsterinsights_skip_tracking":false,"_monsterinsights_sitenote_active":false,"_monsterinsights_sitenote_note":"","_monsterinsights_sitenote_category":0},"product_brand":[],"product_cat":[12291,30969],"product_tag":[],"class_list":{"0":"post-763915","1":"product","2":"type-product","3":"status-publish","5":"product_cat-edebiyat","6":"product_cat-soylesi-edebiyat","7":"pa_cilt-ciltsiz","8":"pa_tur-kitap","9":"pa_yayinevi-destek-yayinlari","10":"pa_yazar-isil-cinmen","12":"first","13":"instock","14":"sale","15":"shipping-taxable","16":"purchasable","17":"product-type-simple"},"_links":{"self":[{"href":"https:\/\/roveyayinevi.com.tr\/index.php\/wp-json\/wp\/v2\/product\/763915","targetHints":{"allow":["GET"]}}],"collection":[{"href":"https:\/\/roveyayinevi.com.tr\/index.php\/wp-json\/wp\/v2\/product"}],"about":[{"href":"https:\/\/roveyayinevi.com.tr\/index.php\/wp-json\/wp\/v2\/types\/product"}],"wp:attachment":[{"href":"https:\/\/roveyayinevi.com.tr\/index.php\/wp-json\/wp\/v2\/media?parent=763915"}],"wp:term":[{"taxonomy":"product_brand","embeddable":true,"href":"https:\/\/roveyayinevi.com.tr\/index.php\/wp-json\/wp\/v2\/product_brand?post=763915"},{"taxonomy":"product_cat","embeddable":true,"href":"https:\/\/roveyayinevi.com.tr\/index.php\/wp-json\/wp\/v2\/product_cat?post=763915"},{"taxonomy":"product_tag","embeddable":true,"href":"https:\/\/roveyayinevi.com.tr\/index.php\/wp-json\/wp\/v2\/product_tag?post=763915"}],"curies":[{"name":"wp","href":"https:\/\/api.w.org\/{rel}","templated":true}]}}