{"id":763908,"date":"2025-08-28T10:55:39","date_gmt":"2025-08-28T07:55:39","guid":{"rendered":"https:\/\/roveyayinevi.com.tr\/index.php\/urun\/seninle-ictigim-sgara-2\/"},"modified":"2026-04-15T03:29:47","modified_gmt":"2026-04-15T00:29:47","slug":"seninle-ictigim-sgara-2","status":"publish","type":"product","link":"https:\/\/roveyayinevi.com.tr\/index.php\/urun\/seninle-ictigim-sgara-2\/","title":{"rendered":"Seninle \u0130\u00e7ti\u011fim S*gara -2"},"content":{"rendered":"<p>H\u0130K\u00c2YE \u0130yi ki s\u00f6ylemedim. Sasaki, hastanenin yanl\u0131\u015f te\u015fhis koydu\u011funu fark ettikten sonra Tayama ile geceleri, tuhaf ama bir o kadar da rahatlat\u0131c\u0131 sigara i\u00e7me seanslar\u0131na devam eder. Sasaki\u2019nin kafas\u0131n\u0131 da\u011f\u0131tmas\u0131n\u0131n tek yolu olan Yamada-San\u2019la aras\u0131ndaki mesafe de\u011fi\u015fmez. Ancak, S Market\u2019te yeni \u00e7al\u0131\u015fanlar\u0131n da ortaya \u00e7\u0131kmas\u0131yla Tayama ile olan ili\u015fkileri biraz de\u011fi\u015fmeye ba\u015flar. Gu\u0308nler ge\u00e7ip giderken, \u015fiddetli bir sa\u011fanak ya\u011fmur esnas\u0131nda tuhaf bir olay patlak verir. <\/p>\n","protected":false},"excerpt":{"rendered":"<p>H\u0130K\u00c2YE \u0130yi ki s\u00f6ylemedim. Sasaki, hastanenin yanl\u0131\u015f te\u015fhis koydu\u011funu fark ettikten sonra Tayama ile geceleri, tuhaf ama bir o kadar da rahatlat\u0131c\u0131 sigara i\u00e7me seanslar\u0131na devam<span class=\"excerpt-hellip\"> [\u2026]<\/span><\/p>\n","protected":false},"featured_media":0,"template":"","meta":{"_monsterinsights_skip_tracking":false,"_monsterinsights_sitenote_active":false,"_monsterinsights_sitenote_note":"","_monsterinsights_sitenote_category":0},"product_brand":[],"product_cat":[12416,12291],"product_tag":[],"class_list":{"0":"post-763908","1":"product","2":"type-product","3":"status-publish","5":"product_cat-cizgi-roman","6":"product_cat-edebiyat","7":"pa_cilt-ciltsiz","8":"pa_tur-kitap","9":"pa_yayinevi-athica-yayinlari","10":"pa_yazar-jinushi","12":"first","13":"instock","14":"sale","15":"shipping-taxable","16":"purchasable","17":"product-type-simple"},"_links":{"self":[{"href":"https:\/\/roveyayinevi.com.tr\/index.php\/wp-json\/wp\/v2\/product\/763908","targetHints":{"allow":["GET"]}}],"collection":[{"href":"https:\/\/roveyayinevi.com.tr\/index.php\/wp-json\/wp\/v2\/product"}],"about":[{"href":"https:\/\/roveyayinevi.com.tr\/index.php\/wp-json\/wp\/v2\/types\/product"}],"wp:attachment":[{"href":"https:\/\/roveyayinevi.com.tr\/index.php\/wp-json\/wp\/v2\/media?parent=763908"}],"wp:term":[{"taxonomy":"product_brand","embeddable":true,"href":"https:\/\/roveyayinevi.com.tr\/index.php\/wp-json\/wp\/v2\/product_brand?post=763908"},{"taxonomy":"product_cat","embeddable":true,"href":"https:\/\/roveyayinevi.com.tr\/index.php\/wp-json\/wp\/v2\/product_cat?post=763908"},{"taxonomy":"product_tag","embeddable":true,"href":"https:\/\/roveyayinevi.com.tr\/index.php\/wp-json\/wp\/v2\/product_tag?post=763908"}],"curies":[{"name":"wp","href":"https:\/\/api.w.org\/{rel}","templated":true}]}}