{"id":763906,"date":"2025-08-28T10:55:36","date_gmt":"2025-08-28T07:55:36","guid":{"rendered":"https:\/\/roveyayinevi.com.tr\/index.php\/urun\/kolestrol-gercegi\/"},"modified":"2026-04-15T03:29:47","modified_gmt":"2026-04-15T00:29:47","slug":"kolestrol-gercegi","status":"publish","type":"product","link":"https:\/\/roveyayinevi.com.tr\/index.php\/urun\/kolestrol-gercegi\/","title":{"rendered":"Kolestrol Ger\u00e7e\u011fi"},"content":{"rendered":"<p>Kalp damar hastal\u0131klar\u0131n\u0131 \u00f6nlemek i\u00e7in  sa\u011fl\u0131kl\u0131 ya\u015fam tarz\u0131na ge\u00e7in!   \u201cProf. Bozba\u015f kitab\u0131nda yaln\u0131z kolesterolle ilgili bilgi vermekle yetinmiyor. \u00c7a\u011f\u0131m\u0131z\u0131n en \u00f6ld\u00fcr\u00fcc\u00fc hastal\u0131\u011f\u0131 olan kalp krizinden nas\u0131l korunabiliriz sorusuna bilimsel verilere dayanarak ayr\u0131nt\u0131l\u0131 bir cevap veriyor.Bu hastal\u0131ktan yaln\u0131zdoktorun \u00e7abas\u0131yla korunulamayaca\u011f\u0131n\u0131, hastan\u0131n da sorumlulu\u011fu payla\u015f\u0131p bilim d\u0131\u015f\u0131 s\u00f6ylemlere kulak asmadan, sorunun temel neden ve nas\u0131llar\u0131n\u0131 \u00f6\u011frenip kendi derdine sahip \u00e7\u0131kmas\u0131 gerekti\u011fini vurguluyor. \u00d6nemli bir ihtiyac\u0131 kar\u015f\u0131layan,  toplum sa\u011fl\u0131\u011f\u0131na katk\u0131 sa\u011flayacak bir eser.\u201d Prof. Dr. E. Murat Tuzcu, Kardiyovask\u00fcler T\u0131p B\u00f6l\u00fcm Ba\u015fkan\u0131,  Cleveland Clinic, Abu Dhabi.    \u201cAnlatt\u0131\u011f\u0131 konuyu \u00e7ok iyi bilen, \u00f6n cephede sava\u015fan, sahadan bir  hekim ve akademisyen taraf\u0131ndan, kalp hastal\u0131klar\u0131, risk fakt\u00f6rleri, korunma y\u00f6ntemleri ile ilgili bilinmesi gereken her\u015feyin sade,anla\u015f\u0131labilir bir dille yaz\u0131ld\u0131\u011f\u0131 bir kitap bu. T\u00fcrk okurunun bilgi hazinesini \u00e7ok zenginle\u015ftirecektir.\u201d     Prof. Dr. Mehmet Emin Korkmaz,  G\u00fcven Hastanesi Kardiyoloji B\u00f6l\u00fcm\u00fc Ba\u015fkan\u0131, Ankara. \u201cKonu ile yak\u0131ndan ilgili hocam\u0131n bilimsel yay\u0131nlar\u0131 temel  alarak \u00f6zellikle herkesin anlayaca\u011f\u0131 dilden yazd\u0131\u011f\u0131 bu kitap, bu  konu ile ilgili kafa kar\u0131\u015f\u0131kl\u0131\u011f\u0131n\u0131 ortadan kald\u0131rmak i\u00e7in okunmas\u0131 gereken \u00e7ok de\u011ferli bir eser olmu\u015f\u201d.  Prof. Dr. \u0130rem Din\u00e7er, Ankara \u00dcniversitesi T\u0131p Fak\u00fcltesi,  Kardiyoloji Anabilim Dal\u0131 \u00d6\u011fretim \u00dcyesi, Ankara.   Kan ya\u011flar\u0131, kolesterol ve damar sertli\u011fi hakk\u0131nda ak\u0131llardaki pek \u00e7ok soruya kapsaml\u0131 yan\u0131tlar\u0131 kolay anla\u015f\u0131labilir bir bi\u00e7imde g\u00f6zler \u00f6n\u00fcne seren bu kitap vazge\u00e7ilmez bir ba\u015fvuru kayna\u011f\u0131 olacakt\u0131r\u201d.  Prof. Dr. Okan Onur Turgut, Cumhuriyet \u00dcniversitesi T\u0131p Fak\u00fcltesi,  Kardiyoloji Anabilim Dal\u0131 \u00d6\u011fretim \u00dcyesi, Sivas. <\/p>\n","protected":false},"excerpt":{"rendered":"<p>Kalp damar hastal\u0131klar\u0131n\u0131 \u00f6nlemek i\u00e7in sa\u011fl\u0131kl\u0131 ya\u015fam tarz\u0131na ge\u00e7in! \u201cProf. Bozba\u015f kitab\u0131nda yaln\u0131z kolesterolle ilgili bilgi vermekle yetinmiyor. \u00c7a\u011f\u0131m\u0131z\u0131n en \u00f6ld\u00fcr\u00fcc\u00fc hastal\u0131\u011f\u0131 olan kalp krizinden nas\u0131l<span class=\"excerpt-hellip\"> [\u2026]<\/span><\/p>\n","protected":false},"featured_media":0,"template":"","meta":{"_monsterinsights_skip_tracking":false,"_monsterinsights_sitenote_active":false,"_monsterinsights_sitenote_note":"","_monsterinsights_sitenote_category":0},"product_brand":[],"product_cat":[20313,13365],"product_tag":[],"class_list":{"0":"post-763906","1":"product","2":"type-product","3":"status-publish","5":"product_cat-basvuru-kitaplari-saglik","6":"product_cat-saglik","7":"pa_cilt-ciltsiz","8":"pa_tur-kitap","9":"pa_yayinevi-destek-yayinlari","10":"pa_yazar-huseyin-bozbas","12":"first","13":"instock","14":"sale","15":"shipping-taxable","16":"purchasable","17":"product-type-simple"},"_links":{"self":[{"href":"https:\/\/roveyayinevi.com.tr\/index.php\/wp-json\/wp\/v2\/product\/763906","targetHints":{"allow":["GET"]}}],"collection":[{"href":"https:\/\/roveyayinevi.com.tr\/index.php\/wp-json\/wp\/v2\/product"}],"about":[{"href":"https:\/\/roveyayinevi.com.tr\/index.php\/wp-json\/wp\/v2\/types\/product"}],"wp:attachment":[{"href":"https:\/\/roveyayinevi.com.tr\/index.php\/wp-json\/wp\/v2\/media?parent=763906"}],"wp:term":[{"taxonomy":"product_brand","embeddable":true,"href":"https:\/\/roveyayinevi.com.tr\/index.php\/wp-json\/wp\/v2\/product_brand?post=763906"},{"taxonomy":"product_cat","embeddable":true,"href":"https:\/\/roveyayinevi.com.tr\/index.php\/wp-json\/wp\/v2\/product_cat?post=763906"},{"taxonomy":"product_tag","embeddable":true,"href":"https:\/\/roveyayinevi.com.tr\/index.php\/wp-json\/wp\/v2\/product_tag?post=763906"}],"curies":[{"name":"wp","href":"https:\/\/api.w.org\/{rel}","templated":true}]}}