{"id":763905,"date":"2025-08-28T10:55:35","date_gmt":"2025-08-28T07:55:35","guid":{"rendered":"https:\/\/roveyayinevi.com.tr\/index.php\/urun\/incirlik-agaci\/"},"modified":"2026-04-15T03:29:47","modified_gmt":"2026-04-15T00:29:47","slug":"incirlik-agaci","status":"publish","type":"product","link":"https:\/\/roveyayinevi.com.tr\/index.php\/urun\/incirlik-agaci\/","title":{"rendered":"\u0130ncirlik A\u011fac\u0131"},"content":{"rendered":"<p>Herkes taraf\u0131ndan merak edilen \u0130ncirlik \u00fcss\u00fcne \u0131\u015f\u0131k tutan Orkun \u00d6zeller Komutan \u00fclkemizin en \u00f6nemli sorunlar\u0131ndan S\u0131\u011f\u0131nmac\u0131lar konusunu yapt\u0131\u011f\u0131 ara\u015ft\u0131rma ve incelemeler neticesinde ilgi \u00e7ekici bir \u015fekilde anlatm\u0131\u015f. \u0130ncirlik A\u011fac\u0131\u2019n\u0131n mutlaka okunmas\u0131 gerekti\u011fine inan\u0131yorum.Sayg\u0131 \u00d6zt\u00fcrk   Uzun y\u0131llar birlikte g\u00f6rev yapt\u0131\u011f\u0131m Orkun \u00d6zeller\u2019i milli duru\u015fundan, vatanseverli\u011finden \u015f\u00fcphe duymad\u0131\u011f\u0131m, ter\u00f6rle m\u00fccadelede cesaretine ve kahramanl\u0131\u011f\u0131na tan\u0131k oldu\u011fum, komutanl\u0131k yetenekleriyle temay\u00fcz etmi\u015f bir subay olarak tan\u0131d\u0131m. Kendisini \u0130ncirlik\u2019te g\u00f6revlendirdi\u011fim zaman, tarihi k\u0131r\u0131lma noktalar\u0131n\u0131n ya\u015fand\u0131\u011f\u0131 \u00e7ok kritik bir d\u00f6nemdi. Emperyalist emellere kar\u015f\u0131 milli menfaatlerimizden hi\u00e7bir taviz vermeden ba\u015far\u0131yla g\u00f6revini tamamlam\u0131\u015ft\u0131r.Kitapta bahsi ge\u00e7en konular\u0131n tan\u0131\u011f\u0131 olarak \u0130ncirlik A\u011fac\u0131 kitab\u0131n\u0131n \u00f6zellikle gen\u00e7 nesiller taraf\u0131ndan okunmas\u0131n\u0131 \u00f6nemli buluyorum.Zekai Aksakall\u0131Emekli Korgeneral   Orkun \u00d6zeller. Onu ilk defa bas\u0131ndan, \u0130ncirlik \u00dcss\u00fc\u2019nde kendisine takdim edilen ABD madalyas\u0131n\u0131 reddetmesiyle tan\u0131d\u0131m. Sonra da yak\u0131ndan tan\u0131ma f\u0131rsat\u0131 buldum.Bir sava\u015f\u00e7\u0131n\u0131n v\u00fccut bulmu\u015f hali olarak g\u00f6r\u00fcyorum onu.Hem \u0130ncirlik \u00dcss\u00fc\u2019nde, hem G\u00fcneydo\u011fu ve Kosova\u2019da ya\u015fad\u0131klar\u0131 \u00e7ok ilgi \u00e7ekici ve heyecanland\u0131r\u0131c\u0131.O, t\u00fcm T\u00fcrk askerlerine \u00f6rnek bir fig\u00fcr olarak, ya\u015fad\u0131klar\u0131n\u0131 kaleme alm\u0131\u015f!Bize de okumak d\u00fc\u015fer\u2026Manas\u2019\u0131n Babas\u0131Emekli J. Kur. Alb.Mustafa \u00d6nsel<\/p>\n","protected":false},"excerpt":{"rendered":"<p>Herkes taraf\u0131ndan merak edilen \u0130ncirlik \u00fcss\u00fcne \u0131\u015f\u0131k tutan Orkun \u00d6zeller Komutan \u00fclkemizin en \u00f6nemli sorunlar\u0131ndan S\u0131\u011f\u0131nmac\u0131lar konusunu yapt\u0131\u011f\u0131 ara\u015ft\u0131rma ve incelemeler neticesinde ilgi \u00e7ekici bir \u015fekilde<span class=\"excerpt-hellip\"> [\u2026]<\/span><\/p>\n","protected":false},"featured_media":0,"template":"","meta":{"_monsterinsights_skip_tracking":false,"_monsterinsights_sitenote_active":false,"_monsterinsights_sitenote_note":"","_monsterinsights_sitenote_category":0},"product_brand":[],"product_cat":[13590,12337],"product_tag":[],"class_list":{"0":"post-763905","1":"product","2":"type-product","3":"status-publish","5":"product_cat-arastirma-inceleme-politika-siyaset","6":"product_cat-politika-siyaset","7":"pa_cilt-ciltsiz","8":"pa_tur-kitap","9":"pa_yayinevi-nergiz-yayinlari","10":"pa_yazar-orkun-ozeller","12":"first","13":"instock","14":"sale","15":"shipping-taxable","16":"purchasable","17":"product-type-simple"},"_links":{"self":[{"href":"https:\/\/roveyayinevi.com.tr\/index.php\/wp-json\/wp\/v2\/product\/763905","targetHints":{"allow":["GET"]}}],"collection":[{"href":"https:\/\/roveyayinevi.com.tr\/index.php\/wp-json\/wp\/v2\/product"}],"about":[{"href":"https:\/\/roveyayinevi.com.tr\/index.php\/wp-json\/wp\/v2\/types\/product"}],"wp:attachment":[{"href":"https:\/\/roveyayinevi.com.tr\/index.php\/wp-json\/wp\/v2\/media?parent=763905"}],"wp:term":[{"taxonomy":"product_brand","embeddable":true,"href":"https:\/\/roveyayinevi.com.tr\/index.php\/wp-json\/wp\/v2\/product_brand?post=763905"},{"taxonomy":"product_cat","embeddable":true,"href":"https:\/\/roveyayinevi.com.tr\/index.php\/wp-json\/wp\/v2\/product_cat?post=763905"},{"taxonomy":"product_tag","embeddable":true,"href":"https:\/\/roveyayinevi.com.tr\/index.php\/wp-json\/wp\/v2\/product_tag?post=763905"}],"curies":[{"name":"wp","href":"https:\/\/api.w.org\/{rel}","templated":true}]}}