{"id":763903,"date":"2025-08-28T10:55:31","date_gmt":"2025-08-28T07:55:31","guid":{"rendered":"https:\/\/roveyayinevi.com.tr\/index.php\/urun\/cocuklara-mektuplar\/"},"modified":"2026-04-15T03:29:47","modified_gmt":"2026-04-15T00:29:47","slug":"cocuklara-mektuplar","status":"publish","type":"product","link":"https:\/\/roveyayinevi.com.tr\/index.php\/urun\/cocuklara-mektuplar\/","title":{"rendered":"\u00c7ocuklara Mektuplar"},"content":{"rendered":"<p>Macerac\u0131 k\u00f6pek Kara bir g\u00fcn en sevdi\u011fi ormana gider ama yapraklar solmu\u015f, hayvanlar kaybolmu\u015ftur.  Mevsimler uyuyakald\u0131\u011f\u0131 i\u00e7in yaz g\u00fcnleri uzad\u0131k\u00e7a uzam\u0131\u015ft\u0131r. Kara\u2019n\u0131n bir an \u00f6nce mevsimleri bulmas\u0131 ve iklim de\u011fi\u015fikli\u011fi denen bu sorunu \u00e7\u00f6zmesi gerek. \u00c7ocuklar\u0131n yard\u0131m\u0131yla d\u00fcnyay\u0131 ad\u0131m ad\u0131m iyile\u015ftirecekler&#8230; \u00c7ocuk \u015fark\u0131lar\u0131yla tan\u0131nan Banu Kan\u0131belli bu kitapta iklim de\u011fi\u015fikli\u011fini \u00e7ocuklara y\u00fcreklendirici ve yal\u0131n bir dille anlat\u0131yor. <\/p>\n","protected":false},"excerpt":{"rendered":"<p>Macerac\u0131 k\u00f6pek Kara bir g\u00fcn en sevdi\u011fi ormana gider ama yapraklar solmu\u015f, hayvanlar kaybolmu\u015ftur. Mevsimler uyuyakald\u0131\u011f\u0131 i\u00e7in yaz g\u00fcnleri uzad\u0131k\u00e7a uzam\u0131\u015ft\u0131r. Kara\u2019n\u0131n bir an \u00f6nce mevsimleri<span class=\"excerpt-hellip\"> [\u2026]<\/span><\/p>\n","protected":false},"featured_media":0,"template":"","meta":{"_monsterinsights_skip_tracking":false,"_monsterinsights_sitenote_active":false,"_monsterinsights_sitenote_note":"","_monsterinsights_sitenote_category":0},"product_brand":[],"product_cat":[12274,12284],"product_tag":[],"class_list":{"0":"post-763903","1":"product","2":"type-product","3":"status-publish","5":"product_cat-cocuk-ve-genclik-kitaplari","6":"product_cat-hikayeler","7":"pa_cilt-ciltsiz","8":"pa_tur-kitap","9":"pa_yayinevi-redhouse-kidz-yayinlari","10":"pa_yazar-banu-kanibelli","12":"first","13":"instock","14":"sale","15":"shipping-taxable","16":"purchasable","17":"product-type-simple"},"_links":{"self":[{"href":"https:\/\/roveyayinevi.com.tr\/index.php\/wp-json\/wp\/v2\/product\/763903","targetHints":{"allow":["GET"]}}],"collection":[{"href":"https:\/\/roveyayinevi.com.tr\/index.php\/wp-json\/wp\/v2\/product"}],"about":[{"href":"https:\/\/roveyayinevi.com.tr\/index.php\/wp-json\/wp\/v2\/types\/product"}],"wp:attachment":[{"href":"https:\/\/roveyayinevi.com.tr\/index.php\/wp-json\/wp\/v2\/media?parent=763903"}],"wp:term":[{"taxonomy":"product_brand","embeddable":true,"href":"https:\/\/roveyayinevi.com.tr\/index.php\/wp-json\/wp\/v2\/product_brand?post=763903"},{"taxonomy":"product_cat","embeddable":true,"href":"https:\/\/roveyayinevi.com.tr\/index.php\/wp-json\/wp\/v2\/product_cat?post=763903"},{"taxonomy":"product_tag","embeddable":true,"href":"https:\/\/roveyayinevi.com.tr\/index.php\/wp-json\/wp\/v2\/product_tag?post=763903"}],"curies":[{"name":"wp","href":"https:\/\/api.w.org\/{rel}","templated":true}]}}