{"id":763901,"date":"2025-08-28T10:55:28","date_gmt":"2025-08-28T07:55:28","guid":{"rendered":"https:\/\/roveyayinevi.com.tr\/index.php\/urun\/gunes-ile-tirmik\/"},"modified":"2026-04-15T03:29:46","modified_gmt":"2026-04-15T00:29:46","slug":"gunes-ile-tirmik","status":"publish","type":"product","link":"https:\/\/roveyayinevi.com.tr\/index.php\/urun\/gunes-ile-tirmik\/","title":{"rendered":"G\u00fcne\u015f \u0130le T\u0131rm\u0131k"},"content":{"rendered":"<p>G\u00fcne\u015f kedileri sevmezdi &#8211; \u00f6zellikle de huysuz T\u0131rm\u0131k\u2019\u0131. Babas\u0131n\u0131n bu haylaz kediyi niye sevdi\u011fini hi\u00e7 anlam\u0131yordu. Sonra bir g\u00fcn T\u0131rm\u0131k ortadan kayboldu ve her \u015fey de\u011fi\u015fti&#8230; \u00d6d\u00fcll\u00fc yazar Nicole Melleby\u2019den arkada\u015fl\u0131k, aile ve empatinin \u00f6nemini anlatan hareketli bir \u00f6yk\u00fc&#8230;<\/p>\n","protected":false},"excerpt":{"rendered":"<p>G\u00fcne\u015f kedileri sevmezdi &#8211; \u00f6zellikle de huysuz T\u0131rm\u0131k\u2019\u0131. Babas\u0131n\u0131n bu haylaz kediyi niye sevdi\u011fini hi\u00e7 anlam\u0131yordu. Sonra bir g\u00fcn T\u0131rm\u0131k ortadan kayboldu ve her \u015fey de\u011fi\u015fti&#8230;<span class=\"excerpt-hellip\"> [\u2026]<\/span><\/p>\n","protected":false},"featured_media":0,"template":"","meta":{"_monsterinsights_skip_tracking":false,"_monsterinsights_sitenote_active":false,"_monsterinsights_sitenote_note":"","_monsterinsights_sitenote_category":0},"product_brand":[],"product_cat":[12274,12518],"product_tag":[],"class_list":{"0":"post-763901","1":"product","2":"type-product","3":"status-publish","5":"product_cat-cocuk-ve-genclik-kitaplari","6":"product_cat-okul-oncesi-kitaplar","7":"pa_cilt-ciltsiz","8":"pa_tur-kitap","9":"pa_yayinevi-koc-universitesi-yayinlari","10":"pa_yazar-nicole-melleby","12":"first","13":"instock","14":"sale","15":"shipping-taxable","16":"purchasable","17":"product-type-simple"},"_links":{"self":[{"href":"https:\/\/roveyayinevi.com.tr\/index.php\/wp-json\/wp\/v2\/product\/763901","targetHints":{"allow":["GET"]}}],"collection":[{"href":"https:\/\/roveyayinevi.com.tr\/index.php\/wp-json\/wp\/v2\/product"}],"about":[{"href":"https:\/\/roveyayinevi.com.tr\/index.php\/wp-json\/wp\/v2\/types\/product"}],"wp:attachment":[{"href":"https:\/\/roveyayinevi.com.tr\/index.php\/wp-json\/wp\/v2\/media?parent=763901"}],"wp:term":[{"taxonomy":"product_brand","embeddable":true,"href":"https:\/\/roveyayinevi.com.tr\/index.php\/wp-json\/wp\/v2\/product_brand?post=763901"},{"taxonomy":"product_cat","embeddable":true,"href":"https:\/\/roveyayinevi.com.tr\/index.php\/wp-json\/wp\/v2\/product_cat?post=763901"},{"taxonomy":"product_tag","embeddable":true,"href":"https:\/\/roveyayinevi.com.tr\/index.php\/wp-json\/wp\/v2\/product_tag?post=763901"}],"curies":[{"name":"wp","href":"https:\/\/api.w.org\/{rel}","templated":true}]}}