{"id":763900,"date":"2025-08-28T10:55:27","date_gmt":"2025-08-28T07:55:27","guid":{"rendered":"https:\/\/roveyayinevi.com.tr\/index.php\/urun\/galenosa-orta-serhler\/"},"modified":"2026-04-15T03:29:46","modified_gmt":"2026-04-15T00:29:46","slug":"galenosa-orta-serhler","status":"publish","type":"product","link":"https:\/\/roveyayinevi.com.tr\/index.php\/urun\/galenosa-orta-serhler\/","title":{"rendered":"Galenos&#8217;a Orta \u015eerhler"},"content":{"rendered":"<p>Bilim tarihinde baz\u0131 isimler var ki onlar sadece tarihin bir kesitinde ya\u015fam\u0131\u015f birer isimden ibaret de\u011fil. Onlar as\u0131rlara damgas\u0131n\u0131 vurmu\u015f birer otorite olarak kabul g\u00f6rmu\u0308\u015flerdir. Orta \u00c7a\u011f felsefesinde Aristoteles, astronomisinde Ptolemaios, matemati\u011finde \u00d6klides, mekani\u011finde Archimedes ne ise t\u0131bb\u0131nda da Galenos odur. 2. yu\u0308zy\u0131l\u0131n en \u00f6nemli simas\u0131 Galenos, Orta \u00c7a\u011f t\u0131p paradigmas\u0131n\u0131 belirleyen ilk otoritedir. Modern t\u0131bb\u0131n te\u015fekku\u0308l etmeye ba\u015flad\u0131\u011f\u0131 evreye kadar onun hem Orta \u00c7a\u011f \u0130sl\u00e2m t\u0131p gelene\u011fini hem de Bat\u0131 Orta \u00c7a\u011f t\u0131p gelene\u011fini etkilemi\u015f hatta belirlemi\u015f oldu\u011fu a\u00e7\u0131kt\u0131r. Kurtubal\u0131 filozof ve hekim \u0130bn Ru\u0308\u015fd de t\u0131p sahas\u0131nda etkili isimlerden biridir. Kendisinden \u00f6nceki otoritelere kar\u015f\u0131 bu\u0308yu\u0308k bir kadir\u015finasl\u0131k duygusuna sahip olmakla birlikte s\u0131k\u0131 bir ele\u015ftirmendir. Onun hemen her eserinde rastlad\u0131\u011f\u0131m\u0131z ele\u015ftirel ve sorgulay\u0131c\u0131 y\u00f6nu\u0308 derin bir hayranl\u0131k uyand\u0131rmaktad\u0131r. \u0130ki b\u00f6lu\u0308mden ve baba-o\u011ful iki t\u0131p uzman\u0131n\u0131n yaz\u0131lar\u0131ndan olu\u015fan bu eserlerin birinci b\u00f6lu\u0308mu\u0308nu\u0308; \u0130bn Ru\u0308\u015fd\u2019u\u0308n, Galenos\u2019un Elementler, Miza\u00e7, Do\u011fal Yetiler, Hummalar, Hastal\u0131klar ve Semptomlar adl\u0131 eserleri u\u0308zerine orta \u015ferhleri olu\u015fturuyor. \u0130kinci b\u00f6lu\u0308mde ise \u0130bn Ru\u0308\u015fd\u2019u\u0308n miza\u00e7 s\u0131n\u0131flar\u0131, hummalarda n\u00f6bet ve yat\u0131\u015fma zaman\u0131, panzehir, sa\u011fl\u0131\u011f\u0131n korunmas\u0131na ili\u015fkin makaleleri ile Ebu Muhammed Abdullah\u2019\u0131n biri tedavi y\u00f6ntemini di\u011feri bilgi ve bilimin imk\u00e2n\u0131n\u0131 sorgulad\u0131\u011f\u0131 iki makalesi yer al\u0131yor. <\/p>\n","protected":false},"excerpt":{"rendered":"<p>Bilim tarihinde baz\u0131 isimler var ki onlar sadece tarihin bir kesitinde ya\u015fam\u0131\u015f birer isimden ibaret de\u011fil. Onlar as\u0131rlara damgas\u0131n\u0131 vurmu\u015f birer otorite olarak kabul g\u00f6rmu\u0308\u015flerdir. Orta<span class=\"excerpt-hellip\"> [\u2026]<\/span><\/p>\n","protected":false},"featured_media":0,"template":"","meta":{"_monsterinsights_skip_tracking":false,"_monsterinsights_sitenote_active":false,"_monsterinsights_sitenote_note":"","_monsterinsights_sitenote_category":0},"product_brand":[],"product_cat":[13005,38128],"product_tag":[],"class_list":{"0":"post-763900","1":"product","2":"type-product","3":"status-publish","5":"product_cat-bilim-muhendislik","6":"product_cat-tip-bilimleri","7":"pa_cilt-ciltsiz","8":"pa_tur-kitap","9":"pa_yayinevi-albaraka-yayinlari","10":"pa_yazar-ibn-rusd-ebu-muhammed-abdullah","12":"first","13":"instock","14":"sale","15":"shipping-taxable","16":"purchasable","17":"product-type-simple"},"_links":{"self":[{"href":"https:\/\/roveyayinevi.com.tr\/index.php\/wp-json\/wp\/v2\/product\/763900","targetHints":{"allow":["GET"]}}],"collection":[{"href":"https:\/\/roveyayinevi.com.tr\/index.php\/wp-json\/wp\/v2\/product"}],"about":[{"href":"https:\/\/roveyayinevi.com.tr\/index.php\/wp-json\/wp\/v2\/types\/product"}],"wp:attachment":[{"href":"https:\/\/roveyayinevi.com.tr\/index.php\/wp-json\/wp\/v2\/media?parent=763900"}],"wp:term":[{"taxonomy":"product_brand","embeddable":true,"href":"https:\/\/roveyayinevi.com.tr\/index.php\/wp-json\/wp\/v2\/product_brand?post=763900"},{"taxonomy":"product_cat","embeddable":true,"href":"https:\/\/roveyayinevi.com.tr\/index.php\/wp-json\/wp\/v2\/product_cat?post=763900"},{"taxonomy":"product_tag","embeddable":true,"href":"https:\/\/roveyayinevi.com.tr\/index.php\/wp-json\/wp\/v2\/product_tag?post=763900"}],"curies":[{"name":"wp","href":"https:\/\/api.w.org\/{rel}","templated":true}]}}