{"id":763899,"date":"2025-08-28T10:55:26","date_gmt":"2025-08-28T07:55:26","guid":{"rendered":"https:\/\/roveyayinevi.com.tr\/index.php\/urun\/40-levha-40-yorum\/"},"modified":"2026-04-15T03:29:46","modified_gmt":"2026-04-15T00:29:46","slug":"40-levha-40-yorum","status":"publish","type":"product","link":"https:\/\/roveyayinevi.com.tr\/index.php\/urun\/40-levha-40-yorum\/","title":{"rendered":"40 Levha 40 Yorum"},"content":{"rendered":"<p>Prof. Dr. Mehmet Demirci\u2019nin haz\u0131rlad\u0131g\u0306\u0131 40 Levha 40 Yorum, hat levhalar\u0131ndaki kelimeleri mercek alt\u0131na almakta ve levhalardaki kelimelerin, ifadelerin ac\u0327\u0131klamas\u0131n\u0131 yapmakt\u0131r. 40 levha metninin konu edildig\u0306i bu c\u0327al\u0131s\u0327mada, hat eserlerinde yer alan kelimeler u\u0308zerinde, tefsir ve hadis kitaplar\u0131 kaynak al\u0131narak durulmaktad\u0131r. Ayr\u0131ca zaman zaman tasavvufi yorumlara da is\u0327aret edilmektedir. Bununla beraber yaz\u0131lar\u0131n ne anlatt\u0131g\u0306\u0131 ve bize neler hat\u0131rlatt\u0131g\u0306\u0131 irdelenmektedir.Bu eser; hatla mes\u0327gul olanlar\u0131n ilgisini c\u0327ekecek, eski harflerimizi tan\u0131yanlar\u0131n levha metinlerini c\u0327o\u0308zme gayretine yol ac\u0327acak, hic\u0327 bilmeyenlerinse levhalara merak\u0131n\u0131 uyand\u0131racak ayr\u0131ca hat levhalar\u0131 hakk\u0131nda okura o\u0308nemli bilgiler sunacak o\u0308nemli bir kaynak nitelig\u0306i tas\u0327\u0131maktad\u0131r.<\/p>\n","protected":false},"excerpt":{"rendered":"<p>Prof. Dr. Mehmet Demirci\u2019nin haz\u0131rlad\u0131g\u0306\u0131 40 Levha 40 Yorum, hat levhalar\u0131ndaki kelimeleri mercek alt\u0131na almakta ve levhalardaki kelimelerin, ifadelerin ac\u0327\u0131klamas\u0131n\u0131 yapmakt\u0131r. 40 levha metninin konu edildig\u0306i<span class=\"excerpt-hellip\"> [\u2026]<\/span><\/p>\n","protected":false},"featured_media":0,"template":"","meta":{"_monsterinsights_skip_tracking":false,"_monsterinsights_sitenote_active":false,"_monsterinsights_sitenote_note":"","_monsterinsights_sitenote_category":0},"product_brand":[],"product_cat":[12408],"product_tag":[],"class_list":{"0":"post-763899","1":"product","2":"type-product","3":"status-publish","5":"product_cat-sanat","6":"pa_cilt-ciltsiz","7":"pa_tur-kitap","8":"pa_yayinevi-albaraka-yayinlari","9":"pa_yazar-mehmet-demirci","11":"first","12":"instock","13":"sale","14":"shipping-taxable","15":"purchasable","16":"product-type-simple"},"_links":{"self":[{"href":"https:\/\/roveyayinevi.com.tr\/index.php\/wp-json\/wp\/v2\/product\/763899","targetHints":{"allow":["GET"]}}],"collection":[{"href":"https:\/\/roveyayinevi.com.tr\/index.php\/wp-json\/wp\/v2\/product"}],"about":[{"href":"https:\/\/roveyayinevi.com.tr\/index.php\/wp-json\/wp\/v2\/types\/product"}],"wp:attachment":[{"href":"https:\/\/roveyayinevi.com.tr\/index.php\/wp-json\/wp\/v2\/media?parent=763899"}],"wp:term":[{"taxonomy":"product_brand","embeddable":true,"href":"https:\/\/roveyayinevi.com.tr\/index.php\/wp-json\/wp\/v2\/product_brand?post=763899"},{"taxonomy":"product_cat","embeddable":true,"href":"https:\/\/roveyayinevi.com.tr\/index.php\/wp-json\/wp\/v2\/product_cat?post=763899"},{"taxonomy":"product_tag","embeddable":true,"href":"https:\/\/roveyayinevi.com.tr\/index.php\/wp-json\/wp\/v2\/product_tag?post=763899"}],"curies":[{"name":"wp","href":"https:\/\/api.w.org\/{rel}","templated":true}]}}