{"id":763897,"date":"2025-08-28T10:55:22","date_gmt":"2025-08-28T07:55:22","guid":{"rendered":"https:\/\/roveyayinevi.com.tr\/index.php\/urun\/baslangictan-belagata-kuran-merkezli-arapca-dersleri-3\/"},"modified":"2026-04-15T03:29:46","modified_gmt":"2026-04-15T00:29:46","slug":"baslangictan-belagata-kuran-merkezli-arapca-dersleri-3","status":"publish","type":"product","link":"https:\/\/roveyayinevi.com.tr\/index.php\/urun\/baslangictan-belagata-kuran-merkezli-arapca-dersleri-3\/","title":{"rendered":"Ba\u015flang\u0131\u00e7tan Belagata Kur\u2019an Merkezli Arap\u00e7a Dersleri 3"},"content":{"rendered":"<p>Bu kitap Kur\u2019\u00e2n sevdal\u0131s\u0131 ve kelime merakl\u0131s\u0131 herkes i\u00e7in zevkle okunacak son derece \u00f6zgu\u0308n ve benzeri olmayan bir kitapt\u0131r. Bunun i\u00e7in halk aras\u0131nda \u00e7ok okunan s\u00fbreleri se\u00e7tik. Hedefimiz Kur\u2019\u00e2n\u2019daki kelimelere Tu\u0308rk\u00e7e konu\u015fanlar olarak ne kadar a\u015fina oldu\u011fumuzu g\u00f6stermek oldu\u011fu i\u00e7in mu\u0308mku\u0308n oldu\u011fu \u00f6l\u00e7u\u0308de her kelimenin alt\u0131na \u00f6nce mealini, sonra da Tu\u0308rk\u00e7ede kullan\u0131lan \u015feklini yazd\u0131k. Manalar\u0131n tam olarak anla\u015f\u0131labilmesi i\u00e7in ayetlerin bulundu\u011fu sayfan\u0131n alt\u0131na a\u00e7\u0131klamalar\u0131yla birlikte toplu meal ekledik. Kelimenin k\u00f6ku\u0308nu\u0308 bulman\u0131n manaya daha kolay ula\u015fmaya vesile olaca\u011f\u0131n\u0131 du\u0308\u015fu\u0308nerek isim ve fiillerin k\u00f6klerini renklendirdik. B\u00f6lu\u0308m sonlar\u0131na ayetlerin hayata nas\u0131l uygulanabilece\u011fini g\u00f6steren notlarla nefis terbiyesi i\u00e7in yol g\u00f6steren ilaveler yapt\u0131k. Bu uygulama kitab\u0131yla birlikte herkes a\u00e7\u0131k\u00e7a g\u00f6recektir ki Kur\u2019\u00e2n\u2019la aram\u0131za giren engel kelime manalar\u0131 de\u011fil sadece bunlar\u0131n d\u00f6nu\u0308\u015fu\u0308m kurallar\u0131 ve gramerdir. Fatma Serap Karamollao\u011flu\u2019nun \u015fu ifadesi kitab\u0131 ve amac\u0131n\u0131 yans\u0131tmas\u0131 a\u00e7\u0131s\u0131ndan \u00e7ok \u00f6nemlidir: \u201cKur\u2019\u00e2n dili bizim i\u00e7in herhangi bir yabanc\u0131 dil gibi de\u011fildir. Hatta neredeyse Kur\u2019\u00e2n, eski bir Tu\u0308rk\u00e7e dilindedir.\u201d<\/p>\n","protected":false},"excerpt":{"rendered":"<p>Bu kitap Kur\u2019\u00e2n sevdal\u0131s\u0131 ve kelime merakl\u0131s\u0131 herkes i\u00e7in zevkle okunacak son derece \u00f6zgu\u0308n ve benzeri olmayan bir kitapt\u0131r. Bunun i\u00e7in halk aras\u0131nda \u00e7ok okunan s\u00fbreleri<span class=\"excerpt-hellip\"> [\u2026]<\/span><\/p>\n","protected":false},"featured_media":0,"template":"","meta":{"_monsterinsights_skip_tracking":false,"_monsterinsights_sitenote_active":false,"_monsterinsights_sitenote_note":"","_monsterinsights_sitenote_category":0},"product_brand":[],"product_cat":[12718,12719],"product_tag":[],"class_list":{"0":"post-763897","1":"product","2":"type-product","3":"status-publish","5":"product_cat-din","6":"product_cat-islam","7":"pa_cilt-ciltsiz","8":"pa_tur-kitap","9":"pa_yayinevi-albaraka-yayinlari","10":"pa_yazar-fatma-serap-karamollaoglu","12":"first","13":"instock","14":"sale","15":"shipping-taxable","16":"purchasable","17":"product-type-simple"},"_links":{"self":[{"href":"https:\/\/roveyayinevi.com.tr\/index.php\/wp-json\/wp\/v2\/product\/763897","targetHints":{"allow":["GET"]}}],"collection":[{"href":"https:\/\/roveyayinevi.com.tr\/index.php\/wp-json\/wp\/v2\/product"}],"about":[{"href":"https:\/\/roveyayinevi.com.tr\/index.php\/wp-json\/wp\/v2\/types\/product"}],"wp:attachment":[{"href":"https:\/\/roveyayinevi.com.tr\/index.php\/wp-json\/wp\/v2\/media?parent=763897"}],"wp:term":[{"taxonomy":"product_brand","embeddable":true,"href":"https:\/\/roveyayinevi.com.tr\/index.php\/wp-json\/wp\/v2\/product_brand?post=763897"},{"taxonomy":"product_cat","embeddable":true,"href":"https:\/\/roveyayinevi.com.tr\/index.php\/wp-json\/wp\/v2\/product_cat?post=763897"},{"taxonomy":"product_tag","embeddable":true,"href":"https:\/\/roveyayinevi.com.tr\/index.php\/wp-json\/wp\/v2\/product_tag?post=763897"}],"curies":[{"name":"wp","href":"https:\/\/api.w.org\/{rel}","templated":true}]}}