{"id":763895,"date":"2025-08-28T10:55:20","date_gmt":"2025-08-28T07:55:20","guid":{"rendered":"https:\/\/roveyayinevi.com.tr\/index.php\/urun\/memelilerin-yukselisi-ve-saltanati\/"},"modified":"2026-04-15T03:29:46","modified_gmt":"2026-04-15T00:29:46","slug":"memelilerin-yukselisi-ve-saltanati","status":"publish","type":"product","link":"https:\/\/roveyayinevi.com.tr\/index.php\/urun\/memelilerin-yukselisi-ve-saltanati\/","title":{"rendered":"Memelilerin Y\u00fckseli\u015fi ve Saltanat\u0131"},"content":{"rendered":"<p>Dinozorlar\u0131n G\u00f6lgesinden Bize Yeni Bir Tarih\u00e7e   D\u0131\u015f g\u00f6r\u00fcn\u00fc\u015f\u00fcm\u00fcz neden b\u00f6yle? Neden bu \u015fekilde b\u00fcy\u00fcyoruz? Neden s\u0131rt a\u011fr\u0131s\u0131 \u00e7ekiyoruz? Di\u015f\u00e7ilere neden kucak dolusu para veriyoruz? Neden D\u00fcnya hakk\u0131nda kafa yorabiliyoruz ve bu d\u00fc\u015f\u00fcnceler bizi neden duyguland\u0131r\u0131yor?   Her \u015fey 325 milyon y\u0131l \u00f6nce, ufak tefek, pullu yarat\u0131klar\u0131n bir f\u0131rt\u0131nada ya\u015fam alanlar\u0131ndan \u00f6teye savrulmas\u0131yla ba\u015flad\u0131. Felaketlerin ve tehlikelerin \u015fekil verdi\u011fi v\u00fccutlar\u0131 kimi zaman ko\u015fucular, kaz\u0131c\u0131lar, kimi zaman u\u00e7ucular, y\u00fcz\u00fcc\u00fcler \u00e7\u0131kard\u0131. Fare boyutunda filler, y\u00fcr\u00fcyen balinalar, dev armadillolar, Amerika savanas\u0131nda ko\u015fturan develer, gergedanlar ve daha niceleri&#8230;   Dinozorlar\u0131n dev ayaklar\u0131 alt\u0131nda ezilmeden, k\u00fcresel \u0131s\u0131nma dalgalar\u0131nda kavrulmadan, gerekti\u011finde sal \u00fczerinde okyanuslar\u0131 a\u015fan, buzullara, \u00e7\u00f6llere g\u00f6\u011f\u00fcs geren, tam \u00fc\u00e7 kitlesel yokolu\u015f atlatan, yok olduk\u00e7a k\u00fcllerinden do\u011fan bu hayvanlarla ne kadar gurur duysak az. \u00c7\u00fcnk\u00fc onlar\u0131n tarihi, bizim tarihimizdir. Bizlerin, yani memelilerin.   Paleontolojinin dinamik ismi Steve Brusatte, k\u0131talar ayr\u0131l\u0131p birle\u015firken iklimlerin cehennem\u00ee s\u0131caklardan buzul evrelere savruldu\u011fu bu d\u00fcnyada egemenliklerin ge\u00e7ici, yokolu\u015fun ka\u00e7\u0131n\u0131lmaz, uyum g\u00fcc\u00fcn\u00fcnse tek \u00e7\u00f6z\u00fcm oldu\u011funu g\u00f6steriyor. Tuhaf atalar\u0131m\u0131z\u0131n hik\u00e2yesi, evrimin kocaman beyinli kitap okurlar\u0131na d\u00f6n\u00fc\u015ft\u00fcrd\u00fc\u011f\u00fc bizlere, bu dayan\u0131kl\u0131l\u0131k destan\u0131n\u0131 s\u00fcrd\u00fcrmenin tek bir yolu oldu\u011funu da f\u0131s\u0131ld\u0131yor: Gezegenle i\u015fbirli\u011fi!   ABD\u2019li paleontolog Steve Brusatte, dinozorlar\u0131n evrimi alan\u0131ndaki \u00e7al\u0131\u015fmalar\u0131na Edinburgh \u00dcniversitesi\u2019nde devam ediyor.<\/p>\n","protected":false},"excerpt":{"rendered":"<p>Dinozorlar\u0131n G\u00f6lgesinden Bize Yeni Bir Tarih\u00e7e D\u0131\u015f g\u00f6r\u00fcn\u00fc\u015f\u00fcm\u00fcz neden b\u00f6yle? Neden bu \u015fekilde b\u00fcy\u00fcyoruz? Neden s\u0131rt a\u011fr\u0131s\u0131 \u00e7ekiyoruz? Di\u015f\u00e7ilere neden kucak dolusu para veriyoruz? Neden D\u00fcnya<span class=\"excerpt-hellip\"> [\u2026]<\/span><\/p>\n","protected":false},"featured_media":0,"template":"","meta":{"_monsterinsights_skip_tracking":false,"_monsterinsights_sitenote_active":false,"_monsterinsights_sitenote_note":"","_monsterinsights_sitenote_category":0},"product_brand":[],"product_cat":[12304],"product_tag":[],"class_list":{"0":"post-763895","1":"product","2":"type-product","3":"status-publish","5":"product_cat-tarih","6":"pa_cilt-ciltsiz","7":"pa_tur-kitap","8":"pa_yayinevi-koc-universitesi-yayinlari","9":"pa_yazar-steve-brusatte","11":"first","12":"instock","13":"sale","14":"shipping-taxable","15":"purchasable","16":"product-type-simple"},"_links":{"self":[{"href":"https:\/\/roveyayinevi.com.tr\/index.php\/wp-json\/wp\/v2\/product\/763895","targetHints":{"allow":["GET"]}}],"collection":[{"href":"https:\/\/roveyayinevi.com.tr\/index.php\/wp-json\/wp\/v2\/product"}],"about":[{"href":"https:\/\/roveyayinevi.com.tr\/index.php\/wp-json\/wp\/v2\/types\/product"}],"wp:attachment":[{"href":"https:\/\/roveyayinevi.com.tr\/index.php\/wp-json\/wp\/v2\/media?parent=763895"}],"wp:term":[{"taxonomy":"product_brand","embeddable":true,"href":"https:\/\/roveyayinevi.com.tr\/index.php\/wp-json\/wp\/v2\/product_brand?post=763895"},{"taxonomy":"product_cat","embeddable":true,"href":"https:\/\/roveyayinevi.com.tr\/index.php\/wp-json\/wp\/v2\/product_cat?post=763895"},{"taxonomy":"product_tag","embeddable":true,"href":"https:\/\/roveyayinevi.com.tr\/index.php\/wp-json\/wp\/v2\/product_tag?post=763895"}],"curies":[{"name":"wp","href":"https:\/\/api.w.org\/{rel}","templated":true}]}}