{"id":763894,"date":"2025-08-28T10:55:18","date_gmt":"2025-08-28T07:55:18","guid":{"rendered":"https:\/\/roveyayinevi.com.tr\/index.php\/urun\/batidan-once-dogu-dunya-duzenlerinin-yukselisi-ve-dususu\/"},"modified":"2026-04-12T03:21:21","modified_gmt":"2026-04-12T00:21:21","slug":"batidan-once-dogu-dunya-duzenlerinin-yukselisi-ve-dususu","status":"publish","type":"product","link":"https:\/\/roveyayinevi.com.tr\/index.php\/urun\/batidan-once-dogu-dunya-duzenlerinin-yukselisi-ve-dususu\/","title":{"rendered":"Bat\u0131\u2019dan \u00d6nce Do\u011fu D\u00fcnya D\u00fczenlerinin Y\u00fckseli\u015fi ve D\u00fc\u015f\u00fc\u015f\u00fc"},"content":{"rendered":"<p>\u201cBu kitab\u0131 yazarken iki amac\u0131m vard\u0131. Birincisi, Do\u011fulu bir bak\u0131\u015f a\u00e7\u0131s\u0131yla anla\u015f\u0131ld\u0131\u011f\u0131 \u015fekliyle, uluslararas\u0131 tarihin ve d\u00fcnya siyasetinin Avrupa merkezci olmayan bir versiyonunu yaratmak istedim&#8230; \u0130kinci(si)&#8230; Asya\u2019n\u0131n siyasi ve ekonomik dirili\u015fi ve Asya tarihyaz\u0131m\u0131n\u0131n yak\u0131n gelecekte sapabilece\u011fi \u00e7ok say\u0131da tehlikeli yol ortadayken, Asya tarihinin hi\u00e7bir \u2018ulus\u2019a, \u2018medeniyet\u2019e, \u2018\u0131rk\u2019a ya da \u2018din\u2019e ait olmayan bir anlat\u0131s\u0131n\u0131 sunmak istedim&#8230; Bat\u0131\u2019dan \u00d6nce 13. y\u00fczy\u0131lda Cengiz Han\u2019\u0131n \u0130mparatorlu\u011fuyla ba\u015fl\u0131yor ve o zamandan 17. y\u00fczy\u0131la kadarki uluslararas\u0131 ili\u015fkiler tarihini (ve bunun 19. y\u00fczy\u0131ldan g\u00fcn\u00fcm\u00fcze gelen modern uluslararas\u0131 d\u00fczendeki yans\u0131malar\u0131n\u0131) anlat\u0131yor. Bu d\u00f6nemde d\u00fcnyan\u0131n merkezi Bat\u0131 de\u011fil, Avrupa de\u011fil. D\u00fcnyan\u0131n d\u00fczeni Asya merkezli: Siyaset orada, ticaret orada, rekabet orada, refah orada. Bat\u0131, kitaptaki hik\u00e2yeye sonundan kat\u0131l\u0131yor. \u00c7\u00fcnk\u00fc en az\u0131ndan 16. y\u00fczy\u0131la kadar Avrupal\u0131lar hik\u00e2yenin \u00f6nemli akt\u00f6rleri hele ba\u015frol oyuncusu kesinlikle de\u011filler; o zamanki uluslararas\u0131 sistemin k\u0131y\u0131s\u0131nda bulunuyorlar&#8230; Modern uluslararas\u0131 d\u00fczenimizin 19. y\u00fczy\u0131lda ortaya \u00e7\u0131kmas\u0131n\u0131 m\u00fcmk\u00fcn k\u0131lan \u2018Bat\u0131\u2019n\u0131n Y\u00fckseli\u015fi\u2019ydi ve bu d\u00fczenin merkezindeki imtiyazl\u0131 koltukta son iki y\u00fczy\u0131ld\u0131r Avrupa\/Bat\u0131 oturuyor. Bu olgu g\u00fcncel siyasetimizi s\u00fcrekli olarak \u015fekillendirmekle kalmad\u0131, siyasi d\u00fcnya tarihi anlay\u0131\u015f\u0131m\u0131z\u0131, dolay\u0131s\u0131yla da uluslararas\u0131 politika kuramlar\u0131m\u0131z\u0131 \u00e7arp\u0131tt\u0131. Bir\u00e7oklar\u0131 de\u011fi\u015fmez bir bi\u00e7imde, hik\u00e2yenin sonunu bu tarihten geriye do\u011fru okudu&#8230; Kitapta anlat\u0131lan tarihin g\u00fcn\u00fcm\u00fczdeki izd\u00fc\u015f\u00fcm\u00fcne gelirsek\u2026Hi\u00e7bir d\u00fczen, zaman\u0131nda ne kadar kal\u0131c\u0131 g\u00f6z\u00fck\u00fcrse g\u00f6z\u00fcks\u00fcn, sonsuza kadar devam etmiyor\u201d. \u0130ngilizcesi Cambridge \u00dcniversitesi Yay\u0131nlar\u0131 taraf\u0131ndan 2022 Mart ay\u0131nda yay\u0131nlanan ve bug\u00fcne kadar \u00e7ok say\u0131da uluslaras\u0131 \u00f6d\u00fcl alan bu kitab\u0131 Renan Akman\u2019\u0131n T\u00fcrk\u00e7esiyle sizlere sunmaktan dolay\u0131 mutluyuz. Prof Dr. Ay\u015fe Zarakol, Cambridge \u00dcniversitesi Siyaset ve Uluslararas\u0131 \u00c7al\u0131\u015fmalar B\u00f6l\u00fcm\u00fc (POLIS) \u00d6\u011fretim \u00dcyesidir. Akademik \u00e7al\u0131\u015fmalar\u0131ndan dolay\u0131 Ko\u00e7 \u00dcniversitesi Rahmi M. Ko\u00e7 Bilim Madalyas\u0131\u2019na lay\u0131k g\u00f6r\u00fclen Zarakol, 2024\u2019te Avrupa Akademisi (Academia Europaea) ve \u0130ngiliz Akademisi\u2019ne (British Academy) se\u00e7ilmi\u015ftir.   \u2022ISA John Ruggie 2024 En \u0130yi Kitap \u00d6d\u00fcl\u00fc \u2022SSHA Allan Sharlin An\u0131s\u0131na 2023 En \u0130yi Kitap \u00d6d\u00fcl\u00fc \u2022ISA Northeast Yale H. Ferguson 2023 En \u0130yi Kitap \u00d6d\u00fcl\u00fc \u2022ISA Guicciardini 2023 En \u0130yi Tarih Kitab\u0131 \u00d6d\u00fcl\u00fc <\/p>\n","protected":false},"excerpt":{"rendered":"<p>\u201cBu kitab\u0131 yazarken iki amac\u0131m vard\u0131. Birincisi, Do\u011fulu bir bak\u0131\u015f a\u00e7\u0131s\u0131yla anla\u015f\u0131ld\u0131\u011f\u0131 \u015fekliyle, uluslararas\u0131 tarihin ve d\u00fcnya siyasetinin Avrupa merkezci olmayan bir versiyonunu yaratmak istedim&#8230; \u0130kinci(si)&#8230;<span class=\"excerpt-hellip\"> [\u2026]<\/span><\/p>\n","protected":false},"featured_media":0,"template":"","meta":{"_monsterinsights_skip_tracking":false,"_monsterinsights_sitenote_active":false,"_monsterinsights_sitenote_note":"","_monsterinsights_sitenote_category":0},"product_brand":[],"product_cat":[12304],"product_tag":[],"class_list":{"0":"post-763894","1":"product","2":"type-product","3":"status-publish","5":"product_cat-tarih","6":"pa_cilt-ciltsiz","7":"pa_tur-kitap","8":"pa_yayinevi-koc-universitesi-yayinlari","9":"pa_yazar-ayse-zarakol","11":"first","12":"instock","13":"sale","14":"shipping-taxable","15":"purchasable","16":"product-type-simple"},"_links":{"self":[{"href":"https:\/\/roveyayinevi.com.tr\/index.php\/wp-json\/wp\/v2\/product\/763894","targetHints":{"allow":["GET"]}}],"collection":[{"href":"https:\/\/roveyayinevi.com.tr\/index.php\/wp-json\/wp\/v2\/product"}],"about":[{"href":"https:\/\/roveyayinevi.com.tr\/index.php\/wp-json\/wp\/v2\/types\/product"}],"wp:attachment":[{"href":"https:\/\/roveyayinevi.com.tr\/index.php\/wp-json\/wp\/v2\/media?parent=763894"}],"wp:term":[{"taxonomy":"product_brand","embeddable":true,"href":"https:\/\/roveyayinevi.com.tr\/index.php\/wp-json\/wp\/v2\/product_brand?post=763894"},{"taxonomy":"product_cat","embeddable":true,"href":"https:\/\/roveyayinevi.com.tr\/index.php\/wp-json\/wp\/v2\/product_cat?post=763894"},{"taxonomy":"product_tag","embeddable":true,"href":"https:\/\/roveyayinevi.com.tr\/index.php\/wp-json\/wp\/v2\/product_tag?post=763894"}],"curies":[{"name":"wp","href":"https:\/\/api.w.org\/{rel}","templated":true}]}}