{"id":763892,"date":"2025-08-28T10:55:16","date_gmt":"2025-08-28T07:55:16","guid":{"rendered":"https:\/\/roveyayinevi.com.tr\/index.php\/urun\/kuramdan-uygulamaya-psikometrik-olcme-araci-gelistirme-kilavuzu\/"},"modified":"2026-04-15T03:29:46","modified_gmt":"2026-04-15T00:29:46","slug":"kuramdan-uygulamaya-psikometrik-olcme-araci-gelistirme-kilavuzu","status":"publish","type":"product","link":"https:\/\/roveyayinevi.com.tr\/index.php\/urun\/kuramdan-uygulamaya-psikometrik-olcme-araci-gelistirme-kilavuzu\/","title":{"rendered":"Kuramdan Uygulamaya Psikometrik \u00d6l\u00e7me Arac\u0131 Geli\u015ftirme K\u0131lavuzu"},"content":{"rendered":"<p>Renkli bask\u0131s\u0131yla okuyucu deneyimini zenginle\u015ftiren bu kitap, psikometrik \u00f6l\u00e7me ara\u00e7lar\u0131 geli\u015ftirmek isteyen ara\u015ft\u0131rmac\u0131lar i\u00e7in haz\u0131rlanm\u0131\u015f, pratik bir k\u0131lavuzdur. \u00d6l\u00e7ek geli\u015ftirme s\u00fcrecinin t\u00fcm a\u015famalar\u0131n\u0131, teoriden uygulamaya ad\u0131m ad\u0131m a\u00e7\u0131klayan bu k\u0131lavuz, ger\u00e7ek bir ara\u015ft\u0131rma \u00f6rne\u011fi \u00fczerinden sonu\u00e7lar\u0131n nas\u0131l yorumlanaca\u011f\u0131n\u0131 g\u00f6stermektedir. Bu k\u0131lavuz, \u00f6l\u00e7ek geli\u015ftirme s\u00fcrecinde kar\u015f\u0131la\u015fabilece\u011finiz zorluklar\u0131 a\u015fman\u0131za yard\u0131mc\u0131 olacakt\u0131r. Bu k\u0131lavuzda neler bulacaks\u0131n\u0131z? \u00d6l\u00e7ek geli\u015ftirmenin temel ilkeleri \u00b7         \u00d6l\u00e7ek geli\u015ftirme s\u00fcrecine ad\u0131m ad\u0131m rehberlik Madde yaz\u0131m\u0131 ve \u00f6l\u00e7ek tasar\u0131m\u0131 G\u00fcvenirlik ve ge\u00e7erlik analizleri Fakt\u00f6r analizi ve \u00f6l\u00e7ek yap\u0131s\u0131 \u00b7         Ger\u00e7ek bir uygulama \u00fczerinden sonu\u00e7lar\u0131n yorumlanmas\u0131 ve raporlanmas\u0131 \u00b7         Renkli tablo ve g\u00f6rsellerle net ve dikkat \u00e7ekici ipu\u00e7lar\u0131   E\u011fer siz de&#8230; Kendi \u00f6l\u00e7me arac\u0131n\u0131z\u0131 geli\u015ftirmek istiyorsan\u0131z, Geli\u015ftirdi\u011finiz \u00f6l\u00e7e\u011fi do\u011frulamak istiyorsan\u0131z, Psikometrik kavramlar\u0131 daha iyi anlamak istiyorsan\u0131z, Bu k\u0131lavuz tam size g\u00f6re! <\/p>\n","protected":false},"excerpt":{"rendered":"<p>Renkli bask\u0131s\u0131yla okuyucu deneyimini zenginle\u015ftiren bu kitap, psikometrik \u00f6l\u00e7me ara\u00e7lar\u0131 geli\u015ftirmek isteyen ara\u015ft\u0131rmac\u0131lar i\u00e7in haz\u0131rlanm\u0131\u015f, pratik bir k\u0131lavuzdur. \u00d6l\u00e7ek geli\u015ftirme s\u00fcrecinin t\u00fcm a\u015famalar\u0131n\u0131, teoriden uygulamaya ad\u0131m<span class=\"excerpt-hellip\"> [\u2026]<\/span><\/p>\n","protected":false},"featured_media":0,"template":"","meta":{"_monsterinsights_skip_tracking":false,"_monsterinsights_sitenote_active":false,"_monsterinsights_sitenote_note":"","_monsterinsights_sitenote_category":0},"product_brand":[],"product_cat":[12573,12566],"product_tag":[],"class_list":{"0":"post-763892","1":"product","2":"type-product","3":"status-publish","5":"product_cat-akademik-kitaplar","6":"product_cat-egitim","7":"pa_cilt-ciltsiz","8":"pa_tur-kitap","9":"pa_yayinevi-parantez-yayincilik","10":"pa_yazar-tulin-otbicer-acar","12":"first","13":"instock","14":"sale","15":"shipping-taxable","16":"purchasable","17":"product-type-simple"},"_links":{"self":[{"href":"https:\/\/roveyayinevi.com.tr\/index.php\/wp-json\/wp\/v2\/product\/763892","targetHints":{"allow":["GET"]}}],"collection":[{"href":"https:\/\/roveyayinevi.com.tr\/index.php\/wp-json\/wp\/v2\/product"}],"about":[{"href":"https:\/\/roveyayinevi.com.tr\/index.php\/wp-json\/wp\/v2\/types\/product"}],"wp:attachment":[{"href":"https:\/\/roveyayinevi.com.tr\/index.php\/wp-json\/wp\/v2\/media?parent=763892"}],"wp:term":[{"taxonomy":"product_brand","embeddable":true,"href":"https:\/\/roveyayinevi.com.tr\/index.php\/wp-json\/wp\/v2\/product_brand?post=763892"},{"taxonomy":"product_cat","embeddable":true,"href":"https:\/\/roveyayinevi.com.tr\/index.php\/wp-json\/wp\/v2\/product_cat?post=763892"},{"taxonomy":"product_tag","embeddable":true,"href":"https:\/\/roveyayinevi.com.tr\/index.php\/wp-json\/wp\/v2\/product_tag?post=763892"}],"curies":[{"name":"wp","href":"https:\/\/api.w.org\/{rel}","templated":true}]}}