{"id":763891,"date":"2025-08-28T10:55:14","date_gmt":"2025-08-28T07:55:14","guid":{"rendered":"https:\/\/roveyayinevi.com.tr\/index.php\/urun\/firtinali-tanridan-acili-kral-mursili\/"},"modified":"2026-04-15T03:29:46","modified_gmt":"2026-04-15T00:29:46","slug":"firtinali-tanridan-acili-kral-mursili","status":"publish","type":"product","link":"https:\/\/roveyayinevi.com.tr\/index.php\/urun\/firtinali-tanridan-acili-kral-mursili\/","title":{"rendered":"F\u0131rt\u0131nal\u0131 Tanr\u0131dan Ac\u0131l\u0131 Kral Mur\u015fili"},"content":{"rendered":"<p>Kitap dosyas\u0131nda kullanm\u0131\u015f oldu\u011funuz dilinizi \u00e7okbe\u011fendim. Herkesin s\u0131k\u0131lmadan okuyabilece\u011fi dille yaz\u0131lm\u0131\u015fve tarihi olaylar pek g\u00fczel kurgulanm\u0131\u015f. Okuyan herkesinbe\u011fenisini kazanabilecek nitelikte bir eser olmu\u015f.Prof. Dr. Ahmet \u00dcnal Dosyay\u0131 okudu\u011fumda muhte\u015fem bir eser buldum.Umar\u0131m k\u0131sa zamanda kitapla\u015f\u0131r. \u00c7ok te\u015fekk\u00fcrler&#8230;Sevgiler&#8230;Prof. Dr. \u0130lknur Ta\u015fHitit \u00dcniversitesi, Hititoloji Eski\u00e7a\u011f Tarih\u00e7isi Dosyan\u0131z\u0131 okudum Tarihi olaylar\u0131n \u00e7ok \u00e7arp\u0131c\u0131 bir dilleger\u00e7e\u011fe uygun olarak anlat\u0131lm\u0131\u015f oldu\u011funu g\u00f6rd\u00fcm.Bir an \u00f6nce kitapla\u015ft\u0131rman\u0131z dile\u011fiyle&#8230; Ba\u015far\u0131lar&#8230;Do\u00e7. Dr. \u00d6zlem Sir GavazA\u00dcDTC Fak\u00fcltesi Hititoloji Ana Bilim Dal\u0131 <\/p>\n","protected":false},"excerpt":{"rendered":"<p>Kitap dosyas\u0131nda kullanm\u0131\u015f oldu\u011funuz dilinizi \u00e7okbe\u011fendim. Herkesin s\u0131k\u0131lmadan okuyabilece\u011fi dille yaz\u0131lm\u0131\u015fve tarihi olaylar pek g\u00fczel kurgulanm\u0131\u015f. Okuyan herkesinbe\u011fenisini kazanabilecek nitelikte bir eser olmu\u015f.Prof. Dr. Ahmet \u00dcnal<span class=\"excerpt-hellip\"> [\u2026]<\/span><\/p>\n","protected":false},"featured_media":0,"template":"","meta":{"_monsterinsights_skip_tracking":false,"_monsterinsights_sitenote_active":false,"_monsterinsights_sitenote_note":"","_monsterinsights_sitenote_category":0},"product_brand":[],"product_cat":[12304],"product_tag":[],"class_list":{"0":"post-763891","1":"product","2":"type-product","3":"status-publish","5":"product_cat-tarih","6":"pa_cilt-ciltsiz","7":"pa_tur-kitap","8":"pa_yayinevi-bilgin-kultur-sanat","9":"pa_yazar-hasan-ipek","11":"first","12":"instock","13":"sale","14":"shipping-taxable","15":"purchasable","16":"product-type-simple"},"_links":{"self":[{"href":"https:\/\/roveyayinevi.com.tr\/index.php\/wp-json\/wp\/v2\/product\/763891","targetHints":{"allow":["GET"]}}],"collection":[{"href":"https:\/\/roveyayinevi.com.tr\/index.php\/wp-json\/wp\/v2\/product"}],"about":[{"href":"https:\/\/roveyayinevi.com.tr\/index.php\/wp-json\/wp\/v2\/types\/product"}],"wp:attachment":[{"href":"https:\/\/roveyayinevi.com.tr\/index.php\/wp-json\/wp\/v2\/media?parent=763891"}],"wp:term":[{"taxonomy":"product_brand","embeddable":true,"href":"https:\/\/roveyayinevi.com.tr\/index.php\/wp-json\/wp\/v2\/product_brand?post=763891"},{"taxonomy":"product_cat","embeddable":true,"href":"https:\/\/roveyayinevi.com.tr\/index.php\/wp-json\/wp\/v2\/product_cat?post=763891"},{"taxonomy":"product_tag","embeddable":true,"href":"https:\/\/roveyayinevi.com.tr\/index.php\/wp-json\/wp\/v2\/product_tag?post=763891"}],"curies":[{"name":"wp","href":"https:\/\/api.w.org\/{rel}","templated":true}]}}