{"id":763888,"date":"2025-08-28T10:55:08","date_gmt":"2025-08-28T07:55:08","guid":{"rendered":"https:\/\/roveyayinevi.com.tr\/index.php\/urun\/demans-bir-unutma-hikayesi\/"},"modified":"2026-04-08T03:26:09","modified_gmt":"2026-04-08T00:26:09","slug":"demans-bir-unutma-hikayesi","status":"publish","type":"product","link":"https:\/\/roveyayinevi.com.tr\/index.php\/urun\/demans-bir-unutma-hikayesi\/","title":{"rendered":"Demans: Bir Unutma Hikayesi"},"content":{"rendered":"<p>\u015eehirleraras\u0131 otob\u00fcs \u015fof\u00f6r\u00fc Muzaffer Dertli\u2019nin giderek artan unutkanl\u0131\u011f\u0131 gen\u00e7 bir \u00e7iftin \u00f6l\u00fcm\u00fcne yol a\u00e7t\u0131\u011f\u0131nda o ve ailesi i\u00e7in ya\u015fam tamamen de\u011fi\u015fir. R tipi cezaevinde cezas\u0131n\u0131 \u00e7ekerken hayat\u0131n\u0131n \u00f6nemli anlar\u0131n\u0131 ve sevdiklerini unutmaya ba\u015flad\u0131\u011f\u0131nda Muzaffer Dertli\u2019nin imdad\u0131na gen\u00e7 oda arkada\u015f\u0131 Feridun yeti\u015fir. Haf\u0131zas\u0131n\u0131n par\u00e7alar\u0131 aras\u0131nda kaybolan Muzaffer Dertli, onun sayesinde her g\u00fcn kim oldu\u011funu ve nereden geldi\u011fini hat\u0131rlamaya \u00e7al\u0131\u015f\u0131r. Bu zorlu s\u00fcre\u00e7te iki kader mahk\u00fbmunun en b\u00fcy\u00fck destek\u00e7isi ise Avukat Meltem\u2019dir. Hem babas\u0131na hem de onun gen\u00e7 arkada\u015f\u0131na yard\u0131m etmek i\u00e7in \u00e7abalayan gen\u00e7 avukat, bu zorlu yolculukta ailesini yeniden bir araya getirme m\u00fccadelesi verir. Ama demans\u0131n ac\u0131mas\u0131z etkileriyle ba\u015fa \u00e7\u0131kmak hi\u00e7 de kolay olmayacakt\u0131r. Demans: Bir Unutma Hik\u00e2yesi, insan haf\u0131zas\u0131n\u0131n k\u0131r\u0131lganl\u0131\u011f\u0131n\u0131 ve yitirilen an\u0131lar\u0131n b\u0131rakt\u0131\u011f\u0131 bo\u015flu\u011fu derin bir hassasiyetle ele al\u0131rken, hem hastan\u0131n hem de yak\u0131nlar\u0131n\u0131n ya\u015fad\u0131\u011f\u0131 zorluklar\u0131 g\u00f6zler \u00f6n\u00fcne seriyor. Ayn\u0131 zamanda aile ba\u011flar\u0131n\u0131n ve sevginin g\u00fcc\u00fcn\u00fc g\u00f6steren bu roman, her sayfas\u0131nda insan ruhunun derinliklerine dokunarak unutulmaz bir hik\u00e2ye sunuyor. <\/p>\n","protected":false},"excerpt":{"rendered":"<p>\u015eehirleraras\u0131 otob\u00fcs \u015fof\u00f6r\u00fc Muzaffer Dertli\u2019nin giderek artan unutkanl\u0131\u011f\u0131 gen\u00e7 bir \u00e7iftin \u00f6l\u00fcm\u00fcne yol a\u00e7t\u0131\u011f\u0131nda o ve ailesi i\u00e7in ya\u015fam tamamen de\u011fi\u015fir. R tipi cezaevinde cezas\u0131n\u0131 \u00e7ekerken<span class=\"excerpt-hellip\"> [\u2026]<\/span><\/p>\n","protected":false},"featured_media":0,"template":"","meta":{"_monsterinsights_skip_tracking":false,"_monsterinsights_sitenote_active":false,"_monsterinsights_sitenote_note":"","_monsterinsights_sitenote_category":0},"product_brand":[],"product_cat":[12291,12711],"product_tag":[],"class_list":{"0":"post-763888","1":"product","2":"type-product","3":"status-publish","5":"product_cat-edebiyat","6":"product_cat-roman-oyku","7":"pa_cilt-ciltsiz","8":"pa_tur-kitap","9":"pa_yayinevi-dogan-solibri-yayinlari","10":"pa_yazar-s-ulku-altundal-ercan","12":"first","13":"instock","14":"sale","15":"shipping-taxable","16":"purchasable","17":"product-type-simple"},"_links":{"self":[{"href":"https:\/\/roveyayinevi.com.tr\/index.php\/wp-json\/wp\/v2\/product\/763888","targetHints":{"allow":["GET"]}}],"collection":[{"href":"https:\/\/roveyayinevi.com.tr\/index.php\/wp-json\/wp\/v2\/product"}],"about":[{"href":"https:\/\/roveyayinevi.com.tr\/index.php\/wp-json\/wp\/v2\/types\/product"}],"wp:attachment":[{"href":"https:\/\/roveyayinevi.com.tr\/index.php\/wp-json\/wp\/v2\/media?parent=763888"}],"wp:term":[{"taxonomy":"product_brand","embeddable":true,"href":"https:\/\/roveyayinevi.com.tr\/index.php\/wp-json\/wp\/v2\/product_brand?post=763888"},{"taxonomy":"product_cat","embeddable":true,"href":"https:\/\/roveyayinevi.com.tr\/index.php\/wp-json\/wp\/v2\/product_cat?post=763888"},{"taxonomy":"product_tag","embeddable":true,"href":"https:\/\/roveyayinevi.com.tr\/index.php\/wp-json\/wp\/v2\/product_tag?post=763888"}],"curies":[{"name":"wp","href":"https:\/\/api.w.org\/{rel}","templated":true}]}}