{"id":763887,"date":"2025-08-28T10:55:07","date_gmt":"2025-08-28T07:55:07","guid":{"rendered":"https:\/\/roveyayinevi.com.tr\/index.php\/urun\/yemelik-siirler\/"},"modified":"2026-04-15T03:29:46","modified_gmt":"2026-04-15T00:29:46","slug":"yemelik-siirler","status":"publish","type":"product","link":"https:\/\/roveyayinevi.com.tr\/index.php\/urun\/yemelik-siirler\/","title":{"rendered":"Yemelik \u015eiirler"},"content":{"rendered":"<p>Afiyet Bal \u015eeker Olsun! Doymak de\u011fil tatmak i\u00e7in Bir oklava, bir hamurla Bir g\u00f6ky\u00fcz\u00fc a\u00e7mak i\u00e7in Bulut gibi bir f\u0131r\u0131nda \u00c7\u0131t\u0131r \u00e7\u0131t\u0131r pi\u015fmi\u015f bunlar Mis kokulu bu dizeler Senin, senin, senin i\u00e7in\u2026 <\/p>\n","protected":false},"excerpt":{"rendered":"<p>Afiyet Bal \u015eeker Olsun! Doymak de\u011fil tatmak i\u00e7in Bir oklava, bir hamurla Bir g\u00f6ky\u00fcz\u00fc a\u00e7mak i\u00e7in Bulut gibi bir f\u0131r\u0131nda \u00c7\u0131t\u0131r \u00e7\u0131t\u0131r pi\u015fmi\u015f bunlar Mis kokulu<span class=\"excerpt-hellip\"> [\u2026]<\/span><\/p>\n","protected":false},"featured_media":0,"template":"","meta":{"_monsterinsights_skip_tracking":false,"_monsterinsights_sitenote_active":false,"_monsterinsights_sitenote_note":"","_monsterinsights_sitenote_category":0},"product_brand":[],"product_cat":[35958],"product_tag":[],"class_list":{"0":"post-763887","1":"product","2":"type-product","3":"status-publish","5":"product_cat-siir-2","6":"pa_cilt-ciltsiz","7":"pa_tur-kitap","8":"pa_yayinevi-dogan-cocuk","9":"pa_yazar-ilgim-veryeri-alaca","11":"first","12":"instock","13":"sale","14":"shipping-taxable","15":"purchasable","16":"product-type-simple"},"_links":{"self":[{"href":"https:\/\/roveyayinevi.com.tr\/index.php\/wp-json\/wp\/v2\/product\/763887","targetHints":{"allow":["GET"]}}],"collection":[{"href":"https:\/\/roveyayinevi.com.tr\/index.php\/wp-json\/wp\/v2\/product"}],"about":[{"href":"https:\/\/roveyayinevi.com.tr\/index.php\/wp-json\/wp\/v2\/types\/product"}],"wp:attachment":[{"href":"https:\/\/roveyayinevi.com.tr\/index.php\/wp-json\/wp\/v2\/media?parent=763887"}],"wp:term":[{"taxonomy":"product_brand","embeddable":true,"href":"https:\/\/roveyayinevi.com.tr\/index.php\/wp-json\/wp\/v2\/product_brand?post=763887"},{"taxonomy":"product_cat","embeddable":true,"href":"https:\/\/roveyayinevi.com.tr\/index.php\/wp-json\/wp\/v2\/product_cat?post=763887"},{"taxonomy":"product_tag","embeddable":true,"href":"https:\/\/roveyayinevi.com.tr\/index.php\/wp-json\/wp\/v2\/product_tag?post=763887"}],"curies":[{"name":"wp","href":"https:\/\/api.w.org\/{rel}","templated":true}]}}