{"id":763886,"date":"2025-08-28T10:55:05","date_gmt":"2025-08-28T07:55:05","guid":{"rendered":"https:\/\/roveyayinevi.com.tr\/index.php\/urun\/goosebumps-3-ates-batakligi-kurt-adami\/"},"modified":"2026-04-15T03:29:46","modified_gmt":"2026-04-15T00:29:46","slug":"goosebumps-3-ates-batakligi-kurt-adami","status":"publish","type":"product","link":"https:\/\/roveyayinevi.com.tr\/index.php\/urun\/goosebumps-3-ates-batakligi-kurt-adami\/","title":{"rendered":"Goosebumps 3 -Ate\u015f Batakl\u0131\u011f\u0131 Kurt Adam\u0131"},"content":{"rendered":"<p>Ate\u015f Batakl\u0131\u011f\u0131\u2019nda tuhaf \u015feyler oluyordu. Her \u015fey, garip gece ulumalar\u0131yla ba\u015flad\u0131. Sonra par\u00e7alara ayr\u0131lm\u0131\u015f bir tav\u015fan g\u00f6r\u00fcld\u00fc. Herkes bunu Grady\u2019nin yeni k\u00f6pe\u011finden bildi. Ne de olsa, t\u0131pk\u0131 bir kurda benziyordu. Epey de vah\u015fi g\u00f6r\u00fcn\u00fcyordu. Ama Grady k\u00f6pe\u011finin s\u0131radan bir k\u00f6pek oldu\u011funu biliyordu. \u00dcstelik \u00e7o\u011fu k\u00f6pek aya kar\u015f\u0131 ulumaz ya da   gece yar\u0131s\u0131 ortadan kaybolmazd\u0131. Yoksa kaybolur muydu?  \u201cNe t\u00fcr bir yarat\u0131k b\u00f6yle bir \u00e7\u0131\u011fl\u0131k atar? diye sorard\u0131m i\u00e7imden. Ne kadar yak\u0131n\u0131mda? Neden sanki penceremin hemen d\u0131\u015f\u0131ndaym\u0131\u015f gibi geliyor? Ulumalar polis sirenleri gibi y\u00fckselip al\u00e7al\u0131yordu. H\u00fcz\u00fcnl\u00fc ya da kederli de\u011fildi. Tehdit ediciydi. \u00d6fkeliydi. Bana bir uyar\u0131 gibi geliyordu. Batakl\u0131ktan uzak durun. Buraya ait de\u011filsiniz.\u201d <\/p>\n","protected":false},"excerpt":{"rendered":"<p>Ate\u015f Batakl\u0131\u011f\u0131\u2019nda tuhaf \u015feyler oluyordu. Her \u015fey, garip gece ulumalar\u0131yla ba\u015flad\u0131. Sonra par\u00e7alara ayr\u0131lm\u0131\u015f bir tav\u015fan g\u00f6r\u00fcld\u00fc. Herkes bunu Grady\u2019nin yeni k\u00f6pe\u011finden bildi. Ne de olsa,<span class=\"excerpt-hellip\"> [\u2026]<\/span><\/p>\n","protected":false},"featured_media":0,"template":"","meta":{"_monsterinsights_skip_tracking":false,"_monsterinsights_sitenote_active":false,"_monsterinsights_sitenote_note":"","_monsterinsights_sitenote_category":0},"product_brand":[],"product_cat":[12274,12284],"product_tag":[],"class_list":{"0":"post-763886","1":"product","2":"type-product","3":"status-publish","5":"product_cat-cocuk-ve-genclik-kitaplari","6":"product_cat-hikayeler","7":"pa_cilt-ciltsiz","8":"pa_tur-kitap","9":"pa_yayinevi-x-libris","10":"pa_yazar-r-l-stine","12":"first","13":"instock","14":"sale","15":"shipping-taxable","16":"purchasable","17":"product-type-simple"},"_links":{"self":[{"href":"https:\/\/roveyayinevi.com.tr\/index.php\/wp-json\/wp\/v2\/product\/763886","targetHints":{"allow":["GET"]}}],"collection":[{"href":"https:\/\/roveyayinevi.com.tr\/index.php\/wp-json\/wp\/v2\/product"}],"about":[{"href":"https:\/\/roveyayinevi.com.tr\/index.php\/wp-json\/wp\/v2\/types\/product"}],"wp:attachment":[{"href":"https:\/\/roveyayinevi.com.tr\/index.php\/wp-json\/wp\/v2\/media?parent=763886"}],"wp:term":[{"taxonomy":"product_brand","embeddable":true,"href":"https:\/\/roveyayinevi.com.tr\/index.php\/wp-json\/wp\/v2\/product_brand?post=763886"},{"taxonomy":"product_cat","embeddable":true,"href":"https:\/\/roveyayinevi.com.tr\/index.php\/wp-json\/wp\/v2\/product_cat?post=763886"},{"taxonomy":"product_tag","embeddable":true,"href":"https:\/\/roveyayinevi.com.tr\/index.php\/wp-json\/wp\/v2\/product_tag?post=763886"}],"curies":[{"name":"wp","href":"https:\/\/api.w.org\/{rel}","templated":true}]}}