{"id":763885,"date":"2025-08-28T10:55:04","date_gmt":"2025-08-28T07:55:04","guid":{"rendered":"https:\/\/roveyayinevi.com.tr\/index.php\/urun\/nasil-daha-iyi-ve-guzel-bir-yasam-kurariz\/"},"modified":"2026-04-15T03:29:46","modified_gmt":"2026-04-15T00:29:46","slug":"nasil-daha-iyi-ve-guzel-bir-yasam-kurariz","status":"publish","type":"product","link":"https:\/\/roveyayinevi.com.tr\/index.php\/urun\/nasil-daha-iyi-ve-guzel-bir-yasam-kurariz\/","title":{"rendered":"Nas\u0131l Daha \u0130yi ve G\u00fczel Bir Ya\u015fam Kurar\u0131z?"},"content":{"rendered":"<p>\u201cHerhangi bir alandaki \u00fcst\u00fcnl\u00fck iddias\u0131, d\u00fcnyan\u0131n merkezi oldu\u011funu d\u00fc\u015f\u00fcnen insan i\u00e7in ge\u00e7erliydi. Oysa \u015fimdi nehrin, topra\u011f\u0131n, denizin, havan\u0131n, ku\u015fun, b\u00f6rt\u00fc b\u00f6ce\u011fin varl\u0131\u011f\u0131na ba\u011fl\u0131 oldu\u011fumuzu biliyoruz. Bu bilgiyi bir ya\u015fam bi\u00e7imine d\u00f6n\u00fc\u015ft\u00fcrd\u00fc\u011f\u00fcm\u00fczde yeni bir hayat uzanacak \u00f6n\u00fcm\u00fczde.\u201d   Pandemi bize yeni bir d\u00fcnyan\u0131n e\u015fi\u011finde oldu\u011fumuzu g\u00f6sterdi, deneyimledi\u011fimiz ama hen\u00fcz anlamland\u0131ramad\u0131\u011f\u0131m\u0131z bir d\u00fcnya\u2026 Oysa yeni bilim, bize bu d\u00fcnyan\u0131n ko\u015far ad\u0131mlarla geldi\u011fini haber veriyordu. Ya\u015fam\u0131n yap\u0131ta\u015f\u0131n\u0131n atom de\u011fil, enformasyon oldu\u011funu, evrendeki her \u015feyin i\u00e7inde bulundu\u011fu ba\u011flant\u0131sall\u0131k a\u011f\u0131yla var oldu\u011funu son y\u0131llarda ard\u0131 ard\u0131na Nobel alan n\u00f6robilim ve matematik alan\u0131ndaki \u00e7al\u0131\u015fmalar g\u00f6stermi\u015fti. \u0130nsan yaln\u0131z de\u011fildi, biricik de\u011fildi, \u00fcst\u00fcn de\u011fildi; insan evrende ya\u015fam i\u00e7in var olan canl\u0131lardan bir tanesiydi sadece. Bu anlay\u0131\u015f t\u00fcm\u00fcyle yeni bir \u00e7a\u011f\u0131n, hukukun, e\u011fitim sisteminin, de\u011ferler sisteminin habercisiydi.   Prof. Dr. T\u00fcrker K\u0131l\u0131\u00e7, Nas\u0131l Daha \u0130yi ve G\u00fczel Bir Ya\u015fam Kurar\u0131z? sorusunu n\u00f6robilimle yan\u0131tl\u0131yor ve bize yaln\u0131z kendimizi de\u011fil, \u00e7evremizi de d\u00f6n\u00fc\u015ft\u00fcrece\u011fimiz yeni bir perspektif \u00f6neriyor. D\u00fcnyaya her sabah ayn\u0131 heyecan, ayn\u0131 merakla bakmam\u0131z\u0131 sa\u011flayacak, g\u00fcndelik hayat\u0131 s\u00fcrprizsiz yavanl\u0131\u011f\u0131ndan kurtaracak bir perspektif. Ya\u015fama ve yaratmaya bor\u00e7lu oldu\u011funu d\u00fc\u015f\u00fcnen yediden yetmi\u015fe herkesin ba\u015fucu kitab\u0131. <\/p>\n","protected":false},"excerpt":{"rendered":"<p>\u201cHerhangi bir alandaki \u00fcst\u00fcnl\u00fck iddias\u0131, d\u00fcnyan\u0131n merkezi oldu\u011funu d\u00fc\u015f\u00fcnen insan i\u00e7in ge\u00e7erliydi. Oysa \u015fimdi nehrin, topra\u011f\u0131n, denizin, havan\u0131n, ku\u015fun, b\u00f6rt\u00fc b\u00f6ce\u011fin varl\u0131\u011f\u0131na ba\u011fl\u0131 oldu\u011fumuzu biliyoruz. Bu<span class=\"excerpt-hellip\"> [\u2026]<\/span><\/p>\n","protected":false},"featured_media":0,"template":"","meta":{"_monsterinsights_skip_tracking":false,"_monsterinsights_sitenote_active":false,"_monsterinsights_sitenote_note":"","_monsterinsights_sitenote_category":0},"product_brand":[],"product_cat":[13005,13006],"product_tag":[],"class_list":{"0":"post-763885","1":"product","2":"type-product","3":"status-publish","5":"product_cat-bilim-muhendislik","6":"product_cat-populer-bilim","7":"pa_cilt-ciltsiz","8":"pa_tur-kitap","9":"pa_yayinevi-dogan-kitap","10":"pa_yazar-turker-kilic","12":"first","13":"instock","14":"sale","15":"shipping-taxable","16":"purchasable","17":"product-type-simple"},"_links":{"self":[{"href":"https:\/\/roveyayinevi.com.tr\/index.php\/wp-json\/wp\/v2\/product\/763885","targetHints":{"allow":["GET"]}}],"collection":[{"href":"https:\/\/roveyayinevi.com.tr\/index.php\/wp-json\/wp\/v2\/product"}],"about":[{"href":"https:\/\/roveyayinevi.com.tr\/index.php\/wp-json\/wp\/v2\/types\/product"}],"wp:attachment":[{"href":"https:\/\/roveyayinevi.com.tr\/index.php\/wp-json\/wp\/v2\/media?parent=763885"}],"wp:term":[{"taxonomy":"product_brand","embeddable":true,"href":"https:\/\/roveyayinevi.com.tr\/index.php\/wp-json\/wp\/v2\/product_brand?post=763885"},{"taxonomy":"product_cat","embeddable":true,"href":"https:\/\/roveyayinevi.com.tr\/index.php\/wp-json\/wp\/v2\/product_cat?post=763885"},{"taxonomy":"product_tag","embeddable":true,"href":"https:\/\/roveyayinevi.com.tr\/index.php\/wp-json\/wp\/v2\/product_tag?post=763885"}],"curies":[{"name":"wp","href":"https:\/\/api.w.org\/{rel}","templated":true}]}}