{"id":763882,"date":"2025-08-28T10:54:58","date_gmt":"2025-08-28T07:54:58","guid":{"rendered":"https:\/\/roveyayinevi.com.tr\/index.php\/urun\/national-geographic-kids-okuma-serisi-seviye-3-patlama\/"},"modified":"2026-04-15T03:29:46","modified_gmt":"2026-04-15T00:29:46","slug":"national-geographic-kids-okuma-serisi-seviye-3-patlama","status":"publish","type":"product","link":"https:\/\/roveyayinevi.com.tr\/index.php\/urun\/national-geographic-kids-okuma-serisi-seviye-3-patlama\/","title":{"rendered":"National Geographic Kids Okuma Serisi Seviye 3 &#8211; Patlama"},"content":{"rendered":"<p>National Geographic Kids\u2019in en sevilen serisinin yeni Bilgi Kayna\u011f\u0131 kitaplar\u0131yla 100 e\u011flenceli bilgi size bekliyor. Yanarda\u011flar hakk\u0131nda size \u015fa\u015f\u0131rtacak ve b\u00fcy\u00fcleyecek bu 100 birbirinden ilgin\u00e7 bilgi, tamam\u0131 renkli National Geographic g\u00f6rselleriyle s\u00fcslendi. En b\u00fcy\u00fck patlamalar, tarihin ak\u0131\u015f\u0131n\u0131 de\u011fi\u015ftiren yanarda\u011flar, bir patlama s\u0131ras\u0131nda nas\u0131l g\u00fcvende kalabilece\u011finiz ve \u00e7ok daha fazlas\u0131yla ilgili \u00e7ocuklar\u0131n\u0131z\u0131n ya\u015flar\u0131na uygun bir \u015fekilde yaz\u0131lm\u0131\u015f bilgileri bu kitapta bulacaks\u0131n\u0131z. <\/p>\n","protected":false},"excerpt":{"rendered":"<p>National Geographic Kids\u2019in en sevilen serisinin yeni Bilgi Kayna\u011f\u0131 kitaplar\u0131yla 100 e\u011flenceli bilgi size bekliyor. Yanarda\u011flar hakk\u0131nda size \u015fa\u015f\u0131rtacak ve b\u00fcy\u00fcleyecek bu 100 birbirinden ilgin\u00e7 bilgi,<span class=\"excerpt-hellip\"> [\u2026]<\/span><\/p>\n","protected":false},"featured_media":0,"template":"","meta":{"_monsterinsights_skip_tracking":false,"_monsterinsights_sitenote_active":false,"_monsterinsights_sitenote_note":"","_monsterinsights_sitenote_category":0},"product_brand":[],"product_cat":[13829,12274],"product_tag":[],"class_list":{"0":"post-763882","1":"product","2":"type-product","3":"status-publish","5":"product_cat-bilimsel-kitaplar","6":"product_cat-cocuk-ve-genclik-kitaplari","7":"pa_cilt-ciltsiz","8":"pa_tur-kitap","9":"pa_yayinevi-beta-kids","10":"pa_yazar-joan-marie-galat","12":"first","13":"instock","14":"sale","15":"shipping-taxable","16":"purchasable","17":"product-type-simple"},"_links":{"self":[{"href":"https:\/\/roveyayinevi.com.tr\/index.php\/wp-json\/wp\/v2\/product\/763882","targetHints":{"allow":["GET"]}}],"collection":[{"href":"https:\/\/roveyayinevi.com.tr\/index.php\/wp-json\/wp\/v2\/product"}],"about":[{"href":"https:\/\/roveyayinevi.com.tr\/index.php\/wp-json\/wp\/v2\/types\/product"}],"wp:attachment":[{"href":"https:\/\/roveyayinevi.com.tr\/index.php\/wp-json\/wp\/v2\/media?parent=763882"}],"wp:term":[{"taxonomy":"product_brand","embeddable":true,"href":"https:\/\/roveyayinevi.com.tr\/index.php\/wp-json\/wp\/v2\/product_brand?post=763882"},{"taxonomy":"product_cat","embeddable":true,"href":"https:\/\/roveyayinevi.com.tr\/index.php\/wp-json\/wp\/v2\/product_cat?post=763882"},{"taxonomy":"product_tag","embeddable":true,"href":"https:\/\/roveyayinevi.com.tr\/index.php\/wp-json\/wp\/v2\/product_tag?post=763882"}],"curies":[{"name":"wp","href":"https:\/\/api.w.org\/{rel}","templated":true}]}}